{"id":739031,"date":"2025-08-28T00:02:52","date_gmt":"2025-08-27T21:02:52","guid":{"rendered":"https:\/\/roveyayinevi.com.tr\/index.php\/urun\/huseyin-rahmi-gurpinar-seti-6-kitap-takim\/"},"modified":"2026-04-16T02:49:23","modified_gmt":"2026-04-15T23:49:23","slug":"huseyin-rahmi-gurpinar-seti-6-kitap-takim","status":"publish","type":"product","link":"https:\/\/roveyayinevi.com.tr\/index.php\/urun\/huseyin-rahmi-gurpinar-seti-6-kitap-takim\/","title":{"rendered":"H\u00fcseyin Rahmi G\u00fcrp\u0131nar Seti  (6 Kitap Tak\u0131m)"},"content":{"rendered":"<p>Set i\u00e7indeki kitaplar: \u00b7         Gulyabani \u00b7         Kuyruklu Y\u0131ld\u0131z Alt\u0131nda Bir \u0130zdiva\u00e7 \u00b7         \u015e\u0131k \u00b7         Efsuncu Baba \u00b7         \u015e\u0131psevdi \u00b7         M\u00fcrebbiye T\u00fcrk edebiyat\u0131na bir\u00e7ok \u00f6nemli eser kazand\u0131ran, romanlar\u0131 g\u00fcn\u00fcm\u00fczde de de\u011ferini ve \u00f6zg\u00fcnl\u00fc\u011f\u00fcn\u00fc koruyan H\u00fcseyin Rahmi G\u00fcrp\u0131nar, toplumun \u00e7e\u015fitli s\u0131n\u0131f ve tabakalar\u0131na mensup ki\u015filerin belirli \u00f6zelliklerini ustal\u0131kla ortaya koyar, olaylar\u0131 abart\u0131l\u0131 olmayan bir g\u00fcld\u00fcr\u00fc ve anlat\u0131m rahatl\u0131\u011f\u0131yla okuyucuya sunar. H\u00fcseyin Rahmi G\u00fcrp\u0131nar\u2019\u0131n en be\u011fenilen yap\u0131tlar\u0131n\u0131 H\u00fcseyin Rahmi\u2019nin \u0130stanbul\u2019u dizisinde bir araya getirerek g\u00fcn\u00fcm\u00fcz T\u00fcrk\u00e7esiyle sunuyoruz. Se\u00e7kideki t\u00fcm yap\u0131tlar \u0130stanbul\u2019un sokaklar\u0131na a\u00e7\u0131l\u0131yor. Beyo\u011flu, Aksaray, \u00dcsk\u00fcdar, Haydarpa\u015fa, Erenk\u00f6y derken H\u00fcseyin Rahmi\u2019yle birlikte \u0130stanbul\u2019u sokak sokak gezmeye ba\u015fl\u0131yorsunuz. \u015e\u0131k \u0130lk olarak Terc\u00fcman-\u0131 Hakikat adl\u0131 gazetede tefrika edilen ve yazar\u0131n ilk roman\u0131 olan \u015e\u0131k, Bat\u0131&#8217;n\u0131n ger\u00e7ek de\u011ferleri yerine onun zevk ve e\u011flencesini, k\u0131l\u0131k k\u0131yafetini taklit eden ki\u015filerin d\u00fc\u015ft\u00fc\u011f\u00fc g\u00fcl\u00fcn\u00e7 durumlar\u0131 konu almaktad\u0131r. \u015e\u0131psevdi T\u00fcrk edebiyat\u0131n\u0131n k\u00f6\u015fe ta\u015flar\u0131ndan biri olarak kabul edilen \u015e\u0131psevdi&#8217;de Tanzimat sonras\u0131 d\u00f6nemin zihniyetini \u00e7arp\u0131c\u0131 bi\u00e7imde yans\u0131tan H\u00fcseyin Rahmi G\u00fcrp\u0131nar bat\u0131l\u0131la\u015fmayla birlikte trajik bir \u015fekilde ikile\u015fen toplumun \u00e7eli\u015fkilerini sergiler. Gulyabani Gulyabani,  1913 y\u0131l\u0131nda bas\u0131lan, insanlar\u0131n bilimsel d\u00fc\u015f\u00fcnceden uzakla\u015ft\u0131k\u00e7a nas\u0131l kolayl\u0131kla kand\u0131r\u0131labilece\u011fini anlat\u0131rken ele\u015ftiri oklar\u0131 bat\u0131l inan\u00e7lara y\u00f6nelten bir roman. 1975 y\u0131l\u0131nda Ertem E\u011filmez taraf\u0131ndan S\u00fcr Karde\u015fler ismiyle sinemaya da uyarlanm\u0131\u015ft\u0131r. Efsuncu Baba Efsuncu Baba, ger\u00e7eklerle ba\u011f\u0131n\u0131 yitirmi\u015f bir ki\u015finin bat\u0131l inan\u00e7lar\u0131n i\u00e7inde kaybolup kar\u015f\u0131s\u0131na \u00e7\u0131kan her \u015feyi kendine g\u00f6nderilen bir i\u015faret olarak alg\u0131lamas\u0131 ve hurafelerin i\u00e7inde bir o yana bir bu yana savrulmas\u0131 \u00fczerine bir roman. Kuyruklu Y\u0131ld\u0131z Alt\u0131nda Bir \u0130zdiva\u00e7 Kuyruklu Y\u0131ld\u0131z Alt\u0131nda Bir \u0130zdiva\u00e7 roman\u0131 1910 y\u0131l\u0131nda Halley kuyrukluy\u0131ld\u0131z\u0131n\u0131n d\u00fcnyaya \u00e7arpma olas\u0131l\u0131\u011f\u0131na kar\u015f\u0131 kopart\u0131lan felaket senaryolar\u0131 \u00fczerine kurulu. Bu felaket senaryolar\u0131 \u00fczerinden geli\u015fen olaylara kar\u015f\u0131 H\u00fcseyin Rahmi\u2019nin bak\u0131\u015f a\u00e7\u0131s\u0131, kitab\u0131n ba\u015f\u0131ndaki \u015fu c\u00fcmlede gizli: \u201c\u0130nsanlar\u0131n korktuklar\u0131ndan \u00e7ok, korkmad\u0131klar\u0131 \u015feylerden korkunuz\u201d Se\u00e7kideki t\u00fcm kitaplar ince bir mizah anlay\u0131\u015f\u0131 ve H\u00fcseyin Rahmi\u2019nin i\u011fneleyici dili ile yo\u011frulmu\u015f. Kitaplardaki diyaloglar, sokaktaki g\u00fcnl\u00fck konu\u015fmalardan al\u0131nm\u0131\u015f gibi ger\u00e7ek\u00e7i. Romanlardaki ele\u015ftirel bak\u0131\u015f a\u00e7\u0131s\u0131 d\u00fcn\u00fcm\u00fcze oldu\u011fu gibi bug\u00fcn\u00fcm\u00fcze de \u0131\u015f\u0131k tutacak nitelikte. Kitaplar\u0131 okurken yabanc\u0131 \u00f6zentisiyle alay eden H\u00fcseyin Rahmi\u2019nin kendi k\u00fclt\u00fcr\u00fcm\u00fczdeki eksiklerimize kar\u015f\u0131 da ele\u015ftirel bir bak\u0131\u015fla yakla\u015ft\u0131\u011f\u0131n\u0131 g\u00f6r\u00fcyoruz. Ahlak bek\u00e7ilerinin kendi evlerinde ne dolaplar \u00e7evirdi\u011fini a\u00e7\u0131k bir dille anlatan H\u00fcseyin Rahmi cinlere, perilere, ahlak bek\u00e7ilerine, \u015farlatanlara kar\u015f\u0131 bilimin ve hakikatin yan\u0131nda yer al\u0131yor. M\u00fcrebbiye \u201cG\u00f6n\u00fcl kurdu\u011fu a\u015fk saray\u0131n\u0131 y\u0131k\u0131lm\u0131\u015f g\u00f6rmektense, baz\u0131 ger\u00e7ekleri \u00e7i\u011fnemekten \u00e7ekinmez.\u201d T\u00fcrk edebiyat\u0131na bir\u00e7ok \u00f6nemli eser kazand\u0131ran, romanlar\u0131 g\u00fcn\u00fcm\u00fczde de de\u011ferini ve \u00f6zg\u00fcnl\u00fc\u011f\u00fcn\u00fc koruyanH\u00fcseyin Rahmi G\u00fcrp\u0131nar, toplumun \u00e7e\u015fitli s\u0131n\u0131f ve tabakalar\u0131na mensup ki\u015filerin belirli \u00f6zelliklerini ustal\u0131kla ortaya koyar, olaylar\u0131 abart\u0131l\u0131 olmayan bir g\u00fcld\u00fcr\u00fc ve anlat\u0131m rahatl\u0131\u011f\u0131yla okuyucuya sunar. Fransal\u0131 bir kad\u0131n olan Matmazel Anjel&#8217;in Dehri Efendi&#8217;nin kona\u011f\u0131nda m\u00fcrebbiye olarak \u00e7al\u0131\u015fmas\u0131yla ba\u015flayan trajikomik olaylar\u0131n anlat\u0131ld\u0131\u011f\u0131 M\u00fcrebbiye&#8217;de G\u00fcrp\u0131nar kurgu, diyalog ve hiciv unsurlar\u0131n\u0131 aktarmadaki ustal\u0131\u011f\u0131yla okura katmanl\u0131 bir eser sunuyor. Soka\u011f\u0131 edebiyata ta\u015f\u0131yan yazarolarak bilinen H\u00fcseyin Rahmi G\u00fcrp\u0131nar&#8217;a \u015f\u00f6hretin kap\u0131s\u0131n\u0131 a\u00e7an M\u00fcrebbiye&#8217;yi g\u00fcn\u00fcm\u00fcz T\u00fcrk\u00e7esiyle sunuyoruz\u2026 \u0130lkay Noylan&#8217;\u0131n g\u00fcn\u00fcm\u00fcz T\u00fcrk\u00e7esine uyarlad\u0131\u011f\u0131 M\u00fcrebbiye&#8217;nin kapak tasar\u0131m\u0131 Candan \u0130\u015fcan&#8217;a ait. <\/p>\n","protected":false},"excerpt":{"rendered":"<p>Set i\u00e7indeki kitaplar: \u00b7 Gulyabani \u00b7 Kuyruklu Y\u0131ld\u0131z Alt\u0131nda Bir \u0130zdiva\u00e7 \u00b7 \u015e\u0131k \u00b7 Efsuncu Baba \u00b7 \u015e\u0131psevdi \u00b7 M\u00fcrebbiye T\u00fcrk edebiyat\u0131na bir\u00e7ok \u00f6nemli eser kazand\u0131ran,<span class=\"excerpt-hellip\"> [\u2026]<\/span><\/p>\n","protected":false},"featured_media":0,"template":"","meta":{"_monsterinsights_skip_tracking":false,"_monsterinsights_sitenote_active":false,"_monsterinsights_sitenote_note":"","_monsterinsights_sitenote_category":0},"product_brand":[],"product_cat":[12291,12711],"product_tag":[],"class_list":{"0":"post-739031","1":"product","2":"type-product","3":"status-publish","5":"product_cat-edebiyat","6":"product_cat-roman-oyku","7":"pa_cilt-ciltsiz","8":"pa_tur-kitap","9":"pa_yayinevi-bilgi-yayinevi","10":"pa_yazar-huseyin-rahmi-gurpinar","12":"first","13":"instock","14":"sale","15":"shipping-taxable","16":"purchasable","17":"product-type-simple"},"_links":{"self":[{"href":"https:\/\/roveyayinevi.com.tr\/index.php\/wp-json\/wp\/v2\/product\/739031","targetHints":{"allow":["GET"]}}],"collection":[{"href":"https:\/\/roveyayinevi.com.tr\/index.php\/wp-json\/wp\/v2\/product"}],"about":[{"href":"https:\/\/roveyayinevi.com.tr\/index.php\/wp-json\/wp\/v2\/types\/product"}],"wp:attachment":[{"href":"https:\/\/roveyayinevi.com.tr\/index.php\/wp-json\/wp\/v2\/media?parent=739031"}],"wp:term":[{"taxonomy":"product_brand","embeddable":true,"href":"https:\/\/roveyayinevi.com.tr\/index.php\/wp-json\/wp\/v2\/product_brand?post=739031"},{"taxonomy":"product_cat","embeddable":true,"href":"https:\/\/roveyayinevi.com.tr\/index.php\/wp-json\/wp\/v2\/product_cat?post=739031"},{"taxonomy":"product_tag","embeddable":true,"href":"https:\/\/roveyayinevi.com.tr\/index.php\/wp-json\/wp\/v2\/product_tag?post=739031"}],"curies":[{"name":"wp","href":"https:\/\/api.w.org\/{rel}","templated":true}]}}