{"id":739029,"date":"2025-08-28T00:02:07","date_gmt":"2025-08-27T21:02:07","guid":{"rendered":"https:\/\/roveyayinevi.com.tr\/index.php\/urun\/sanat-uretimi-form-ve-anlam\/"},"modified":"2026-03-12T02:58:05","modified_gmt":"2026-03-11T23:58:05","slug":"sanat-uretimi-form-ve-anlam","status":"publish","type":"product","link":"https:\/\/roveyayinevi.com.tr\/index.php\/urun\/sanat-uretimi-form-ve-anlam\/","title":{"rendered":"Sanat \u00dcretimi Form ve Anlam"},"content":{"rendered":"<p>Sanat \u00dcretimi sanat yarat\u0131m s\u00fcreci ile anlam yarat\u0131m s\u00fcreci TERRY aras\u0131ndaki kar\u0219\u0131l\u0131kl\u0131 ili\u0219kiye \u2212anlat\u0131mc\u0131 i\u00e7eri\u011fe, \u00e7\u0131kar\u0131ma ya da \u00e7al\u0131\u0219man\u0131n amac\u0131na\u2212 odaklan\u0131yor. Yazar Terry Barrett, i\u00e7eri\u011fin, malzemenin, tekni\u011fin, formun, s\u00fcrecin ve ba\u011flam\u0131n bir sanat yap\u0131t\u0131 \u00fcretirken birbirleriyle nas\u0131l bir etkile\u0219ime girdiklerini inceliyor. Sanat\u0131n ve tasar\u0131m\u0131n bi\u00e7imsel unsurlar\u0131 ve ilkelerine ili\u0219kin kapsaml\u0131 bir tart\u0131\u0219ma a\u00e7man\u0131n ve sanat\u0131 yorumlamaya y\u00f6nelik bir k\u0131lavuz olu\u0219turman\u0131n yan\u0131 s\u0131ra Sanat \u00dcretimi sanat\u00e7\u0131lar\u0131n yarat\u0131c\u0131 pratiklerine de \u0131\u0219\u0131k tutuyor. Kitap, sanat yap\u0131tlar\u0131n\u0131n form ve anlamlar\u0131n\u0131 multimedya, yerle\u0219tirme, performans gibi \u00e7a\u011fda\u0219 yakla\u0219\u0131mlara a\u011f\u0131rl\u0131k vererek ara\u0219t\u0131r\u0131yor; postmodernizm ile \u00e7okk\u00fclt\u00fcrl\u00fcl\u00fc\u011fe vurgu yaparak sanat \u00fcretiminin izini s\u00fcr\u00fcyor   Sanat \u00dcretimi\u2019nin \u00d6ne \u00c7\u0131kanlar\u0131 \u00b7 Yorumlar ve Sanat\u00e7\u0131 Bildirileri. B\u00f6l\u00fcm 2, \u201cAnlamlar ve Yorumlar\u201d, gerek sanat\u00e7\u0131lar\u0131n gerek \u00f6\u011frencilerin i\u00e7erik, malzeme, kompozisyon, s\u00fcre\u00e7 ve ba\u011flamla ilgili verdikleri kararlar\u0131n izleyicilerin yap\u0131tlara dair yorumlar\u0131n\u0131 ne \u0219ekilde etkiledi\u011fini ortaya koyuyor. \u00b7 \u00c7a\u011fda\u0219 Unsurlar. B\u00f6l\u00fcm 6, \u201cZaman ve Hareket\u201d, zamana ve harekete dair konular \u00fczerine bir tart\u0131\u0219ma a\u00e7arken B\u00f6l\u00fcm 7, \u201cS\u00f6zc\u00fckler ve Sesler\u201d, metin temelli sanat, bilgisayar temelli sanat, performans sanat\u0131, video ve yerle\u0219tirme sanat\u0131 gibi sanat formlar\u0131nda \u00f6nemli rol oynayan \u00e7e\u0219itli unsurlara de\u011finiyor. <\/p>\n","protected":false},"excerpt":{"rendered":"<p>Sanat \u00dcretimi sanat yarat\u0131m s\u00fcreci ile anlam yarat\u0131m s\u00fcreci TERRY aras\u0131ndaki kar\u0219\u0131l\u0131kl\u0131 ili\u0219kiye \u2212anlat\u0131mc\u0131 i\u00e7eri\u011fe, \u00e7\u0131kar\u0131ma ya da \u00e7al\u0131\u0219man\u0131n amac\u0131na\u2212 odaklan\u0131yor. Yazar Terry Barrett, i\u00e7eri\u011fin, malzemenin,<span class=\"excerpt-hellip\"> [\u2026]<\/span><\/p>\n","protected":false},"featured_media":0,"template":"","meta":{"_monsterinsights_skip_tracking":false,"_monsterinsights_sitenote_active":false,"_monsterinsights_sitenote_note":"","_monsterinsights_sitenote_category":0},"product_brand":[],"product_cat":[44608,12408],"product_tag":[],"class_list":{"0":"post-739029","1":"product","2":"type-product","3":"status-publish","5":"product_cat-diger-sanat","6":"product_cat-sanat","7":"pa_cilt-ciltsiz","8":"pa_tur-kitap","9":"pa_yayinevi-hayalperest-yayinlari","10":"pa_yazar-terry-barrett","12":"first","13":"instock","14":"sale","15":"shipping-taxable","16":"purchasable","17":"product-type-simple"},"_links":{"self":[{"href":"https:\/\/roveyayinevi.com.tr\/index.php\/wp-json\/wp\/v2\/product\/739029","targetHints":{"allow":["GET"]}}],"collection":[{"href":"https:\/\/roveyayinevi.com.tr\/index.php\/wp-json\/wp\/v2\/product"}],"about":[{"href":"https:\/\/roveyayinevi.com.tr\/index.php\/wp-json\/wp\/v2\/types\/product"}],"wp:attachment":[{"href":"https:\/\/roveyayinevi.com.tr\/index.php\/wp-json\/wp\/v2\/media?parent=739029"}],"wp:term":[{"taxonomy":"product_brand","embeddable":true,"href":"https:\/\/roveyayinevi.com.tr\/index.php\/wp-json\/wp\/v2\/product_brand?post=739029"},{"taxonomy":"product_cat","embeddable":true,"href":"https:\/\/roveyayinevi.com.tr\/index.php\/wp-json\/wp\/v2\/product_cat?post=739029"},{"taxonomy":"product_tag","embeddable":true,"href":"https:\/\/roveyayinevi.com.tr\/index.php\/wp-json\/wp\/v2\/product_tag?post=739029"}],"curies":[{"name":"wp","href":"https:\/\/api.w.org\/{rel}","templated":true}]}}