{"id":739028,"date":"2025-08-28T00:02:06","date_gmt":"2025-08-27T21:02:06","guid":{"rendered":"https:\/\/roveyayinevi.com.tr\/index.php\/urun\/uygarligin-ayak-izleri-bati-resim-sanatinda-mitoloji\/"},"modified":"2026-04-16T02:49:23","modified_gmt":"2026-04-15T23:49:23","slug":"uygarligin-ayak-izleri-bati-resim-sanatinda-mitoloji","status":"publish","type":"product","link":"https:\/\/roveyayinevi.com.tr\/index.php\/urun\/uygarligin-ayak-izleri-bati-resim-sanatinda-mitoloji\/","title":{"rendered":"Uygarl\u0131\u011f\u0131n Ayak \u0130zleri &#8211; Bat\u0131 Resim Sanat\u0131nda Mitoloji"},"content":{"rendered":"<p>BU K\u0130TAPTA SANATSEVERLER\u0130N EN \u00d6NEML\u0130 SORULARINDAN B\u0130R\u0130NE YANIT ARIYORUZ: \u201cM\u0130TOLOJ\u0130K RES\u0130MLER NASIL OKUNUR?\u201d     Resimlerin dilini \u00f6\u011frenebilmek i\u00e7in v\u00e2k\u0131f olmam\u0131z gereken konulardan ilki,  hi\u00e7  \u015f\u00fcphe  yok  ki  mitolojidir.  Bu  kitapta  mitolojinin  farkl\u0131  d\u00f6nemlerde ne ama\u00e7larla kullan\u0131ld\u0131\u011f\u0131n\u0131 g\u00f6recek, ilham\u0131n\u0131 mitolojik anlat\u0131lardan alan resimleri tan\u0131y\u0131p okumay\u0131 kolayla\u015ft\u0131racak bir yol izleyece\u011fiz. Birden fazla eserde, olduk\u00e7a farkl\u0131 yorumlanm\u0131\u015f mitolojik karakterleri ve  hik\u00e2yelerini  nas\u0131l  tan\u0131yabilece\u011fimizi  \u00f6\u011frenece\u011fiz.  Bunu  yaparken  eserlerin ait olduklar\u0131 d\u00f6nemlere de\u011finecek, \u00f6zelliklerinden s\u00f6z edecek,  ak\u0131mlar\u0131n  \u00fcnl\u00fc  sanat\u00e7\u0131lar\u0131  hakk\u0131nda  \u00f6nemli  bilgiler  edinecek  ve  birbirleriyle benzerliklerini\/farkl\u0131l\u0131klar\u0131n\u0131 inceleyece\u011fiz. Dinin g\u00f6rsel bir dile  d\u00f6n\u00fc\u015ferek  halka  neler  anlatabilece\u011fini  g\u00f6rmenin  yan\u0131  s\u0131ra  H\u0131ristiyanlar\u0131n,  Antik  Pagan  inan\u0131\u015flar\u0131n\u0131  kendi  dinlerine,  resimlerine  ve  g\u00fcnl\u00fck ya\u015famlar\u0131na nas\u0131l adapte ettiklerine tan\u0131kl\u0131k edece\u011fiz. Katolik Kilisesi\u2019nin veya Floransal\u0131 zengin ailelerin mitolojiyi ne kadar etkili bir resim dili olarak kulland\u0131\u011f\u0131n\u0131 g\u00f6recek, hatta mitolojik hik\u00e2yeler \u00fczerinden H\u0131ristiyanl\u0131k \u00f6\u011fretilerini tan\u0131yaca\u011f\u0131z.   Bu  kitapta  g\u00f6rece\u011finiz  her  resim  basit  bir  tabirle  \u201ctarihe  a\u00e7\u0131lan  bir  pencere\u201d  de\u011fil,  o  tarihe  gidebilmenizi  sa\u011flayan  birer  kap\u0131  olacak.  T\u00fcm okurlar i\u00e7in keyifli bir yolculuk olmas\u0131n\u0131 dilerim&#8230; \u2013Celil Sad\u0131k<\/p>\n","protected":false},"excerpt":{"rendered":"<p>BU K\u0130TAPTA SANATSEVERLER\u0130N EN \u00d6NEML\u0130 SORULARINDAN B\u0130R\u0130NE YANIT ARIYORUZ: \u201cM\u0130TOLOJ\u0130K RES\u0130MLER NASIL OKUNUR?\u201d Resimlerin dilini \u00f6\u011frenebilmek i\u00e7in v\u00e2k\u0131f olmam\u0131z gereken konulardan ilki, hi\u00e7 \u015f\u00fcphe yok ki<span class=\"excerpt-hellip\"> [\u2026]<\/span><\/p>\n","protected":false},"featured_media":0,"template":"","meta":{"_monsterinsights_skip_tracking":false,"_monsterinsights_sitenote_active":false,"_monsterinsights_sitenote_note":"","_monsterinsights_sitenote_category":0},"product_brand":[],"product_cat":[44608,12408],"product_tag":[],"class_list":{"0":"post-739028","1":"product","2":"type-product","3":"status-publish","5":"product_cat-diger-sanat","6":"product_cat-sanat","7":"pa_cilt-ciltsiz","8":"pa_tur-kitap","9":"pa_yayinevi-epsilon-yayinlari","10":"pa_yazar-celil-sadik","12":"first","13":"instock","14":"sale","15":"shipping-taxable","16":"purchasable","17":"product-type-simple"},"_links":{"self":[{"href":"https:\/\/roveyayinevi.com.tr\/index.php\/wp-json\/wp\/v2\/product\/739028","targetHints":{"allow":["GET"]}}],"collection":[{"href":"https:\/\/roveyayinevi.com.tr\/index.php\/wp-json\/wp\/v2\/product"}],"about":[{"href":"https:\/\/roveyayinevi.com.tr\/index.php\/wp-json\/wp\/v2\/types\/product"}],"wp:attachment":[{"href":"https:\/\/roveyayinevi.com.tr\/index.php\/wp-json\/wp\/v2\/media?parent=739028"}],"wp:term":[{"taxonomy":"product_brand","embeddable":true,"href":"https:\/\/roveyayinevi.com.tr\/index.php\/wp-json\/wp\/v2\/product_brand?post=739028"},{"taxonomy":"product_cat","embeddable":true,"href":"https:\/\/roveyayinevi.com.tr\/index.php\/wp-json\/wp\/v2\/product_cat?post=739028"},{"taxonomy":"product_tag","embeddable":true,"href":"https:\/\/roveyayinevi.com.tr\/index.php\/wp-json\/wp\/v2\/product_tag?post=739028"}],"curies":[{"name":"wp","href":"https:\/\/api.w.org\/{rel}","templated":true}]}}