{"id":739027,"date":"2025-08-28T00:02:05","date_gmt":"2025-08-27T21:02:05","guid":{"rendered":"https:\/\/roveyayinevi.com.tr\/index.php\/urun\/komintern-tkp-ve-kurt-isyanlari\/"},"modified":"2026-04-16T02:49:23","modified_gmt":"2026-04-15T23:49:23","slug":"komintern-tkp-ve-kurt-isyanlari","status":"publish","type":"product","link":"https:\/\/roveyayinevi.com.tr\/index.php\/urun\/komintern-tkp-ve-kurt-isyanlari\/","title":{"rendered":"Komintern, Tkp ve K\u00fcrt \u0130syanlar\u0131"},"content":{"rendered":"<p>T\u00fcrkiye Kom\u00fcnist Partisi\u2019nin (TKP) Cumhuriyet\u2019in kurulu\u015f y\u0131llar\u0131nda yak\u0131c\u0131 bir mesele haline gelen K\u00fcrt isyanlar\u0131 kar\u015f\u0131s\u0131ndaki tutumu Kemalist rejim yanl\u0131s\u0131 olarak g\u00f6r\u00fclm\u00fc\u015f ve ele\u015ftirilmi\u015ftir. TKP\u2019ye atfedilen bu tutumun \u00f6nemli bir dayana\u011f\u0131, Parti yay\u0131n organ\u0131 Orak-\u00c7eki\u00e7\u2019te \u015eeyh Sait \u0130syan\u0131 hakk\u0131nda yap\u0131lan \u201cirticai kalk\u0131\u015fma\u201d de\u011ferlendirmesidir.  \u015eubat 1925\u2019te yap\u0131lan bu tespitin, TKP\u2019nin genel olarak ulusal meseleye ve \u00f6zel olarak K\u00fcrt isyanlar\u0131na yakla\u015f\u0131m\u0131n\u0131 ifade etti\u011fi d\u00fc\u015f\u00fcn\u00fclm\u00fc\u015fse de bu g\u00f6r\u00fc\u015f \u015fimdiye kadar olgularla ve belgelerle yeterince desteklenmemi\u015ftir. Bu \u00e7al\u0131\u015fma, TKP ve TKP\u2019nin bir seksiyonunu olu\u015fturdu\u011fu Komintern belgelerine dayanarak bu toptanc\u0131 yakla\u015f\u0131m\u0131n \u00f6tesine ge\u00e7meyi ama\u00e7lamaktad\u0131r. TKP ve Kom\u00fcnist Enternasyonal Y\u00fcr\u00fctme Kurulu (KEYK) Do\u011fu Sekreterli\u011fi aras\u0131nda bir\u00e7o\u011fu \u015fimdiye kadar yay\u0131nlanmam\u0131\u015f olan yaz\u0131\u015fmalar, bu \u00e7er\u00e7evede haz\u0131rlanan T\u00fcrkiye\u2019deki geli\u015fmelere ili\u015fkin raporlar ve Parti \u00fcyelerine ait mektup ve belgeler, \u00e7al\u0131\u015fman\u0131n dayand\u0131\u011f\u0131 temel kaynaklar\u0131 olu\u015fturmaktad\u0131r. 1920\u2019li y\u0131llar\u0131n ba\u015flar\u0131ndan 1930\u2019lar\u0131n sonlar\u0131na kadar uzanan geni\u015f bir d\u00f6nemi ilgilendiren s\u00f6z konusu kaynaklar, Komintern\u2019in ve TKP\u2019nin ba\u015fta \u015eeyh Sait \u0130syan\u0131, A\u011fr\u0131 \u0130syan\u0131 ve Dersim \u0130syan\u0131 olmak \u00fczere ulusal sorun ve K\u00fcrt meselesine ili\u015fkin tutumlar\u0131 hakk\u0131nda son derece \u00f6nemli bilgiler sunmaktad\u0131r. TKP\u2019nin ulusal meseleye ve K\u00fcrt isyanlar\u0131na yakla\u015f\u0131m\u0131, ancak t\u00fcm bu kaynaklar dikkate al\u0131nd\u0131\u011f\u0131nda ve ele\u015ftirel bir s\u00fczge\u00e7ten ge\u00e7irildi\u011finde objektif olarak de\u011ferlendirilebilir. Elinizdeki kitab\u0131n bu do\u011frultudaki \u00e7al\u0131\u015fmalar ve tart\u0131\u015fmalar a\u00e7\u0131s\u0131ndan \u00f6nemli bir kaynak te\u015fkil edece\u011fini umuyoruz.  <\/p>\n","protected":false},"excerpt":{"rendered":"<p>T\u00fcrkiye Kom\u00fcnist Partisi\u2019nin (TKP) Cumhuriyet\u2019in kurulu\u015f y\u0131llar\u0131nda yak\u0131c\u0131 bir mesele haline gelen K\u00fcrt isyanlar\u0131 kar\u015f\u0131s\u0131ndaki tutumu Kemalist rejim yanl\u0131s\u0131 olarak g\u00f6r\u00fclm\u00fc\u015f ve ele\u015ftirilmi\u015ftir. TKP\u2019ye atfedilen bu<span class=\"excerpt-hellip\"> [\u2026]<\/span><\/p>\n","protected":false},"featured_media":0,"template":"","meta":{"_monsterinsights_skip_tracking":false,"_monsterinsights_sitenote_active":false,"_monsterinsights_sitenote_note":"","_monsterinsights_sitenote_category":0},"product_brand":[],"product_cat":[13590,12337],"product_tag":[],"class_list":{"0":"post-739027","1":"product","2":"type-product","3":"status-publish","5":"product_cat-arastirma-inceleme-politika-siyaset","6":"product_cat-politika-siyaset","7":"pa_cilt-ciltsiz","8":"pa_tur-kitap","9":"pa_yayinevi-yordam-kitap","10":"pa_yazar-erden-akbulut-erol-ulker","12":"first","13":"instock","14":"sale","15":"shipping-taxable","16":"purchasable","17":"product-type-simple"},"_links":{"self":[{"href":"https:\/\/roveyayinevi.com.tr\/index.php\/wp-json\/wp\/v2\/product\/739027","targetHints":{"allow":["GET"]}}],"collection":[{"href":"https:\/\/roveyayinevi.com.tr\/index.php\/wp-json\/wp\/v2\/product"}],"about":[{"href":"https:\/\/roveyayinevi.com.tr\/index.php\/wp-json\/wp\/v2\/types\/product"}],"wp:attachment":[{"href":"https:\/\/roveyayinevi.com.tr\/index.php\/wp-json\/wp\/v2\/media?parent=739027"}],"wp:term":[{"taxonomy":"product_brand","embeddable":true,"href":"https:\/\/roveyayinevi.com.tr\/index.php\/wp-json\/wp\/v2\/product_brand?post=739027"},{"taxonomy":"product_cat","embeddable":true,"href":"https:\/\/roveyayinevi.com.tr\/index.php\/wp-json\/wp\/v2\/product_cat?post=739027"},{"taxonomy":"product_tag","embeddable":true,"href":"https:\/\/roveyayinevi.com.tr\/index.php\/wp-json\/wp\/v2\/product_tag?post=739027"}],"curies":[{"name":"wp","href":"https:\/\/api.w.org\/{rel}","templated":true}]}}