{"id":739026,"date":"2025-08-28T00:02:04","date_gmt":"2025-08-27T21:02:04","guid":{"rendered":"https:\/\/roveyayinevi.com.tr\/index.php\/urun\/davetsiz-misafir-marx\/"},"modified":"2026-04-16T02:49:23","modified_gmt":"2026-04-15T23:49:23","slug":"davetsiz-misafir-marx","status":"publish","type":"product","link":"https:\/\/roveyayinevi.com.tr\/index.php\/urun\/davetsiz-misafir-marx\/","title":{"rendered":"Davetsiz Misafir &#8211; Marx"},"content":{"rendered":"<p>Daniel Bensa\u00efd, Davetsiz Misafir: Marx\u2019ta, Marx\u2019a ve ekonomi politik kuram\u0131n\u0131n k\u00f6klerine, bunlar etraf\u0131nda ya\u015fanan tart\u0131\u015fmalara ve fikir ayr\u0131l\u0131klar\u0131na odaklan\u0131yor. Marx\u2019\u0131n \u00fc\u00e7 ele\u015ftiri ba\u015fl\u0131\u011f\u0131n\u0131, tarihsel ak\u0131l, sosyolojik ak\u0131l ve bilimsel pozitivizm ele\u015ftirisini okurlara sunarken bu konularda g\u00fcndeme getirilen temel g\u00f6r\u00fc\u015fleri ele al\u0131yor: Tarihin sonu felsefesi, proletaryan\u0131n ka\u00e7\u0131n\u0131lmaz zaferini ilan eden ekonomik ve toplumsal determinizm, halklar\u0131n y\u00f6nelimini tespit etti\u011fini savunan kesin bilimler. Bunlar Marx\u2019\u0131n y\u00f6neltti\u011fi ele\u015ftirilerin temelini olu\u015ftururken kitab\u0131n genel \u00e7er\u00e7evesini de belirliyor. Bensa\u00efd, Marx\u2019\u0131n temel eserlerini yeniden ve \u0131srarla okuman\u0131n \u00e7a\u011fda\u015f sorular\u0131 yan\u0131tlamada, g\u00fcn\u00fcm\u00fcz d\u00f6n\u00fc\u015f\u00fcmlerini ve krizlerini anlamland\u0131rmada, cinsiyet, milliyet, din gibi \u00e7e\u015fitli \u00e7at\u0131\u015fma odaklar\u0131n\u0131n Marksist kuramda nas\u0131l ele al\u0131nd\u0131\u011f\u0131n\u0131n ve g\u00fcncel olarak hangi ba\u011flamlarda ele al\u0131nabilece\u011finin d\u00fc\u015f\u00fcn\u00fclmesinde i\u015faret etti\u011fi yollar\u0131n izini s\u00fcr\u00fcyor. Davetsiz Misafir: Marx, Marx\u2019\u0131n ele\u015ftirel bak\u0131\u015f a\u00e7\u0131s\u0131n\u0131n kendi d\u00f6nemindeki etkilerini tart\u0131\u015f\u0131rken bunlar\u0131n bug\u00fcne, g\u00fcncelli\u011fe yank\u0131lar\u0131na kulak vermeye davet ediyor.  <\/p>\n","protected":false},"excerpt":{"rendered":"<p>Daniel Bensa\u00efd, Davetsiz Misafir: Marx\u2019ta, Marx\u2019a ve ekonomi politik kuram\u0131n\u0131n k\u00f6klerine, bunlar etraf\u0131nda ya\u015fanan tart\u0131\u015fmalara ve fikir ayr\u0131l\u0131klar\u0131na odaklan\u0131yor. Marx\u2019\u0131n \u00fc\u00e7 ele\u015ftiri ba\u015fl\u0131\u011f\u0131n\u0131, tarihsel ak\u0131l, sosyolojik<span class=\"excerpt-hellip\"> [\u2026]<\/span><\/p>\n","protected":false},"featured_media":0,"template":"","meta":{"_monsterinsights_skip_tracking":false,"_monsterinsights_sitenote_active":false,"_monsterinsights_sitenote_note":"","_monsterinsights_sitenote_category":0},"product_brand":[],"product_cat":[13590,12337],"product_tag":[],"class_list":{"0":"post-739026","1":"product","2":"type-product","3":"status-publish","5":"product_cat-arastirma-inceleme-politika-siyaset","6":"product_cat-politika-siyaset","7":"pa_cilt-ciltsiz","8":"pa_tur-kitap","9":"pa_yayinevi-yordam-kitap","10":"pa_yazar-daniel-bensaid","12":"first","13":"instock","14":"sale","15":"shipping-taxable","16":"purchasable","17":"product-type-simple"},"_links":{"self":[{"href":"https:\/\/roveyayinevi.com.tr\/index.php\/wp-json\/wp\/v2\/product\/739026","targetHints":{"allow":["GET"]}}],"collection":[{"href":"https:\/\/roveyayinevi.com.tr\/index.php\/wp-json\/wp\/v2\/product"}],"about":[{"href":"https:\/\/roveyayinevi.com.tr\/index.php\/wp-json\/wp\/v2\/types\/product"}],"wp:attachment":[{"href":"https:\/\/roveyayinevi.com.tr\/index.php\/wp-json\/wp\/v2\/media?parent=739026"}],"wp:term":[{"taxonomy":"product_brand","embeddable":true,"href":"https:\/\/roveyayinevi.com.tr\/index.php\/wp-json\/wp\/v2\/product_brand?post=739026"},{"taxonomy":"product_cat","embeddable":true,"href":"https:\/\/roveyayinevi.com.tr\/index.php\/wp-json\/wp\/v2\/product_cat?post=739026"},{"taxonomy":"product_tag","embeddable":true,"href":"https:\/\/roveyayinevi.com.tr\/index.php\/wp-json\/wp\/v2\/product_tag?post=739026"}],"curies":[{"name":"wp","href":"https:\/\/api.w.org\/{rel}","templated":true}]}}