{"id":739025,"date":"2025-08-28T00:02:03","date_gmt":"2025-08-27T21:02:03","guid":{"rendered":"https:\/\/roveyayinevi.com.tr\/index.php\/urun\/yanilsama-ve-gerceklik\/"},"modified":"2026-04-16T02:49:23","modified_gmt":"2026-04-15T23:49:23","slug":"yanilsama-ve-gerceklik","status":"publish","type":"product","link":"https:\/\/roveyayinevi.com.tr\/index.php\/urun\/yanilsama-ve-gerceklik\/","title":{"rendered":"Yan\u0131lsama ve Ger\u00e7eklik"},"content":{"rendered":"<p>Christopher Caudwell, Yan\u0131lsama ve Ger\u00e7eklik\u2019te \u015fiirin kaynaklar\u0131na e\u011filir ve bunu, \u015fiir dil ile kuruldu\u011fu i\u00e7in dili, dil de toplumsal bir \u00fcr\u00fcn oldu\u011fu i\u00e7in toplumu inceleyerek yapar. \u00d6nce, sanat\u0131n ilk bi\u00e7imi olarak \u015fiirin ilkel kabile ya\u015fam\u0131nda boy veri\u015fini ve temel i\u015flevini ortaya koyan Caudwell, Shakespeare\u2019den modern zamanlara dek edebiyat\u0131n geli\u015fiminin izini s\u00fcrer. Sanat ile bilimin birbiriyle ili\u015fkisini, hem sanat\u0131n hem de bilimin insan ya\u015fam\u0131ndaki \u00f6nemini, bireysel ve toplumsal bilincin sanatta ve bilimde nas\u0131l anlat\u0131m buldu\u011funu g\u00f6zler \u00f6n\u00fcne serer. Kitaba yazd\u0131\u011f\u0131 \u00f6ns\u00f6zde George Thomson, kendisine de ilham olan Yan\u0131lsama ve Ger\u00e7eklik i\u00e7in \u015f\u00f6yle demektedir: \u201cZaman\u0131m\u0131z\u0131n en b\u00fcy\u00fck kitaplar\u0131ndan biridir bu. Okunmas\u0131 kolay de\u011fildir. \u00dczerinde \u00e7al\u0131\u015f\u0131lacak, a\u00e7\u0131klanacak, tekrar tekrar d\u00f6n\u00fclecek bir kitapt\u0131r. Okuyucu o zaman g\u00f6recektir ki, tekrar tekrar d\u00f6nse de, her defas\u0131nda \u00fczerinde d\u00fc\u015f\u00fcn\u00fclecek taze bilgiler bulacakt\u0131r onda.\u201d Caudwell\u2019in tarihsel maddeci bir yakla\u015f\u0131mla sanat\u0131n ve bilimin k\u00f6kenine indi\u011fi bu \u00f6nc\u00fc \u00e7al\u0131\u015fma, Mehmet H. Do\u011fan\u2019\u0131n \u00e7evirisinden ve tam metin olarak \u015fimdi Yordam Kitap\u2019ta. <\/p>\n","protected":false},"excerpt":{"rendered":"<p>Christopher Caudwell, Yan\u0131lsama ve Ger\u00e7eklik\u2019te \u015fiirin kaynaklar\u0131na e\u011filir ve bunu, \u015fiir dil ile kuruldu\u011fu i\u00e7in dili, dil de toplumsal bir \u00fcr\u00fcn oldu\u011fu i\u00e7in toplumu inceleyerek yapar.<span class=\"excerpt-hellip\"> [\u2026]<\/span><\/p>\n","protected":false},"featured_media":0,"template":"","meta":{"_monsterinsights_skip_tracking":false,"_monsterinsights_sitenote_active":false,"_monsterinsights_sitenote_note":"","_monsterinsights_sitenote_category":0},"product_brand":[],"product_cat":[13072,12291],"product_tag":[],"class_list":{"0":"post-739025","1":"product","2":"type-product","3":"status-publish","5":"product_cat-arastirma-inceleme-referans","6":"product_cat-edebiyat","7":"pa_cilt-ciltsiz","8":"pa_tur-kitap","9":"pa_yayinevi-yordam-kitap","10":"pa_yazar-christopher-caudwell","12":"first","13":"instock","14":"sale","15":"shipping-taxable","16":"purchasable","17":"product-type-simple"},"_links":{"self":[{"href":"https:\/\/roveyayinevi.com.tr\/index.php\/wp-json\/wp\/v2\/product\/739025","targetHints":{"allow":["GET"]}}],"collection":[{"href":"https:\/\/roveyayinevi.com.tr\/index.php\/wp-json\/wp\/v2\/product"}],"about":[{"href":"https:\/\/roveyayinevi.com.tr\/index.php\/wp-json\/wp\/v2\/types\/product"}],"wp:attachment":[{"href":"https:\/\/roveyayinevi.com.tr\/index.php\/wp-json\/wp\/v2\/media?parent=739025"}],"wp:term":[{"taxonomy":"product_brand","embeddable":true,"href":"https:\/\/roveyayinevi.com.tr\/index.php\/wp-json\/wp\/v2\/product_brand?post=739025"},{"taxonomy":"product_cat","embeddable":true,"href":"https:\/\/roveyayinevi.com.tr\/index.php\/wp-json\/wp\/v2\/product_cat?post=739025"},{"taxonomy":"product_tag","embeddable":true,"href":"https:\/\/roveyayinevi.com.tr\/index.php\/wp-json\/wp\/v2\/product_tag?post=739025"}],"curies":[{"name":"wp","href":"https:\/\/api.w.org\/{rel}","templated":true}]}}