{"id":739024,"date":"2025-08-28T00:02:02","date_gmt":"2025-08-27T21:02:02","guid":{"rendered":"https:\/\/roveyayinevi.com.tr\/index.php\/urun\/almanyada-devrim-ve-karsidevrim\/"},"modified":"2026-04-16T02:49:23","modified_gmt":"2026-04-15T23:49:23","slug":"almanyada-devrim-ve-karsidevrim","status":"publish","type":"product","link":"https:\/\/roveyayinevi.com.tr\/index.php\/urun\/almanyada-devrim-ve-karsidevrim\/","title":{"rendered":"Almanya\u2019da Devrim ve Kar\u015f\u0131devrim"},"content":{"rendered":"<p>1848 y\u0131l\u0131n\u0131n \u015eubat ay\u0131nda Fransa\u2019da ba\u015flay\u0131p Avrupa \u00fclkelerinin b\u00fcy\u00fck bir b\u00f6l\u00fcm\u00fcne yay\u0131lan devrim dalgas\u0131 s\u0131ras\u0131nda, ba\u015fta Prusya ile Avusturya olmak \u00fczere \u00e7ok say\u0131da egemen Alman devletinden olu\u015fan Alman Konfederasyonu\u2019nda bir dizi devrim ger\u00e7ekle\u015ftirildi. Friedrich Engels, bu \u00e7al\u0131\u015fmas\u0131nda, \u201c1848 Alman Devrimini zorunlu k\u0131lan ve ayn\u0131 ka\u00e7\u0131n\u0131lmazl\u0131kla onun 1848\u2019de ve 1849\u2019da bast\u0131r\u0131lmas\u0131na yol a\u00e7an nedenleri\u201d ele al\u0131yor. \u0130\u015f\u00e7i s\u0131n\u0131f\u0131 Almanya\u2019daki devrimlerin \u00f6nc\u00fcl\u00fc\u011f\u00fcn\u00fc neden \u00fcstlenemedi? K\u00fc\u00e7\u00fck burjuvazinin temsilcileri bu devrimleri neden ileriye ta\u015f\u0131yamad\u0131? \u201cTek ve b\u00f6l\u00fcnmez bir Alman Cumhuriyeti\u201d hedefini neden yaln\u0131zca kom\u00fcnistler savundu? Bu hedefe neden ula\u015f\u0131lamad\u0131? Engels, bu kitaptaki makaleleri, ABD\u2019de \u00e7\u0131kar\u0131lan bir gazete i\u00e7in \u0130ngilizce olarak kaleme alm\u0131\u015ft\u0131. Dolay\u0131s\u0131yla, Almanya\u2019daki geli\u015fmeleri, bu \u00fclke hakk\u0131nda ilk elden bilgi sahibi olmayan okurlar\u0131n anlayabilece\u011fi \u015fekilde \u00f6zetlemeye \u00e7al\u0131\u015fm\u0131\u015ft\u0131. \u0130lk Almanca \u00e7evirisi Engels\u2019in \u00f6l\u00fcm\u00fcnden sonra yay\u0131mlanan Almanya\u2019da Devrim ve Kar\u015f\u0131devrim\u2019in sonunda, kurucular\u0131 aras\u0131nda Karl Marx ile Engels\u2019in de bulundu\u011fu Kom\u00fcnistler Birli\u011fi\u2019nin \u00fcyelerinin 1852 y\u0131l\u0131nda Almanya\u2019da yarg\u0131lanmalar\u0131n\u0131n ele al\u0131nd\u0131\u011f\u0131 ve birli\u011fin o d\u00f6nemdeki hedeflerine \u0131\u015f\u0131k tutan bir makale de yer al\u0131yor. <\/p>\n","protected":false},"excerpt":{"rendered":"<p>1848 y\u0131l\u0131n\u0131n \u015eubat ay\u0131nda Fransa\u2019da ba\u015flay\u0131p Avrupa \u00fclkelerinin b\u00fcy\u00fck bir b\u00f6l\u00fcm\u00fcne yay\u0131lan devrim dalgas\u0131 s\u0131ras\u0131nda, ba\u015fta Prusya ile Avusturya olmak \u00fczere \u00e7ok say\u0131da egemen Alman devletinden<span class=\"excerpt-hellip\"> [\u2026]<\/span><\/p>\n","protected":false},"featured_media":0,"template":"","meta":{"_monsterinsights_skip_tracking":false,"_monsterinsights_sitenote_active":false,"_monsterinsights_sitenote_note":"","_monsterinsights_sitenote_category":0},"product_brand":[],"product_cat":[13590,12337],"product_tag":[],"class_list":{"0":"post-739024","1":"product","2":"type-product","3":"status-publish","5":"product_cat-arastirma-inceleme-politika-siyaset","6":"product_cat-politika-siyaset","7":"pa_cilt-ciltsiz","8":"pa_tur-kitap","9":"pa_yayinevi-yordam-kitap","10":"pa_yazar-friedrich-engels","12":"first","13":"instock","14":"sale","15":"shipping-taxable","16":"purchasable","17":"product-type-simple"},"_links":{"self":[{"href":"https:\/\/roveyayinevi.com.tr\/index.php\/wp-json\/wp\/v2\/product\/739024","targetHints":{"allow":["GET"]}}],"collection":[{"href":"https:\/\/roveyayinevi.com.tr\/index.php\/wp-json\/wp\/v2\/product"}],"about":[{"href":"https:\/\/roveyayinevi.com.tr\/index.php\/wp-json\/wp\/v2\/types\/product"}],"wp:attachment":[{"href":"https:\/\/roveyayinevi.com.tr\/index.php\/wp-json\/wp\/v2\/media?parent=739024"}],"wp:term":[{"taxonomy":"product_brand","embeddable":true,"href":"https:\/\/roveyayinevi.com.tr\/index.php\/wp-json\/wp\/v2\/product_brand?post=739024"},{"taxonomy":"product_cat","embeddable":true,"href":"https:\/\/roveyayinevi.com.tr\/index.php\/wp-json\/wp\/v2\/product_cat?post=739024"},{"taxonomy":"product_tag","embeddable":true,"href":"https:\/\/roveyayinevi.com.tr\/index.php\/wp-json\/wp\/v2\/product_tag?post=739024"}],"curies":[{"name":"wp","href":"https:\/\/api.w.org\/{rel}","templated":true}]}}