{"id":739021,"date":"2025-08-28T00:01:59","date_gmt":"2025-08-27T21:01:59","guid":{"rendered":"https:\/\/roveyayinevi.com.tr\/index.php\/urun\/vanya-dayi-5\/"},"modified":"2026-04-16T02:49:23","modified_gmt":"2026-04-15T23:49:23","slug":"vanya-dayi-5","status":"publish","type":"product","link":"https:\/\/roveyayinevi.com.tr\/index.php\/urun\/vanya-dayi-5\/","title":{"rendered":"Vanya Dayi"},"content":{"rendered":"<p>Umutsuz, ama\u00e7s\u0131z, hayal k\u0131r\u0131kl\u0131\u011f\u0131 ile dolu hayatlara adanm\u0131\u015f Vanya Day\u0131, \u00c7ehov\u2019un 1889 y\u0131l\u0131nda yazd\u0131\u011f\u0131 bir oyundan d\u00f6n\u00fc\u015ft\u00fcr\u00fclm\u00fc\u015ft\u00fcr. Karamsar atmosferi payla\u015fan atalet dolu karakterlerle bezeli bu hik\u00e2yede pi\u015fmanl\u0131k ve s\u0131k\u0131nt\u0131l\u0131 ruh h\u00e2li anlat\u0131 boyunca m\u00fccadele edilen ba\u015fat duygu durumlar\u0131d\u0131r. Karakterler kendilerince hayat m\u00fccadelesini kaybetmi\u015ftir, fakat t\u00fcm bu canh\u0131ra\u015f u\u011fra\u015f\u0131n sebebi gizini korumaktad\u0131r. \u00c7ehov, al\u0131\u015f\u0131k oldu\u011fumuz kahramanla\u015ft\u0131rmadan ka\u00e7arken \u00c7arl\u0131k Rusyas\u0131\u2019n\u0131n i\u00e7erisinde bulundu\u011fu histerik atmosferi de okuyucunun g\u00f6zleri \u00f6n\u00fcne sermi\u015ftir. \u201cYa\u015famaktan ba\u015fka elimizden gelen ne var ki? Ya\u015fayaca\u011f\u0131z, Vanya day\u0131! Uzun g\u00fcnler, ak\u015famlar ge\u00e7irece\u011fiz. Kaderin, aln\u0131m\u0131za yazm\u0131\u015f oldu\u011fu b\u00fct\u00fcn imtihanlara, sab\u0131rla dayanaca\u011f\u0131z\u2026 Dinlenece\u011fiz!.. Melekleri dinleyece\u011fiz, elmasla kapl\u0131 g\u00f6ky\u00fcz\u00fcn\u00fc g\u00f6rece\u011fiz. T\u00fcm d\u00fcnyevi k\u00f6t\u00fcl\u00fcklerin, t\u00fcm ac\u0131lar\u0131m\u0131z\u0131n, b\u00fct\u00fcn d\u00fcnyay\u0131 dolduracak olan merhametin i\u00e7inde bo\u011fuldu\u011funu g\u00f6rece\u011fiz ve hayat\u0131m\u0131z dingin, yumu\u015fak, ho\u015f olacak; inan\u0131yorum, inan\u0131yorum buna\u2026\u201d <\/p>\n","protected":false},"excerpt":{"rendered":"<p>Umutsuz, ama\u00e7s\u0131z, hayal k\u0131r\u0131kl\u0131\u011f\u0131 ile dolu hayatlara adanm\u0131\u015f Vanya Day\u0131, \u00c7ehov\u2019un 1889 y\u0131l\u0131nda yazd\u0131\u011f\u0131 bir oyundan d\u00f6n\u00fc\u015ft\u00fcr\u00fclm\u00fc\u015ft\u00fcr. Karamsar atmosferi payla\u015fan atalet dolu karakterlerle bezeli bu hik\u00e2yede<span class=\"excerpt-hellip\"> [\u2026]<\/span><\/p>\n","protected":false},"featured_media":0,"template":"","meta":{"_monsterinsights_skip_tracking":false,"_monsterinsights_sitenote_active":false,"_monsterinsights_sitenote_note":"","_monsterinsights_sitenote_category":0},"product_brand":[],"product_cat":[12291,14272],"product_tag":[],"class_list":{"0":"post-739021","1":"product","2":"type-product","3":"status-publish","5":"product_cat-edebiyat","6":"product_cat-tiyatro","7":"pa_cilt-ciltsiz","8":"pa_tur-kitap","9":"pa_yayinevi-dokuz-yayinlari","10":"pa_yazar-anton-pavlovic-cehov","12":"first","13":"instock","14":"sale","15":"shipping-taxable","16":"purchasable","17":"product-type-simple"},"_links":{"self":[{"href":"https:\/\/roveyayinevi.com.tr\/index.php\/wp-json\/wp\/v2\/product\/739021","targetHints":{"allow":["GET"]}}],"collection":[{"href":"https:\/\/roveyayinevi.com.tr\/index.php\/wp-json\/wp\/v2\/product"}],"about":[{"href":"https:\/\/roveyayinevi.com.tr\/index.php\/wp-json\/wp\/v2\/types\/product"}],"wp:attachment":[{"href":"https:\/\/roveyayinevi.com.tr\/index.php\/wp-json\/wp\/v2\/media?parent=739021"}],"wp:term":[{"taxonomy":"product_brand","embeddable":true,"href":"https:\/\/roveyayinevi.com.tr\/index.php\/wp-json\/wp\/v2\/product_brand?post=739021"},{"taxonomy":"product_cat","embeddable":true,"href":"https:\/\/roveyayinevi.com.tr\/index.php\/wp-json\/wp\/v2\/product_cat?post=739021"},{"taxonomy":"product_tag","embeddable":true,"href":"https:\/\/roveyayinevi.com.tr\/index.php\/wp-json\/wp\/v2\/product_tag?post=739021"}],"curies":[{"name":"wp","href":"https:\/\/api.w.org\/{rel}","templated":true}]}}