{"id":739019,"date":"2025-08-28T00:01:55","date_gmt":"2025-08-27T21:01:55","guid":{"rendered":"https:\/\/roveyayinevi.com.tr\/index.php\/urun\/uc-kiz-kardes-4\/"},"modified":"2026-04-16T02:49:23","modified_gmt":"2026-04-15T23:49:23","slug":"uc-kiz-kardes-4","status":"publish","type":"product","link":"https:\/\/roveyayinevi.com.tr\/index.php\/urun\/uc-kiz-kardes-4\/","title":{"rendered":"\u00dc\u00e7 K\u0131z Karde\u015f"},"content":{"rendered":"<p>\u00dc\u00e7 K\u0131z Karde\u015f isimli oyununda aristokrasinin art\u0131k h\u00fck\u00fcmranl\u0131\u011f\u0131n\u0131 yitirmeye ba\u015flad\u0131\u011f\u0131 20. y\u00fczy\u0131l\u0131n ba\u015flar\u0131n\u0131 konu edinen \u00c7ehov, Ma\u015fa, \u0130rina ve Olga isimli ta\u015frada ya\u015fayan ve zarafet dolu d\u00fc\u015flerle Moskova\u2019ya gitmeyi hayal eden \u00fc\u00e7 k\u0131z karde\u015fin trajik ve hayat\u0131n ger\u00e7ek dinamikleriyle temelden \u00e7eli\u015fen hik\u00e2yesini okuyucuya anlat\u0131yor. Andrey\u2019in a\u011fz\u0131ndan ta\u015fra s\u0131k\u0131nt\u0131s\u0131n\u0131 ve Moskova hayallerini \u015f\u00f6yle aksettirir \u00c7ehov: \u201cMoskova&#8217;da koskoca bir restorana gidip oturdu\u011funda kimse tan\u0131maz g\u00f6rmez seni. Kendini el gibi sanmazs\u0131n en az\u0131ndan. Ama buras\u0131 gibi k\u00fc\u00e7\u00fck yerlerde bunu yapamazs\u0131n i\u015fte. Herkes tan\u0131r seni&#8230; Yabanc\u0131s\u0131nd\u0131r&#8230; Yaln\u0131zs\u0131nd\u0131r hem de yapayaln\u0131zs\u0131nd\u0131r&#8230;\u201d   Modern tiyatronun \u00f6nemli d\u00f6n\u00fcm noktalar\u0131ndan biri olan \u00dc\u00e7 K\u0131z Karde\u015f, \u015funu s\u00f6yl\u00fcyor: \u201cD\u00fcnyadaki her \u015feyin a\u011f\u0131r aksak da olsa de\u011fi\u015fime u\u011framas\u0131 ka\u00e7\u0131n\u0131lmazd\u0131r.\u201d<\/p>\n","protected":false},"excerpt":{"rendered":"<p>\u00dc\u00e7 K\u0131z Karde\u015f isimli oyununda aristokrasinin art\u0131k h\u00fck\u00fcmranl\u0131\u011f\u0131n\u0131 yitirmeye ba\u015flad\u0131\u011f\u0131 20. y\u00fczy\u0131l\u0131n ba\u015flar\u0131n\u0131 konu edinen \u00c7ehov, Ma\u015fa, \u0130rina ve Olga isimli ta\u015frada ya\u015fayan ve zarafet dolu<span class=\"excerpt-hellip\"> [\u2026]<\/span><\/p>\n","protected":false},"featured_media":0,"template":"","meta":{"_monsterinsights_skip_tracking":false,"_monsterinsights_sitenote_active":false,"_monsterinsights_sitenote_note":"","_monsterinsights_sitenote_category":0},"product_brand":[],"product_cat":[12291,14272],"product_tag":[],"class_list":{"0":"post-739019","1":"product","2":"type-product","3":"status-publish","5":"product_cat-edebiyat","6":"product_cat-tiyatro","7":"pa_cilt-ciltsiz","8":"pa_tur-kitap","9":"pa_yayinevi-dokuz-yayinlari","10":"pa_yazar-anton-pavlovic-cehov","12":"first","13":"instock","14":"sale","15":"shipping-taxable","16":"purchasable","17":"product-type-simple"},"_links":{"self":[{"href":"https:\/\/roveyayinevi.com.tr\/index.php\/wp-json\/wp\/v2\/product\/739019","targetHints":{"allow":["GET"]}}],"collection":[{"href":"https:\/\/roveyayinevi.com.tr\/index.php\/wp-json\/wp\/v2\/product"}],"about":[{"href":"https:\/\/roveyayinevi.com.tr\/index.php\/wp-json\/wp\/v2\/types\/product"}],"wp:attachment":[{"href":"https:\/\/roveyayinevi.com.tr\/index.php\/wp-json\/wp\/v2\/media?parent=739019"}],"wp:term":[{"taxonomy":"product_brand","embeddable":true,"href":"https:\/\/roveyayinevi.com.tr\/index.php\/wp-json\/wp\/v2\/product_brand?post=739019"},{"taxonomy":"product_cat","embeddable":true,"href":"https:\/\/roveyayinevi.com.tr\/index.php\/wp-json\/wp\/v2\/product_cat?post=739019"},{"taxonomy":"product_tag","embeddable":true,"href":"https:\/\/roveyayinevi.com.tr\/index.php\/wp-json\/wp\/v2\/product_tag?post=739019"}],"curies":[{"name":"wp","href":"https:\/\/api.w.org\/{rel}","templated":true}]}}