{"id":739016,"date":"2025-08-28T00:01:51","date_gmt":"2025-08-27T21:01:51","guid":{"rendered":"https:\/\/roveyayinevi.com.tr\/index.php\/urun\/marti-6\/"},"modified":"2026-04-16T02:49:22","modified_gmt":"2026-04-15T23:49:22","slug":"marti-6","status":"publish","type":"product","link":"https:\/\/roveyayinevi.com.tr\/index.php\/urun\/marti-6\/","title":{"rendered":"Mart\u0131"},"content":{"rendered":"<p>Durum hik\u00e2yesinin kurucusu say\u0131lan Anton \u00c7ehov\u2019un, tiyatro edebiyat\u0131n\u0131n da en \u00f6nemli temsilcilerinden biri h\u00e2line gelmesi,iyi bir g\u00f6zlemci olmas\u0131ndan ve belki de ya\u015fad\u0131\u011f\u0131 d\u00f6nemin g\u00fc\u00e7l\u00fcklerini ger\u00e7ek\u00e7i bak\u0131\u015f a\u00e7\u0131s\u0131yla yakalayabilmesinden ileri gelir.   Eserlerinde genellikle toplumsal konular\u0131n \u00fczerine e\u011filen \u00c7ehov, bu sanat eserinde, asl\u0131nda hayat sahnesinden kesitler de sunar. Tiyatroda yenilik aray\u0131\u015f\u0131na giren karakterin ayk\u0131r\u0131 g\u00f6r\u00fcn\u00fcm\u00fc, dolay\u0131s\u0131yla anla\u015f\u0131lmazl\u0131\u011f\u0131, yaln\u0131zl\u0131\u011f\u0131, hayal k\u0131r\u0131kl\u0131\u011f\u0131 ya\u015fam\u0131n ta kendisi gibidir. Sahnenin, g\u00fcne\u015fin batmas\u0131yla ba\u015flamas\u0131 bile bu yaln\u0131zl\u0131k ve \u00e7ekimserlik hissinin en ba\u015fat \u00f6gelerinden say\u0131labilece\u011fi gibi insan\u0131n i\u00e7 d\u00fcnyas\u0131ndaki \u00e7eli\u015fkileri de a\u00e7\u0131klar.   Mart\u0131, hayat\u0131n t\u00fcrl\u00fc a\u00e7mazlar\u0131n\u0131 bir arada i\u015fleyerek \u00e2deta toplumun bir kesimine sahne \u00fczerinde \u0131\u015f\u0131k tutar. Bu keyfiyet, karakterlerin kolayca i\u00e7selle\u015ftirilmesini sa\u011flamakla beraber esere duygu yo\u011funlu\u011fu y\u00fcksek bir hava katar. \u00c7o\u011fu zaman d\u00fc\u015f\u00fcnd\u00fcr\u00fcc\u00fc diyaloglar etraf\u0131nda \u015fekillenen ve herkesin farkl\u0131 karakteristik sergiledi\u011fi eserde, insana dair ne varsa \u00c7ehov\u2019un duygu y\u00fckl\u00fc kaleminde kendine yer bulur: h\u0131rs, tutku, \u00f6zlem, korku, k\u0131skan\u00e7l\u0131k, umut, \u00f6fke, sevin\u00e7 ve tabii ki a\u015fk\u2026 <\/p>\n","protected":false},"excerpt":{"rendered":"<p>Durum hik\u00e2yesinin kurucusu say\u0131lan Anton \u00c7ehov\u2019un, tiyatro edebiyat\u0131n\u0131n da en \u00f6nemli temsilcilerinden biri h\u00e2line gelmesi,iyi bir g\u00f6zlemci olmas\u0131ndan ve belki de ya\u015fad\u0131\u011f\u0131 d\u00f6nemin g\u00fc\u00e7l\u00fcklerini ger\u00e7ek\u00e7i bak\u0131\u015f<span class=\"excerpt-hellip\"> [\u2026]<\/span><\/p>\n","protected":false},"featured_media":0,"template":"","meta":{"_monsterinsights_skip_tracking":false,"_monsterinsights_sitenote_active":false,"_monsterinsights_sitenote_note":"","_monsterinsights_sitenote_category":0},"product_brand":[],"product_cat":[12291,14272],"product_tag":[],"class_list":{"0":"post-739016","1":"product","2":"type-product","3":"status-publish","5":"product_cat-edebiyat","6":"product_cat-tiyatro","7":"pa_cilt-ciltsiz","8":"pa_tur-kitap","9":"pa_yayinevi-dokuz-yayinlari","10":"pa_yazar-anton-pavlovic-cehov","12":"first","13":"instock","14":"sale","15":"shipping-taxable","16":"purchasable","17":"product-type-simple"},"_links":{"self":[{"href":"https:\/\/roveyayinevi.com.tr\/index.php\/wp-json\/wp\/v2\/product\/739016","targetHints":{"allow":["GET"]}}],"collection":[{"href":"https:\/\/roveyayinevi.com.tr\/index.php\/wp-json\/wp\/v2\/product"}],"about":[{"href":"https:\/\/roveyayinevi.com.tr\/index.php\/wp-json\/wp\/v2\/types\/product"}],"wp:attachment":[{"href":"https:\/\/roveyayinevi.com.tr\/index.php\/wp-json\/wp\/v2\/media?parent=739016"}],"wp:term":[{"taxonomy":"product_brand","embeddable":true,"href":"https:\/\/roveyayinevi.com.tr\/index.php\/wp-json\/wp\/v2\/product_brand?post=739016"},{"taxonomy":"product_cat","embeddable":true,"href":"https:\/\/roveyayinevi.com.tr\/index.php\/wp-json\/wp\/v2\/product_cat?post=739016"},{"taxonomy":"product_tag","embeddable":true,"href":"https:\/\/roveyayinevi.com.tr\/index.php\/wp-json\/wp\/v2\/product_tag?post=739016"}],"curies":[{"name":"wp","href":"https:\/\/api.w.org\/{rel}","templated":true}]}}