{"id":739015,"date":"2025-08-28T00:01:50","date_gmt":"2025-08-27T21:01:50","guid":{"rendered":"https:\/\/roveyayinevi.com.tr\/index.php\/urun\/kreutzer-sonat-4\/"},"modified":"2026-04-16T02:49:22","modified_gmt":"2026-04-15T23:49:22","slug":"kreutzer-sonat-4","status":"publish","type":"product","link":"https:\/\/roveyayinevi.com.tr\/index.php\/urun\/kreutzer-sonat-4\/","title":{"rendered":"Kreutzer Sonat"},"content":{"rendered":"<p>Beethoven&#8217;\u0131n Kreutzersonate isimle piyano-keman bestesinden ad\u0131n\u0131 alan Kreutzer Sonat, hem yay\u0131mland\u0131\u011f\u0131 d\u00f6nemde Rusya\u2019da hem de di\u011fer y\u0131llar i\u00e7inde yay\u0131mland\u0131\u011f\u0131 farkl\u0131 \u00fclkelerde \u00e7e\u015fitli yollardan sans\u00fcre u\u011frar. Tolstoy\u2019un en \u00e7ok tepki alan eserlerinden biri olurken ayn\u0131 zamanda yazar\u0131n kiliseden aforoz edilme s\u00fcrecini ba\u015flatan ad\u0131mlardan biri h\u00e2line gelir. Ana karakter Pozdni\u015fev, bir tren yolculu\u011funda kar\u015f\u0131la\u015ft\u0131\u011f\u0131 insanlara kendi evlilik hayat\u0131n\u0131, k\u0131skan\u00e7l\u0131k krizlerini, korkular\u0131n\u0131 ve ge\u00e7mi\u015findeki karanl\u0131k d\u00fc\u015f\u00fcnceleri aktar\u0131r. Pozdni\u015fev\u2019in anlat\u0131m\u0131nda ve dinleyicilerin verdi\u011fi tepkilerde Rus toplumunun kad\u0131n-erkek ili\u015fkisine, evlili\u011fe bak\u0131\u015f a\u00e7\u0131s\u0131na ve ahlak\u00ee de\u011fer yarg\u0131lar\u0131na a\u011f\u0131r ele\u015ftiriler g\u00f6nderilir.   Tolstoy\u2019un derin bir bunal\u0131m\u0131n i\u00e7indeyken kaleme ald\u0131\u011f\u0131 Kreutzer Sonat\u2019\u0131n yazar\u0131n tiyatrocu bir arkada\u015f\u0131ndan ilham alarak yaz\u0131lm\u0131\u015f oldu\u011fu d\u00fc\u015f\u00fcn\u00fclmektedir. <\/p>\n","protected":false},"excerpt":{"rendered":"<p>Beethoven&#8217;\u0131n Kreutzersonate isimle piyano-keman bestesinden ad\u0131n\u0131 alan Kreutzer Sonat, hem yay\u0131mland\u0131\u011f\u0131 d\u00f6nemde Rusya\u2019da hem de di\u011fer y\u0131llar i\u00e7inde yay\u0131mland\u0131\u011f\u0131 farkl\u0131 \u00fclkelerde \u00e7e\u015fitli yollardan sans\u00fcre u\u011frar. Tolstoy\u2019un<span class=\"excerpt-hellip\"> [\u2026]<\/span><\/p>\n","protected":false},"featured_media":0,"template":"","meta":{"_monsterinsights_skip_tracking":false,"_monsterinsights_sitenote_active":false,"_monsterinsights_sitenote_note":"","_monsterinsights_sitenote_category":0},"product_brand":[],"product_cat":[12291,12711],"product_tag":[],"class_list":{"0":"post-739015","1":"product","2":"type-product","3":"status-publish","5":"product_cat-edebiyat","6":"product_cat-roman-oyku","7":"pa_cilt-ciltsiz","8":"pa_tur-kitap","9":"pa_yayinevi-dokuz-yayinlari","10":"pa_yazar-lev-nikolayevic-tolstoy","12":"first","13":"instock","14":"sale","15":"shipping-taxable","16":"purchasable","17":"product-type-simple"},"_links":{"self":[{"href":"https:\/\/roveyayinevi.com.tr\/index.php\/wp-json\/wp\/v2\/product\/739015","targetHints":{"allow":["GET"]}}],"collection":[{"href":"https:\/\/roveyayinevi.com.tr\/index.php\/wp-json\/wp\/v2\/product"}],"about":[{"href":"https:\/\/roveyayinevi.com.tr\/index.php\/wp-json\/wp\/v2\/types\/product"}],"wp:attachment":[{"href":"https:\/\/roveyayinevi.com.tr\/index.php\/wp-json\/wp\/v2\/media?parent=739015"}],"wp:term":[{"taxonomy":"product_brand","embeddable":true,"href":"https:\/\/roveyayinevi.com.tr\/index.php\/wp-json\/wp\/v2\/product_brand?post=739015"},{"taxonomy":"product_cat","embeddable":true,"href":"https:\/\/roveyayinevi.com.tr\/index.php\/wp-json\/wp\/v2\/product_cat?post=739015"},{"taxonomy":"product_tag","embeddable":true,"href":"https:\/\/roveyayinevi.com.tr\/index.php\/wp-json\/wp\/v2\/product_tag?post=739015"}],"curies":[{"name":"wp","href":"https:\/\/api.w.org\/{rel}","templated":true}]}}