{"id":739010,"date":"2025-08-28T00:01:44","date_gmt":"2025-08-27T21:01:44","guid":{"rendered":"https:\/\/roveyayinevi.com.tr\/index.php\/urun\/cocuklugum-9\/"},"modified":"2026-04-03T02:54:31","modified_gmt":"2026-04-02T23:54:31","slug":"cocuklugum-9","status":"publish","type":"product","link":"https:\/\/roveyayinevi.com.tr\/index.php\/urun\/cocuklugum-9\/","title":{"rendered":"\u00c7ocuklu\u011fum"},"content":{"rendered":"<p>\u00c7ocuklu\u011fum, Tolstoy\u2019un yay\u0131mlanan ilk eseri olmas\u0131na ra\u011fmen \u00e7arp\u0131c\u0131 dili, karakter derinli\u011fi ve yal\u0131n konusuyla yazar\u0131n edeb\u00ee d\u00fcnyada kabul g\u00f6rmesine yol a\u00e7an bir ba\u015fyap\u0131t h\u00e2line gelmi\u015ftir.  Yar\u0131 otobiyografik roman olan bu eserde Tolstoy\u2019un \u00e7ocuklu\u011fundan ve \u00e7evresindeki insanlardan derin izler okura aktar\u0131lmaktad\u0131r. 10 ya\u015f\u0131ndaki Nikolay\u2019\u0131n \u00e7ocukluk d\u00fcnyas\u0131, hayal g\u00fcc\u00fc, duygu ve d\u00fc\u015f\u00fcnceleri asl\u0131nda Tolstoy\u2019un kendi \u00e7ocukluk d\u00f6nemini takip ederek \u00e7izilmi\u015f bir yol haritas\u0131d\u0131r. Ebeveyn-\u00e7ocuk ili\u015fkisini, \u00e7ocuklu\u011fun masum taraf\u0131n\u0131 ve duygular\u0131 ke\u015ffetme maceras\u0131n\u0131 konu alan \u00c7ocuklu\u011fum, ayn\u0131 zamanda yaz\u0131ld\u0131\u011f\u0131 d\u00f6nemin ger\u00e7ekli\u011fini ve sorunlar\u0131n\u0131 da g\u00f6zler \u00f6n\u00fcne sermektedir.   Tolstoy, bu eseriyle hem kendi ge\u00e7mi\u015fine vurgu yapm\u0131\u015ft\u0131r hem de gelece\u011fe seslenerek nesiller boyunca miras b\u0131rakaca\u011f\u0131 b\u00fcy\u00fck eserlerinin temel ad\u0131m\u0131n\u0131 atm\u0131\u015ft\u0131r. <\/p>\n","protected":false},"excerpt":{"rendered":"<p>\u00c7ocuklu\u011fum, Tolstoy\u2019un yay\u0131mlanan ilk eseri olmas\u0131na ra\u011fmen \u00e7arp\u0131c\u0131 dili, karakter derinli\u011fi ve yal\u0131n konusuyla yazar\u0131n edeb\u00ee d\u00fcnyada kabul g\u00f6rmesine yol a\u00e7an bir ba\u015fyap\u0131t h\u00e2line gelmi\u015ftir. Yar\u0131<span class=\"excerpt-hellip\"> [\u2026]<\/span><\/p>\n","protected":false},"featured_media":0,"template":"","meta":{"_monsterinsights_skip_tracking":false,"_monsterinsights_sitenote_active":false,"_monsterinsights_sitenote_note":"","_monsterinsights_sitenote_category":0},"product_brand":[],"product_cat":[12291,12711],"product_tag":[],"class_list":{"0":"post-739010","1":"product","2":"type-product","3":"status-publish","5":"product_cat-edebiyat","6":"product_cat-roman-oyku","7":"pa_cilt-ciltsiz","8":"pa_tur-kitap","9":"pa_yayinevi-dokuz-yayinlari","10":"pa_yazar-lev-nikolayevic-tolstoy","12":"first","13":"instock","14":"sale","15":"shipping-taxable","16":"purchasable","17":"product-type-simple"},"_links":{"self":[{"href":"https:\/\/roveyayinevi.com.tr\/index.php\/wp-json\/wp\/v2\/product\/739010","targetHints":{"allow":["GET"]}}],"collection":[{"href":"https:\/\/roveyayinevi.com.tr\/index.php\/wp-json\/wp\/v2\/product"}],"about":[{"href":"https:\/\/roveyayinevi.com.tr\/index.php\/wp-json\/wp\/v2\/types\/product"}],"wp:attachment":[{"href":"https:\/\/roveyayinevi.com.tr\/index.php\/wp-json\/wp\/v2\/media?parent=739010"}],"wp:term":[{"taxonomy":"product_brand","embeddable":true,"href":"https:\/\/roveyayinevi.com.tr\/index.php\/wp-json\/wp\/v2\/product_brand?post=739010"},{"taxonomy":"product_cat","embeddable":true,"href":"https:\/\/roveyayinevi.com.tr\/index.php\/wp-json\/wp\/v2\/product_cat?post=739010"},{"taxonomy":"product_tag","embeddable":true,"href":"https:\/\/roveyayinevi.com.tr\/index.php\/wp-json\/wp\/v2\/product_tag?post=739010"}],"curies":[{"name":"wp","href":"https:\/\/api.w.org\/{rel}","templated":true}]}}