{"id":739009,"date":"2025-08-28T00:01:43","date_gmt":"2025-08-27T21:01:43","guid":{"rendered":"https:\/\/roveyayinevi.com.tr\/index.php\/urun\/bozkir-2\/"},"modified":"2026-04-16T02:49:22","modified_gmt":"2026-04-15T23:49:22","slug":"bozkir-2","status":"publish","type":"product","link":"https:\/\/roveyayinevi.com.tr\/index.php\/urun\/bozkir-2\/","title":{"rendered":"Bozk\u0131r"},"content":{"rendered":"<p>\u00c7ehov\u2019un Bozk\u0131r isimli anlat\u0131s\u0131 Ukrayna bozk\u0131rlar\u0131na uzanan bir yolculuk hik\u00e2yesidir. K\u00fc\u00e7\u00fck ya\u015fta annesinden ayr\u0131larak day\u0131s\u0131yla uzun bir yolculu\u011fa \u00e7\u0131kan 9 ya\u015f\u0131ndaki Yegoru\u015fka, ilk kez kendisini ya\u015fayan, capcanl\u0131 bir d\u00fcnyan\u0131n i\u00e7erisinde bulur. Gen\u00e7 Yegoru\u015fka\u2019n\u0131n g\u00f6z\u00fcnden Rus toplumunun farkl\u0131 katmanlar\u0131, toplumun 9 ya\u015f\u0131ndaki bir \u00e7ocuk \u00fczerinde b\u0131rakt\u0131\u011f\u0131 etkilenimler, duygular, izlenimler hepsi ustaca, b\u00fcy\u00fck bir ger\u00e7eklikle, \u00e2deta ayna tutarcas\u0131na anlat\u0131lm\u0131\u015ft\u0131r. Anlat\u0131n\u0131n ismi kula\u011fa olduk\u00e7a yavan gelse de \u00c7ehov \u015fairane \u00fcslubuyla kalemini korumu\u015f, Bozk\u0131r\u2019\u0131 ana karakterlerden biri h\u00e2line getirmi\u015ftir. Do\u011fa ve insan birlikteli\u011fi, yan\u0131 s\u0131ra \u00e7at\u0131\u015fmas\u0131n\u0131 merak eden okurlar i\u00e7in ba\u015fl\u0131ca yap\u0131tlardan biri: Bozk\u0131r.   \u201cG\u00fcne\u015f ortal\u0131ktan \u00e7ekilir \u00e7ekilmez g\u00fcnd\u00fcz\u00fcn eziyetlerinin ve bo\u011fucu s\u0131ca\u011f\u0131n \u00e7ektirdiklerinin yerini, \u00e7evreyi kaplayan ince bir sis, geni\u015f g\u00f6\u011fs\u00fcyle engin bozk\u0131r\u0131 i\u00e7ine \u00e7eken bir ortam al\u0131r. Karanl\u0131kta darmada\u011f\u0131n olmu\u015f, g\u00f6ze g\u00f6r\u00fcnmeyen otlar aras\u0131ndan g\u00fcnd\u00fcz\u00fcn i\u015fitilmeyen \u015fen \u015fakrak ve g\u00fcr sesli bir \u015famata y\u00fckselir. \u00c7\u0131t\u0131rt\u0131lar, \u0131sl\u0131klar, c\u0131r\u0131lt\u0131lar aras\u0131nda bozk\u0131r\u0131n kendine \u00f6zg\u00fc baslar\u0131, tenorlar\u0131, sopranolar\u0131 birbirine kar\u0131\u015f\u0131r; ak\u0131\u015f\u0131na kendinizi kapt\u0131r\u0131p iyi \u015feyle an\u0131msayaca\u011f\u0131n\u0131z, h\u00fcz\u00fcnlenip duygulanaca\u011f\u0131n\u0131z kesintisiz, tekd\u00fcze bir senfoni olu\u015fur.\u201d <\/p>\n","protected":false},"excerpt":{"rendered":"<p>\u00c7ehov\u2019un Bozk\u0131r isimli anlat\u0131s\u0131 Ukrayna bozk\u0131rlar\u0131na uzanan bir yolculuk hik\u00e2yesidir. K\u00fc\u00e7\u00fck ya\u015fta annesinden ayr\u0131larak day\u0131s\u0131yla uzun bir yolculu\u011fa \u00e7\u0131kan 9 ya\u015f\u0131ndaki Yegoru\u015fka, ilk kez kendisini ya\u015fayan,<span class=\"excerpt-hellip\"> [\u2026]<\/span><\/p>\n","protected":false},"featured_media":0,"template":"","meta":{"_monsterinsights_skip_tracking":false,"_monsterinsights_sitenote_active":false,"_monsterinsights_sitenote_note":"","_monsterinsights_sitenote_category":0},"product_brand":[],"product_cat":[12291,18202],"product_tag":[],"class_list":{"0":"post-739009","1":"product","2":"type-product","3":"status-publish","5":"product_cat-edebiyat","6":"product_cat-hikaye","7":"pa_cilt-ciltsiz","8":"pa_tur-kitap","9":"pa_yayinevi-dokuz-yayinlari","10":"pa_yazar-anton-pavlovic-cehov","12":"first","13":"instock","14":"sale","15":"shipping-taxable","16":"purchasable","17":"product-type-simple"},"_links":{"self":[{"href":"https:\/\/roveyayinevi.com.tr\/index.php\/wp-json\/wp\/v2\/product\/739009","targetHints":{"allow":["GET"]}}],"collection":[{"href":"https:\/\/roveyayinevi.com.tr\/index.php\/wp-json\/wp\/v2\/product"}],"about":[{"href":"https:\/\/roveyayinevi.com.tr\/index.php\/wp-json\/wp\/v2\/types\/product"}],"wp:attachment":[{"href":"https:\/\/roveyayinevi.com.tr\/index.php\/wp-json\/wp\/v2\/media?parent=739009"}],"wp:term":[{"taxonomy":"product_brand","embeddable":true,"href":"https:\/\/roveyayinevi.com.tr\/index.php\/wp-json\/wp\/v2\/product_brand?post=739009"},{"taxonomy":"product_cat","embeddable":true,"href":"https:\/\/roveyayinevi.com.tr\/index.php\/wp-json\/wp\/v2\/product_cat?post=739009"},{"taxonomy":"product_tag","embeddable":true,"href":"https:\/\/roveyayinevi.com.tr\/index.php\/wp-json\/wp\/v2\/product_tag?post=739009"}],"curies":[{"name":"wp","href":"https:\/\/api.w.org\/{rel}","templated":true}]}}