{"id":739008,"date":"2025-08-28T00:01:42","date_gmt":"2025-08-27T21:01:42","guid":{"rendered":"https:\/\/roveyayinevi.com.tr\/index.php\/urun\/bir-delinin-hatira-defteri-5\/"},"modified":"2026-04-16T02:49:22","modified_gmt":"2026-04-15T23:49:22","slug":"bir-delinin-hatira-defteri-5","status":"publish","type":"product","link":"https:\/\/roveyayinevi.com.tr\/index.php\/urun\/bir-delinin-hatira-defteri-5\/","title":{"rendered":"Bir Delinin Hat\u0131ra Defteri"},"content":{"rendered":"<p>K\u00fc\u00e7\u00fck adamlar b\u00fcy\u00fck makam ve r\u00fctbe tutkusunun bedelini, ruh sa\u011fl\u0131\u011f\u0131n\u0131 kaybederek \u00f6demektedir.   Nikolay Vasilyevi\u00e7 Gogol Rusya\u2019n\u0131n \u00e7\u00fcr\u00fcm\u00fc\u015f b\u00fcrokrasisini, ger\u00e7ek\u00e7i kalemiyle k\u00fc\u00e7\u00fck adamlar \u00fczerinden anlatmaktad\u0131r. Bir Delinin Hat\u0131ra Defteri\u2019nde orta h\u00e2lli bir memurun \u00e2\u015f\u0131k oldu\u011fu kad\u0131n taraf\u0131ndan fark edilmeyi arzularken g\u00fcnden g\u00fcne delirip kendini \u0130spanya Kral\u0131 ilan etmesine kadar s\u00fcreci anlat\u0131rken Portre\u2019de ise yoksulluk i\u00e7inde ya\u015fayan yetenekli ressam Chartkov\u2019un bir d\u00fckk\u00e2ndan sat\u0131n ald\u0131\u011f\u0131 gizemli portreden sonra \u00f6n\u00fcne sunulan iki yoldan birini se\u00e7erken ya\u015fad\u0131\u011f\u0131 teredd\u00fct\u00fc anlatmaktad\u0131r.   Gogol ile birlikte Rus edebiyat\u0131, Bat\u0131 etkisinden kurtulmu\u015f, kendi kimli\u011fini kazanmaya ba\u015flam\u0131\u015ft\u0131r. Ger\u00e7ek\u00e7i fakat bir o kadar da fantastik karakterler d\u00f6nemin Rusya\u2019s\u0131n\u0131n ta kendisidir. Hik\u00e2yelerinde g\u00fcnl\u00fck hayat\u0131 ve baya\u011f\u0131 ki\u015filikleri, zaman zaman mizah\u00ee zaman zaman \u00f6fkeye varan bir \u015fekilde yeren Gogol\u2019\u00fcn kahramanlar\u0131 \u201cBir Delinin Hat\u0131ra Defteri\u201dnden f\u0131rlam\u0131\u015f gibidir, anlat\u0131c\u0131lar t\u00fcm hayret edici \u201cPortre\u201dleriyle okura \u00f6zenli \u00e7eviri ve edisyonu ile takdim edilmi\u015ftir. <\/p>\n","protected":false},"excerpt":{"rendered":"<p>K\u00fc\u00e7\u00fck adamlar b\u00fcy\u00fck makam ve r\u00fctbe tutkusunun bedelini, ruh sa\u011fl\u0131\u011f\u0131n\u0131 kaybederek \u00f6demektedir. Nikolay Vasilyevi\u00e7 Gogol Rusya\u2019n\u0131n \u00e7\u00fcr\u00fcm\u00fc\u015f b\u00fcrokrasisini, ger\u00e7ek\u00e7i kalemiyle k\u00fc\u00e7\u00fck adamlar \u00fczerinden anlatmaktad\u0131r. Bir Delinin<span class=\"excerpt-hellip\"> [\u2026]<\/span><\/p>\n","protected":false},"featured_media":0,"template":"","meta":{"_monsterinsights_skip_tracking":false,"_monsterinsights_sitenote_active":false,"_monsterinsights_sitenote_note":"","_monsterinsights_sitenote_category":0},"product_brand":[],"product_cat":[12291,18202],"product_tag":[],"class_list":{"0":"post-739008","1":"product","2":"type-product","3":"status-publish","5":"product_cat-edebiyat","6":"product_cat-hikaye","7":"pa_cilt-ciltsiz","8":"pa_tur-kitap","9":"pa_yayinevi-dokuz-yayinlari","10":"pa_yazar-nikolay-vasilyevic-gogol","12":"first","13":"instock","14":"sale","15":"shipping-taxable","16":"purchasable","17":"product-type-simple"},"_links":{"self":[{"href":"https:\/\/roveyayinevi.com.tr\/index.php\/wp-json\/wp\/v2\/product\/739008","targetHints":{"allow":["GET"]}}],"collection":[{"href":"https:\/\/roveyayinevi.com.tr\/index.php\/wp-json\/wp\/v2\/product"}],"about":[{"href":"https:\/\/roveyayinevi.com.tr\/index.php\/wp-json\/wp\/v2\/types\/product"}],"wp:attachment":[{"href":"https:\/\/roveyayinevi.com.tr\/index.php\/wp-json\/wp\/v2\/media?parent=739008"}],"wp:term":[{"taxonomy":"product_brand","embeddable":true,"href":"https:\/\/roveyayinevi.com.tr\/index.php\/wp-json\/wp\/v2\/product_brand?post=739008"},{"taxonomy":"product_cat","embeddable":true,"href":"https:\/\/roveyayinevi.com.tr\/index.php\/wp-json\/wp\/v2\/product_cat?post=739008"},{"taxonomy":"product_tag","embeddable":true,"href":"https:\/\/roveyayinevi.com.tr\/index.php\/wp-json\/wp\/v2\/product_tag?post=739008"}],"curies":[{"name":"wp","href":"https:\/\/api.w.org\/{rel}","templated":true}]}}