{"id":739000,"date":"2025-08-28T00:01:33","date_gmt":"2025-08-27T21:01:33","guid":{"rendered":"https:\/\/roveyayinevi.com.tr\/index.php\/urun\/hayat-ask-olum\/"},"modified":"2026-04-16T02:49:22","modified_gmt":"2026-04-15T23:49:22","slug":"hayat-ask-olum","status":"publish","type":"product","link":"https:\/\/roveyayinevi.com.tr\/index.php\/urun\/hayat-ask-olum\/","title":{"rendered":"Hayat &#8211; A\u015fk &#8211; \u00d6l\u00fcm"},"content":{"rendered":"<p>\u201c39-48-57-66-75  Bir de 9 no\u2019lu kitap\u201d   Bir not \u0131\u015f\u0131\u011f\u0131nda ba\u015flayan macera, ba\u015fka bir notla nihayete eriyor. Olivier ve Jacques amcan\u0131n yolu kesi\u015fince Olivier\u2019nin hayat \u00e7izgisi de kesinle\u015fiyor. Hayat\u0131n, a\u015fk\u0131n ve \u00f6l\u00fcm\u00fcn aras\u0131nda nitelikli bir yolculu\u011fa \u00e7\u0131kmaya haz\u0131r m\u0131s\u0131n\u0131z? <\/p>\n","protected":false},"excerpt":{"rendered":"<p>\u201c39-48-57-66-75 Bir de 9 no\u2019lu kitap\u201d Bir not \u0131\u015f\u0131\u011f\u0131nda ba\u015flayan macera, ba\u015fka bir notla nihayete eriyor. Olivier ve Jacques amcan\u0131n yolu kesi\u015fince Olivier\u2019nin hayat \u00e7izgisi de<span class=\"excerpt-hellip\"> [\u2026]<\/span><\/p>\n","protected":false},"featured_media":0,"template":"","meta":{"_monsterinsights_skip_tracking":false,"_monsterinsights_sitenote_active":false,"_monsterinsights_sitenote_note":"","_monsterinsights_sitenote_category":0},"product_brand":[],"product_cat":[12291,12711],"product_tag":[],"class_list":{"0":"post-739000","1":"product","2":"type-product","3":"status-publish","5":"product_cat-edebiyat","6":"product_cat-roman-oyku","7":"pa_cilt-ciltsiz","8":"pa_tur-kitap","9":"pa_yayinevi-elpis-yayinlari","10":"pa_yazar-mehmet-arikan","12":"first","13":"instock","14":"sale","15":"shipping-taxable","16":"purchasable","17":"product-type-simple"},"_links":{"self":[{"href":"https:\/\/roveyayinevi.com.tr\/index.php\/wp-json\/wp\/v2\/product\/739000","targetHints":{"allow":["GET"]}}],"collection":[{"href":"https:\/\/roveyayinevi.com.tr\/index.php\/wp-json\/wp\/v2\/product"}],"about":[{"href":"https:\/\/roveyayinevi.com.tr\/index.php\/wp-json\/wp\/v2\/types\/product"}],"wp:attachment":[{"href":"https:\/\/roveyayinevi.com.tr\/index.php\/wp-json\/wp\/v2\/media?parent=739000"}],"wp:term":[{"taxonomy":"product_brand","embeddable":true,"href":"https:\/\/roveyayinevi.com.tr\/index.php\/wp-json\/wp\/v2\/product_brand?post=739000"},{"taxonomy":"product_cat","embeddable":true,"href":"https:\/\/roveyayinevi.com.tr\/index.php\/wp-json\/wp\/v2\/product_cat?post=739000"},{"taxonomy":"product_tag","embeddable":true,"href":"https:\/\/roveyayinevi.com.tr\/index.php\/wp-json\/wp\/v2\/product_tag?post=739000"}],"curies":[{"name":"wp","href":"https:\/\/api.w.org\/{rel}","templated":true}]}}