{"id":738999,"date":"2025-08-28T00:01:32","date_gmt":"2025-08-27T21:01:32","guid":{"rendered":"https:\/\/roveyayinevi.com.tr\/index.php\/urun\/icimde-sakli-kalanlar\/"},"modified":"2026-04-16T02:49:22","modified_gmt":"2026-04-15T23:49:22","slug":"icimde-sakli-kalanlar","status":"publish","type":"product","link":"https:\/\/roveyayinevi.com.tr\/index.php\/urun\/icimde-sakli-kalanlar\/","title":{"rendered":"\u0130\u00e7imde Sakl\u0131 Kalanlar"},"content":{"rendered":"<p>\u201cHer insan\u0131n i\u00e7inde sakl\u0131 kalan s\u00f6zc\u00fckler vard\u0131r, baz\u0131 kelimeler i\u00e7imizde kalmamal\u0131\u2026\u201d   Bir gen\u00e7 kad\u0131n\u0131n \u015fiirsel d\u00fc\u015f d\u00fcnyas\u0131n\u0131n kap\u0131lar\u0131 a\u00e7\u0131l\u0131yor\u2026 <\/p>\n","protected":false},"excerpt":{"rendered":"<p>\u201cHer insan\u0131n i\u00e7inde sakl\u0131 kalan s\u00f6zc\u00fckler vard\u0131r, baz\u0131 kelimeler i\u00e7imizde kalmamal\u0131\u2026\u201d Bir gen\u00e7 kad\u0131n\u0131n \u015fiirsel d\u00fc\u015f d\u00fcnyas\u0131n\u0131n kap\u0131lar\u0131 a\u00e7\u0131l\u0131yor\u2026<\/p>\n","protected":false},"featured_media":0,"template":"","meta":{"_monsterinsights_skip_tracking":false,"_monsterinsights_sitenote_active":false,"_monsterinsights_sitenote_note":"","_monsterinsights_sitenote_category":0},"product_brand":[],"product_cat":[12291,12509],"product_tag":[],"class_list":{"0":"post-738999","1":"product","2":"type-product","3":"status-publish","5":"product_cat-edebiyat","6":"product_cat-siir","7":"pa_cilt-ciltsiz","8":"pa_tur-kitap","9":"pa_yayinevi-elpis-yayinlari","10":"pa_yazar-aleyna-aydogdu","12":"first","13":"instock","14":"sale","15":"shipping-taxable","16":"purchasable","17":"product-type-simple"},"_links":{"self":[{"href":"https:\/\/roveyayinevi.com.tr\/index.php\/wp-json\/wp\/v2\/product\/738999","targetHints":{"allow":["GET"]}}],"collection":[{"href":"https:\/\/roveyayinevi.com.tr\/index.php\/wp-json\/wp\/v2\/product"}],"about":[{"href":"https:\/\/roveyayinevi.com.tr\/index.php\/wp-json\/wp\/v2\/types\/product"}],"wp:attachment":[{"href":"https:\/\/roveyayinevi.com.tr\/index.php\/wp-json\/wp\/v2\/media?parent=738999"}],"wp:term":[{"taxonomy":"product_brand","embeddable":true,"href":"https:\/\/roveyayinevi.com.tr\/index.php\/wp-json\/wp\/v2\/product_brand?post=738999"},{"taxonomy":"product_cat","embeddable":true,"href":"https:\/\/roveyayinevi.com.tr\/index.php\/wp-json\/wp\/v2\/product_cat?post=738999"},{"taxonomy":"product_tag","embeddable":true,"href":"https:\/\/roveyayinevi.com.tr\/index.php\/wp-json\/wp\/v2\/product_tag?post=738999"}],"curies":[{"name":"wp","href":"https:\/\/api.w.org\/{rel}","templated":true}]}}