{"id":738998,"date":"2025-08-28T00:01:31","date_gmt":"2025-08-27T21:01:31","guid":{"rendered":"https:\/\/roveyayinevi.com.tr\/index.php\/urun\/her-yerden-hicbir-yere\/"},"modified":"2026-01-29T03:19:57","modified_gmt":"2026-01-29T00:19:57","slug":"her-yerden-hicbir-yere","status":"publish","type":"product","link":"https:\/\/roveyayinevi.com.tr\/index.php\/urun\/her-yerden-hicbir-yere\/","title":{"rendered":"Her Yerden Hi\u00e7bir Yere"},"content":{"rendered":"<p>Do\u011fup b\u00fcy\u00fcd\u00fc\u011f\u00fcn yerde k\u00f6k tutamamak, hi\u00e7bir ulusa, s\u0131n\u0131fa, inanca, kimli\u011fe bel ba\u011flamamak, pasaportlar\u0131n\u0131 ta\u015f\u0131d\u0131\u011f\u0131n \u00fclkelere yurdum diyememek, b\u00fct\u00fcn s\u0131n\u0131rlara big\u00e2ne, yer\u00e7ekiminden azade durmakt\u0131ysa murad\u0131n, \u00e2lemin marifet saymayaca\u011f\u0131n\u0131 ba\u015fard\u0131n i\u015fte&#8230; <\/p>\n","protected":false},"excerpt":{"rendered":"<p>Do\u011fup b\u00fcy\u00fcd\u00fc\u011f\u00fcn yerde k\u00f6k tutamamak, hi\u00e7bir ulusa, s\u0131n\u0131fa, inanca, kimli\u011fe bel ba\u011flamamak, pasaportlar\u0131n\u0131 ta\u015f\u0131d\u0131\u011f\u0131n \u00fclkelere yurdum diyememek, b\u00fct\u00fcn s\u0131n\u0131rlara big\u00e2ne, yer\u00e7ekiminden azade durmakt\u0131ysa murad\u0131n, \u00e2lemin marifet<span class=\"excerpt-hellip\"> [\u2026]<\/span><\/p>\n","protected":false},"featured_media":0,"template":"","meta":{"_monsterinsights_skip_tracking":false,"_monsterinsights_sitenote_active":false,"_monsterinsights_sitenote_note":"","_monsterinsights_sitenote_category":0},"product_brand":[],"product_cat":[12291,12509],"product_tag":[],"class_list":{"0":"post-738998","1":"product","2":"type-product","3":"status-publish","5":"product_cat-edebiyat","6":"product_cat-siir","7":"pa_cilt-ciltsiz","8":"pa_tur-kitap","9":"pa_yayinevi-utopya-yayinevi","10":"pa_yazar-emirali-yagan","12":"first","13":"instock","14":"sale","15":"shipping-taxable","16":"purchasable","17":"product-type-simple"},"_links":{"self":[{"href":"https:\/\/roveyayinevi.com.tr\/index.php\/wp-json\/wp\/v2\/product\/738998","targetHints":{"allow":["GET"]}}],"collection":[{"href":"https:\/\/roveyayinevi.com.tr\/index.php\/wp-json\/wp\/v2\/product"}],"about":[{"href":"https:\/\/roveyayinevi.com.tr\/index.php\/wp-json\/wp\/v2\/types\/product"}],"wp:attachment":[{"href":"https:\/\/roveyayinevi.com.tr\/index.php\/wp-json\/wp\/v2\/media?parent=738998"}],"wp:term":[{"taxonomy":"product_brand","embeddable":true,"href":"https:\/\/roveyayinevi.com.tr\/index.php\/wp-json\/wp\/v2\/product_brand?post=738998"},{"taxonomy":"product_cat","embeddable":true,"href":"https:\/\/roveyayinevi.com.tr\/index.php\/wp-json\/wp\/v2\/product_cat?post=738998"},{"taxonomy":"product_tag","embeddable":true,"href":"https:\/\/roveyayinevi.com.tr\/index.php\/wp-json\/wp\/v2\/product_tag?post=738998"}],"curies":[{"name":"wp","href":"https:\/\/api.w.org\/{rel}","templated":true}]}}