{"id":738997,"date":"2025-08-28T00:01:30","date_gmt":"2025-08-27T21:01:30","guid":{"rendered":"https:\/\/roveyayinevi.com.tr\/index.php\/urun\/kilavuz-2\/"},"modified":"2026-04-12T02:54:33","modified_gmt":"2026-04-11T23:54:33","slug":"kilavuz-2","status":"publish","type":"product","link":"https:\/\/roveyayinevi.com.tr\/index.php\/urun\/kilavuz-2\/","title":{"rendered":"K\u0131lavuz"},"content":{"rendered":"<p>Bu kitapta \u00f6\u011freneceklerinhayat\u0131n\u0131 de\u011fi\u015ftirebilir ve bak\u0131\u015f a\u00e7\u0131n\u0131 daha iyi, daha pozitif olarak geni\u015fletip, seni bir ba\u015far\u0131dan bir ba\u015far\u0131ya ula\u015ft\u0131rabilir. Burada sunulan fikirler, teknikler, uygulamalar ve stratejiler ile kendini daha iyi tan\u0131y\u0131p, i\u00e7indeki g\u00fcc\u00fcn fark\u0131na varacaks\u0131n ve hayat\u0131n\u0131n her alan\u0131nda her amac\u0131na ula\u015facaks\u0131n.<\/p>\n","protected":false},"excerpt":{"rendered":"<p>Bu kitapta \u00f6\u011freneceklerinhayat\u0131n\u0131 de\u011fi\u015ftirebilir ve bak\u0131\u015f a\u00e7\u0131n\u0131 daha iyi, daha pozitif olarak geni\u015fletip, seni bir ba\u015far\u0131dan bir ba\u015far\u0131ya ula\u015ft\u0131rabilir. Burada sunulan fikirler, teknikler, uygulamalar ve stratejiler<span class=\"excerpt-hellip\"> [\u2026]<\/span><\/p>\n","protected":false},"featured_media":0,"template":"","meta":{"_monsterinsights_skip_tracking":false,"_monsterinsights_sitenote_active":false,"_monsterinsights_sitenote_note":"","_monsterinsights_sitenote_category":0},"product_brand":[],"product_cat":[12364,12376],"product_tag":[],"class_list":{"0":"post-738997","1":"product","2":"type-product","3":"status-publish","5":"product_cat-genel-konular","6":"product_cat-kisisel-gelisim","7":"pa_cilt-ciltsiz","8":"pa_tur-kitap","9":"pa_yayinevi-kuytu-yayinlari","10":"pa_yazar-erol-ozvatan","12":"first","13":"instock","14":"sale","15":"shipping-taxable","16":"purchasable","17":"product-type-simple"},"_links":{"self":[{"href":"https:\/\/roveyayinevi.com.tr\/index.php\/wp-json\/wp\/v2\/product\/738997","targetHints":{"allow":["GET"]}}],"collection":[{"href":"https:\/\/roveyayinevi.com.tr\/index.php\/wp-json\/wp\/v2\/product"}],"about":[{"href":"https:\/\/roveyayinevi.com.tr\/index.php\/wp-json\/wp\/v2\/types\/product"}],"wp:attachment":[{"href":"https:\/\/roveyayinevi.com.tr\/index.php\/wp-json\/wp\/v2\/media?parent=738997"}],"wp:term":[{"taxonomy":"product_brand","embeddable":true,"href":"https:\/\/roveyayinevi.com.tr\/index.php\/wp-json\/wp\/v2\/product_brand?post=738997"},{"taxonomy":"product_cat","embeddable":true,"href":"https:\/\/roveyayinevi.com.tr\/index.php\/wp-json\/wp\/v2\/product_cat?post=738997"},{"taxonomy":"product_tag","embeddable":true,"href":"https:\/\/roveyayinevi.com.tr\/index.php\/wp-json\/wp\/v2\/product_tag?post=738997"}],"curies":[{"name":"wp","href":"https:\/\/api.w.org\/{rel}","templated":true}]}}