{"id":738995,"date":"2025-08-28T00:01:27","date_gmt":"2025-08-27T21:01:27","guid":{"rendered":"https:\/\/roveyayinevi.com.tr\/index.php\/urun\/ey-can\/"},"modified":"2026-04-16T02:49:21","modified_gmt":"2026-04-15T23:49:21","slug":"ey-can","status":"publish","type":"product","link":"https:\/\/roveyayinevi.com.tr\/index.php\/urun\/ey-can\/","title":{"rendered":"Ey Can"},"content":{"rendered":"<p>Ey Can ! Tefekk\u00fcrle birle\u015fen heyecan. Son k\u0131s\u0131mda hayat\u0131mda istisna yeri olan \u00e7ok de\u011ferli \u015fah\u0131slardan, dostlardan, a\u011fabeylerden sadece birka\u00e7 tanesini de vefatlar\u0131 haberi \u00fczerine yazd\u0131\u011f\u0131m \u015fiirlerimi koydum.Bu liste belki ilerde nasip olursa \u00e7ok artabilir. Kimler yaz\u0131lmaz ki\u2026 B\u00fct\u00fcn \u015fiirlerimin tamam\u0131ndan ileride, A\u015eIK PALA D\u0130VANI  olu\u015fmaz m\u0131 ? Neden olmas\u0131n. \u015eu an dosyalar\u0131 haz\u0131r. Bu 5. Kitab\u0131m\u0131zdan sonra  5 dosyay\u0131 da yay\u0131na haz\u0131rlay\u0131p 10\u2019a tamamlamak niyetindeyim. Gerisi de gelir in\u015fallah. Bir k\u0131s\u0131m \u015fiirlerimizin mar\u015f olarak okunmas\u0131, \u015fark\u0131 olarak bestelenmesi,ilahi format\u0131nda okunmas\u0131  da zaman zaman \u00f6rnek \u00e7al\u0131\u015fmalarla g\u00fcndeme  geldi.Ona da, neden olmas\u0131n ki diyoruz. \u0130hlasl\u0131 olsun yeter dedik. Tek gayemiz Rabbin r\u0131zas\u0131n\u0131 kazanmak. <\/p>\n","protected":false},"excerpt":{"rendered":"<p>Ey Can ! Tefekk\u00fcrle birle\u015fen heyecan. Son k\u0131s\u0131mda hayat\u0131mda istisna yeri olan \u00e7ok de\u011ferli \u015fah\u0131slardan, dostlardan, a\u011fabeylerden sadece birka\u00e7 tanesini de vefatlar\u0131 haberi \u00fczerine yazd\u0131\u011f\u0131m \u015fiirlerimi<span class=\"excerpt-hellip\"> [\u2026]<\/span><\/p>\n","protected":false},"featured_media":0,"template":"","meta":{"_monsterinsights_skip_tracking":false,"_monsterinsights_sitenote_active":false,"_monsterinsights_sitenote_note":"","_monsterinsights_sitenote_category":0},"product_brand":[],"product_cat":[12291,12509],"product_tag":[],"class_list":{"0":"post-738995","1":"product","2":"type-product","3":"status-publish","5":"product_cat-edebiyat","6":"product_cat-siir","7":"pa_cilt-ciltsiz","8":"pa_tur-kitap","9":"pa_yayinevi-gulnar-yayinlari","10":"pa_yazar-nureddin-pala","12":"first","13":"instock","14":"sale","15":"shipping-taxable","16":"purchasable","17":"product-type-simple"},"_links":{"self":[{"href":"https:\/\/roveyayinevi.com.tr\/index.php\/wp-json\/wp\/v2\/product\/738995","targetHints":{"allow":["GET"]}}],"collection":[{"href":"https:\/\/roveyayinevi.com.tr\/index.php\/wp-json\/wp\/v2\/product"}],"about":[{"href":"https:\/\/roveyayinevi.com.tr\/index.php\/wp-json\/wp\/v2\/types\/product"}],"wp:attachment":[{"href":"https:\/\/roveyayinevi.com.tr\/index.php\/wp-json\/wp\/v2\/media?parent=738995"}],"wp:term":[{"taxonomy":"product_brand","embeddable":true,"href":"https:\/\/roveyayinevi.com.tr\/index.php\/wp-json\/wp\/v2\/product_brand?post=738995"},{"taxonomy":"product_cat","embeddable":true,"href":"https:\/\/roveyayinevi.com.tr\/index.php\/wp-json\/wp\/v2\/product_cat?post=738995"},{"taxonomy":"product_tag","embeddable":true,"href":"https:\/\/roveyayinevi.com.tr\/index.php\/wp-json\/wp\/v2\/product_tag?post=738995"}],"curies":[{"name":"wp","href":"https:\/\/api.w.org\/{rel}","templated":true}]}}