{"id":738994,"date":"2025-08-28T00:01:26","date_gmt":"2025-08-27T21:01:26","guid":{"rendered":"https:\/\/roveyayinevi.com.tr\/index.php\/urun\/dersimden-tunceliye-giden-yol\/"},"modified":"2026-04-08T02:57:22","modified_gmt":"2026-04-07T23:57:22","slug":"dersimden-tunceliye-giden-yol","status":"publish","type":"product","link":"https:\/\/roveyayinevi.com.tr\/index.php\/urun\/dersimden-tunceliye-giden-yol\/","title":{"rendered":"Dersim&#8217;den Tunceli&#8217;ye Giden Yol"},"content":{"rendered":"<p>1954 y\u0131l\u0131nda Mardin\u2019in Derik il\u00e7esinde do\u011fdu. Aslen Mardin\u2019in \u00d6merli il\u00e7esi \u00c7\u0131naralt\u0131 (Rissin) k\u00f6y\u00fcndendir. \u0130DMMA (Galatasaray) Kimya M\u00fchendisli\u011fi ve ODT\u00dc (Gaziantep Kampusu) \u0130n\u015faat M\u00fchendisli\u011fi mezunudur. \u00dcniversite y\u0131llar\u0131nda \u201cDuygu\u201d adl\u0131 bir senaryo \u00e7al\u0131\u015fmas\u0131nda bulunmu\u015ftur. Bu eser bir Sinema dergisinde fotoroman \u015feklinde senaryo edilmi\u015ftir. 70\u2019li y\u0131llar\u0131n \u015fartlar\u0131nda yazm\u0131\u015f oldu\u011fu, \u201cO\u011ful (roman)\u201d, \u201cPara (roman)\u201d, \u201cToplu(msal) \u015eiirler (\u015fiir)\u201d, \u201c\u015eili Sosyalizmi (ara\u015ft\u0131rma-inceleme)\u201d adl\u0131 kitap \u00e7al\u0131\u015fmalar\u0131 polis taraf\u0131ndan al\u0131nd\u0131\u011f\u0131ndan bu eserlerin bas\u0131lma olana\u011f\u0131 olmam\u0131\u015ft\u0131r. O y\u0131llarda daktilo edilen n\u00fcsha yok edilince yedekleme \u015feklinde bir g\u00fcvenlik olana\u011f\u0131 bulunmuyordu. B\u00fclent Tekin Edebiyat\u00e7\u0131lar Derne\u011fi, BESAM, TYS, G\u00fcneydo\u011fu Gazeteciler Cemiyeti (fahri \u00fcye), Mezopotamya Gazeteciler Cemiyeti ve PEN \u00fcyesidir. G\u0131rg\u0131r Dergisi\u2019nde aral\u0131ks\u0131z dokuz y\u0131l yazd\u0131. Ayr\u0131ca 2010-2011 y\u0131llar\u0131 i\u00e7erisinde KKTC\u2019de yay\u0131nlanan \u2018Afrika\u2019 adl\u0131 gazetede k\u00f6\u015fe yazarl\u0131\u011f\u0131 yapt\u0131. 4 Eyl\u00fcl 2012 ile 31 Ocak 2012 tarihleri aras\u0131nda Dijle Tv\u2019de yay\u0131nlanm\u0131\u015f olan \u201cB\u00fclent Tekin ile Tarafs\u0131z Bak\u0131\u015f\u201d program\u0131n\u0131 sundu. 2013 y\u0131l\u0131nda da bu televizyon program\u0131n\u0131 bir s\u00fcre daha ayn\u0131 televizyonda sunmu\u015ftur. Yay\u0131mlanm\u0131\u015f eserleri: K\u0131z\u0131ldan Sar\u0131ya (\u015fiir), Tarih Tarih Olsun (\u015fiir), Sevdanla Ya\u015fayacaksan (\u015fiir), Kral Situ\u2019nun Hik\u00e2yesi (roman), Bar\u0131\u015fla G\u00fczeldir Sevdam (\u015fiir), Feyyo\u2019nun Felsefesi (roman), \u00d6l\u00fcm\u00fc Vurmak G\u00fcne\u015fi \u00d6pmek (\u015fiir), Bir T\u00fcrkiye \u00c7\u0131kmaz\u0131 (deneme), Kartal Yuvas\u0131-Mardin Tarih\u00e7edir-(tarihi roman), K\u00f6pekle\u015fmenin \u015eerefi (mizah\/deneme), Vatan Millet Diyarbak\u0131r (mizah\/deneme), K\u00fcrt Sorunu Ve Say\u0131lmayan \u0130syanlar (ara\u015ft\u0131rma\/inceleme), Ana Tanr\u0131\u00e7adan Modern K\u00f6leye (deneme), Kanayan Topraklar (Simko, Berzenci, Ko\u00e7giri) 1919-1923 (ara\u015ft\u0131rma\/inceleme), Cumhuriyet D\u00f6nemi \u0130lk K\u00fcrt \u0130syanlar\u0131 1924-1926 (ara\u015ft\u0131rma\/inceleme), Taarruz Y\u0131llar\u0131 1926-1930 (ara\u015ft\u0131rma\/inceleme), Dersim&#8217;den Tunceli&#8217;ye Giden Yol 1930-1938 (ara\u015ft\u0131rma\/inceleme), Yak\u0131n Tarihte K\u00fcrt Sorunu: 40&#8217;lardan PKK&#8217;ye (1940-G\u00fcn\u00fcm\u00fcz) (ara\u015ft\u0131rma\/inceleme).(Tan\u0131t\u0131m B\u00fclteninden) <\/p>\n","protected":false},"excerpt":{"rendered":"<p>1954 y\u0131l\u0131nda Mardin\u2019in Derik il\u00e7esinde do\u011fdu. Aslen Mardin\u2019in \u00d6merli il\u00e7esi \u00c7\u0131naralt\u0131 (Rissin) k\u00f6y\u00fcndendir. \u0130DMMA (Galatasaray) Kimya M\u00fchendisli\u011fi ve ODT\u00dc (Gaziantep Kampusu) \u0130n\u015faat M\u00fchendisli\u011fi mezunudur. \u00dcniversite y\u0131llar\u0131nda<span class=\"excerpt-hellip\"> [\u2026]<\/span><\/p>\n","protected":false},"featured_media":0,"template":"","meta":{"_monsterinsights_skip_tracking":false,"_monsterinsights_sitenote_active":false,"_monsterinsights_sitenote_note":"","_monsterinsights_sitenote_category":0},"product_brand":[],"product_cat":[12291,12711],"product_tag":[],"class_list":{"0":"post-738994","1":"product","2":"type-product","3":"status-publish","5":"product_cat-edebiyat","6":"product_cat-roman-oyku","7":"pa_cilt-ciltsiz","8":"pa_tur-kitap","9":"pa_yayinevi-delal-yayinlari","10":"pa_yazar-bulent-tekin","12":"first","13":"instock","14":"sale","15":"shipping-taxable","16":"purchasable","17":"product-type-simple"},"_links":{"self":[{"href":"https:\/\/roveyayinevi.com.tr\/index.php\/wp-json\/wp\/v2\/product\/738994","targetHints":{"allow":["GET"]}}],"collection":[{"href":"https:\/\/roveyayinevi.com.tr\/index.php\/wp-json\/wp\/v2\/product"}],"about":[{"href":"https:\/\/roveyayinevi.com.tr\/index.php\/wp-json\/wp\/v2\/types\/product"}],"wp:attachment":[{"href":"https:\/\/roveyayinevi.com.tr\/index.php\/wp-json\/wp\/v2\/media?parent=738994"}],"wp:term":[{"taxonomy":"product_brand","embeddable":true,"href":"https:\/\/roveyayinevi.com.tr\/index.php\/wp-json\/wp\/v2\/product_brand?post=738994"},{"taxonomy":"product_cat","embeddable":true,"href":"https:\/\/roveyayinevi.com.tr\/index.php\/wp-json\/wp\/v2\/product_cat?post=738994"},{"taxonomy":"product_tag","embeddable":true,"href":"https:\/\/roveyayinevi.com.tr\/index.php\/wp-json\/wp\/v2\/product_tag?post=738994"}],"curies":[{"name":"wp","href":"https:\/\/api.w.org\/{rel}","templated":true}]}}