{"id":738984,"date":"2025-08-28T00:01:12","date_gmt":"2025-08-27T21:01:12","guid":{"rendered":"https:\/\/roveyayinevi.com.tr\/index.php\/urun\/mecburiyet-6\/"},"modified":"2026-04-16T02:49:21","modified_gmt":"2026-04-15T23:49:21","slug":"mecburiyet-6","status":"publish","type":"product","link":"https:\/\/roveyayinevi.com.tr\/index.php\/urun\/mecburiyet-6\/","title":{"rendered":"Mecburiyet"},"content":{"rendered":"<p>H\u00e2l\u00e2 konu\u015fmuyorlard\u0131. Ama Paula onu usulca tutup pencere \u00f6n\u00fcne g\u00f6t\u00fcrd\u00fc. D\u0131\u015farda ne yapt\u0131\u011f\u0131n\u0131 bilmeyen insanl\u0131\u011f\u0131n yaratm\u0131\u015f oldu\u011fu ac\u0131dan uzak, sonsuz bir d\u00fcnya duruyordu ve onun i\u00e7in parl\u0131yordu; sonsuz g\u00f6ky\u00fcz\u00fcn\u00fcn alt\u0131ndaki sonsuz y\u0131ld\u0131zlar&#8230; Ba\u015f\u0131n\u0131 g\u00f6ky\u00fcz\u00fcne kald\u0131rd\u0131 ve d\u00fcnyadaki insanlar i\u00e7in kendi yasalar\u0131n\u0131n d\u0131\u015f\u0131nda bir yasan\u0131n olmad\u0131\u011f\u0131n\u0131, birbirlerine ba\u011fl\u0131l\u0131k d\u0131\u015f\u0131nda ger\u00e7ek bir ba\u011fl\u0131l\u0131k olmad\u0131\u011f\u0131n\u0131 b\u00fct\u00fcn y\u00fcre\u011fiyle anlad\u0131. Dudaklar\u0131n\u0131n yak\u0131n\u0131nda kar\u0131s\u0131n\u0131n huzurlu nefes al\u0131\u015fveri\u015fini duyumsuyordu ve bazen bedenleri de birbirlerini hissetmenin mutlulu\u011fuyla titriyordu. Fakat susuyorlard\u0131. Y\u00fcrekleri; b\u00fct\u00fcn kelimelerin ve insanlar\u0131n koydu\u011fu yasalardan uzak, sonsuz \u00f6zg\u00fcrl\u00fc\u011f\u00fcn huzuru i\u00e7erisindeydi. * * * * * Mecburiyet; sava\u015f s\u0131ras\u0131nda askere al\u0131nmamak i\u00e7in \u0130svi\u00e7re\u2019ye ka\u00e7an ressam Ferdinand\u2019\u0131n, askerlik i\u015flemleri i\u00e7in konsoloslu\u011fa \u00e7a\u011fr\u0131lmas\u0131n\u0131n, kar\u0131s\u0131n\u0131n \u015fiddetle kar\u015f\u0131 \u00e7\u0131kmas\u0131na ra\u011fmen kendisini gitmek mecburiyetinde hissetmesinin ve insan\u0131n ya\u015fad\u0131\u011f\u0131 kar\u015f\u0131 konulmaz duygular, \u00e7eli\u015fkiler ile \u00e7at\u0131\u015fmalar\u0131n anlat\u0131ld\u0131\u011f\u0131 hik\u00e2yesidir. <\/p>\n","protected":false},"excerpt":{"rendered":"<p>H\u00e2l\u00e2 konu\u015fmuyorlard\u0131. Ama Paula onu usulca tutup pencere \u00f6n\u00fcne g\u00f6t\u00fcrd\u00fc. D\u0131\u015farda ne yapt\u0131\u011f\u0131n\u0131 bilmeyen insanl\u0131\u011f\u0131n yaratm\u0131\u015f oldu\u011fu ac\u0131dan uzak, sonsuz bir d\u00fcnya duruyordu ve onun i\u00e7in<span class=\"excerpt-hellip\"> [\u2026]<\/span><\/p>\n","protected":false},"featured_media":0,"template":"","meta":{"_monsterinsights_skip_tracking":false,"_monsterinsights_sitenote_active":false,"_monsterinsights_sitenote_note":"","_monsterinsights_sitenote_category":0},"product_brand":[],"product_cat":[12291,12711],"product_tag":[],"class_list":{"0":"post-738984","1":"product","2":"type-product","3":"status-publish","5":"product_cat-edebiyat","6":"product_cat-roman-oyku","7":"pa_cilt-ciltsiz","8":"pa_tur-kitap","9":"pa_yayinevi-cinaralti-yayinlari","10":"pa_yazar-stefan-zweig","12":"first","13":"instock","14":"sale","15":"shipping-taxable","16":"purchasable","17":"product-type-simple"},"_links":{"self":[{"href":"https:\/\/roveyayinevi.com.tr\/index.php\/wp-json\/wp\/v2\/product\/738984","targetHints":{"allow":["GET"]}}],"collection":[{"href":"https:\/\/roveyayinevi.com.tr\/index.php\/wp-json\/wp\/v2\/product"}],"about":[{"href":"https:\/\/roveyayinevi.com.tr\/index.php\/wp-json\/wp\/v2\/types\/product"}],"wp:attachment":[{"href":"https:\/\/roveyayinevi.com.tr\/index.php\/wp-json\/wp\/v2\/media?parent=738984"}],"wp:term":[{"taxonomy":"product_brand","embeddable":true,"href":"https:\/\/roveyayinevi.com.tr\/index.php\/wp-json\/wp\/v2\/product_brand?post=738984"},{"taxonomy":"product_cat","embeddable":true,"href":"https:\/\/roveyayinevi.com.tr\/index.php\/wp-json\/wp\/v2\/product_cat?post=738984"},{"taxonomy":"product_tag","embeddable":true,"href":"https:\/\/roveyayinevi.com.tr\/index.php\/wp-json\/wp\/v2\/product_tag?post=738984"}],"curies":[{"name":"wp","href":"https:\/\/api.w.org\/{rel}","templated":true}]}}