{"id":738983,"date":"2025-08-28T00:01:11","date_gmt":"2025-08-27T21:01:11","guid":{"rendered":"https:\/\/roveyayinevi.com.tr\/index.php\/urun\/murebbiye-6\/"},"modified":"2026-04-16T02:49:21","modified_gmt":"2026-04-15T23:49:21","slug":"murebbiye-6","status":"publish","type":"product","link":"https:\/\/roveyayinevi.com.tr\/index.php\/urun\/murebbiye-6\/","title":{"rendered":"M\u00fcrebbiye"},"content":{"rendered":"<p>Salon bo\u015falm\u0131\u015ft\u0131, sandalyeyeler h\u00e2l\u00e2 bir tek soluk lamban\u0131n \u0131\u015f\u0131\u011f\u0131nda rastgele itilip kak\u0131ld\u0131klar\u0131 gibi duruyorlard\u0131. Bu cans\u0131z bo\u015flukta esrarengiz bir g\u00f6r\u00fcnt\u00fcleri vard\u0131; istemeden i\u00e7lerinden birine bak\u0131\u015flar\u0131yla benim akl\u0131m\u0131 ba\u015f\u0131mdan alan zarif bir varl\u0131\u011f\u0131n g\u00f6r\u00fcnt\u00fcs\u00fcn\u00fc yerle\u015ftirdim. Varl\u0131\u011f\u0131m\u0131n derinliklerindeki bak\u0131\u015f\u0131 h\u00e2l\u00e2 canl\u0131yd\u0131. Hareket ediyordu ve ben onun karanl\u0131klardan bana do\u011fru par\u0131ldad\u0131\u011f\u0131n\u0131 seziyordum; gizemli bir sezgi onun bu duvarlar\u0131n aras\u0131nda oldu\u011funu hissediyordu ve bu umut kan\u0131m\u0131n kaynamas\u0131na yol a\u00e7\u0131yordu. Ve h\u00e2l\u00e2 \u00e7ok s\u0131cakt\u0131! G\u00f6zlerimi kapat\u0131r kapatmaz, \u00f6n\u00fcmde mor k\u0131v\u0131lc\u0131mlar u\u00e7u\u015fuyordu. \u0130\u00e7imde h\u00e2l\u00e2 beyaz s\u0131cak g\u00fcn alevleniyor ve h\u00e2l\u00e2 \u0131\u015f\u0131ldayan, nemli, k\u0131v\u0131lc\u0131ml\u0131 ola\u011fan\u00fcst\u00fc gece hararetleniyordu. * * * * * M\u00fcrebbiye; Stefan Zweig\u2019\u0131n insan\u0131n kusurlar\u0131n\u0131, zaaflar\u0131n\u0131, \u00f6zlemlerini, kar\u015f\u0131la\u015ft\u0131\u011f\u0131 engelleyici durumlar\u0131n\u0131 ustaca anlatt\u0131\u011f\u0131 birbirinden g\u00fczel bir \u00f6yk\u00fc derlemesidir. <\/p>\n","protected":false},"excerpt":{"rendered":"<p>Salon bo\u015falm\u0131\u015ft\u0131, sandalyeyeler h\u00e2l\u00e2 bir tek soluk lamban\u0131n \u0131\u015f\u0131\u011f\u0131nda rastgele itilip kak\u0131ld\u0131klar\u0131 gibi duruyorlard\u0131. Bu cans\u0131z bo\u015flukta esrarengiz bir g\u00f6r\u00fcnt\u00fcleri vard\u0131; istemeden i\u00e7lerinden birine bak\u0131\u015flar\u0131yla benim<span class=\"excerpt-hellip\"> [\u2026]<\/span><\/p>\n","protected":false},"featured_media":0,"template":"","meta":{"_monsterinsights_skip_tracking":false,"_monsterinsights_sitenote_active":false,"_monsterinsights_sitenote_note":"","_monsterinsights_sitenote_category":0},"product_brand":[],"product_cat":[12291,12711],"product_tag":[],"class_list":{"0":"post-738983","1":"product","2":"type-product","3":"status-publish","5":"product_cat-edebiyat","6":"product_cat-roman-oyku","7":"pa_cilt-ciltsiz","8":"pa_tur-kitap","9":"pa_yayinevi-cinaralti-yayinlari","10":"pa_yazar-stefan-zweig","12":"first","13":"instock","14":"sale","15":"shipping-taxable","16":"purchasable","17":"product-type-simple"},"_links":{"self":[{"href":"https:\/\/roveyayinevi.com.tr\/index.php\/wp-json\/wp\/v2\/product\/738983","targetHints":{"allow":["GET"]}}],"collection":[{"href":"https:\/\/roveyayinevi.com.tr\/index.php\/wp-json\/wp\/v2\/product"}],"about":[{"href":"https:\/\/roveyayinevi.com.tr\/index.php\/wp-json\/wp\/v2\/types\/product"}],"wp:attachment":[{"href":"https:\/\/roveyayinevi.com.tr\/index.php\/wp-json\/wp\/v2\/media?parent=738983"}],"wp:term":[{"taxonomy":"product_brand","embeddable":true,"href":"https:\/\/roveyayinevi.com.tr\/index.php\/wp-json\/wp\/v2\/product_brand?post=738983"},{"taxonomy":"product_cat","embeddable":true,"href":"https:\/\/roveyayinevi.com.tr\/index.php\/wp-json\/wp\/v2\/product_cat?post=738983"},{"taxonomy":"product_tag","embeddable":true,"href":"https:\/\/roveyayinevi.com.tr\/index.php\/wp-json\/wp\/v2\/product_tag?post=738983"}],"curies":[{"name":"wp","href":"https:\/\/api.w.org\/{rel}","templated":true}]}}