{"id":738978,"date":"2025-08-28T00:01:03","date_gmt":"2025-08-27T21:01:03","guid":{"rendered":"https:\/\/roveyayinevi.com.tr\/index.php\/urun\/buyuklere-kucuklere-masallar\/"},"modified":"2026-04-11T14:08:32","modified_gmt":"2026-04-11T11:08:32","slug":"buyuklere-kucuklere-masallar","status":"publish","type":"product","link":"https:\/\/roveyayinevi.com.tr\/index.php\/urun\/buyuklere-kucuklere-masallar\/","title":{"rendered":"B\u00fcy\u00fcklere K\u00fc\u00e7\u00fcklere Masallar"},"content":{"rendered":"<p>Ya\u015fl\u0131 bir nine \u015eeytan\u2019a, \u201cBen senden daha fazla k\u00f6t\u00fcl\u00fck yapabilirim.\u201d demi\u015f. \u201cDaha fazla k\u0131rar, y\u0131kar, d\u00f6kerim. Daha k\u00f6t\u00fc olaylara neden olabilirim. \u0130stersen yar\u0131\u015f benle.\u201d\u201cBa\u015fla!\u201d demi\u015f \u015eeytan ya\u015fl\u0131 nineye b\u0131y\u0131k alt\u0131ndan g\u00fclerek. \u201cYahu bu moruk kad\u0131n kafay\u0131 yemi\u015f herhalde?!. D\u00fcnyada benden k\u00f6t\u00fcs\u00fc var m\u0131 ki?\u201dYa\u015fl\u0131 nine hemen i\u015fe koyulmu\u015f. Etraf\u0131ndan sorup soru\u015fturmu\u015f. (&#8230;)Kekli\u011fin biri \u00e7ok g\u00fczel \u00f6t\u00fcyormu\u015f. \u015eahin sesi i\u015fitmi\u015f, \u00e7ok ho\u015funa gitmi\u015f. Bir g\u00fcn dal\u0131n \u00fcst\u00fcne t\u00fcnemi\u015f. Keklik \u00f6terken \u015fahin ona \u201cSeninle arkada\u015f olmak istiyorum!\u201d demi\u015f. Keklik \u00fcrkm\u00fc\u015f.\u201cKorkma!\u201d demi\u015f kendisine g\u00fcvenmeyen kekli\u011fe. \u201cBana g\u00fcven. Hatta seninle t\u00fcm keklikler ve \u015fahinler ad\u0131na anla\u015fma yapaca\u011f\u0131m: \u015eahinler sizleri \u00fcrk\u00fctmesin diye al\u00e7aktan u\u00e7mas\u0131n, sizlerin \u00fcst\u00fcn\u00fczden hi\u00e7 u\u00e7mas\u0131nlar.\u201dB\u00f6ylece arkada\u015f olmu\u015flar. \u015eahin art\u0131k kekli\u011fin yuvas\u0131na bile gidiyormu\u015f. (&#8230;)<\/p>\n","protected":false},"excerpt":{"rendered":"<p>Ya\u015fl\u0131 bir nine \u015eeytan\u2019a, \u201cBen senden daha fazla k\u00f6t\u00fcl\u00fck yapabilirim.\u201d demi\u015f. \u201cDaha fazla k\u0131rar, y\u0131kar, d\u00f6kerim. Daha k\u00f6t\u00fc olaylara neden olabilirim. \u0130stersen yar\u0131\u015f benle.\u201d\u201cBa\u015fla!\u201d demi\u015f \u015eeytan<span class=\"excerpt-hellip\"> [\u2026]<\/span><\/p>\n","protected":false},"featured_media":0,"template":"","meta":{"_monsterinsights_skip_tracking":false,"_monsterinsights_sitenote_active":false,"_monsterinsights_sitenote_note":"","_monsterinsights_sitenote_category":0},"product_brand":[],"product_cat":[12274,12284],"product_tag":[],"class_list":{"0":"post-738978","1":"product","2":"type-product","3":"status-publish","5":"product_cat-cocuk-ve-genclik-kitaplari","6":"product_cat-hikayeler","7":"pa_cilt-ciltsiz","8":"pa_tur-kitap","9":"pa_yayinevi-delal-yayinlari","10":"pa_yazar-bulent-tekin","12":"first","13":"instock","14":"sale","15":"shipping-taxable","16":"purchasable","17":"product-type-simple"},"_links":{"self":[{"href":"https:\/\/roveyayinevi.com.tr\/index.php\/wp-json\/wp\/v2\/product\/738978","targetHints":{"allow":["GET"]}}],"collection":[{"href":"https:\/\/roveyayinevi.com.tr\/index.php\/wp-json\/wp\/v2\/product"}],"about":[{"href":"https:\/\/roveyayinevi.com.tr\/index.php\/wp-json\/wp\/v2\/types\/product"}],"wp:attachment":[{"href":"https:\/\/roveyayinevi.com.tr\/index.php\/wp-json\/wp\/v2\/media?parent=738978"}],"wp:term":[{"taxonomy":"product_brand","embeddable":true,"href":"https:\/\/roveyayinevi.com.tr\/index.php\/wp-json\/wp\/v2\/product_brand?post=738978"},{"taxonomy":"product_cat","embeddable":true,"href":"https:\/\/roveyayinevi.com.tr\/index.php\/wp-json\/wp\/v2\/product_cat?post=738978"},{"taxonomy":"product_tag","embeddable":true,"href":"https:\/\/roveyayinevi.com.tr\/index.php\/wp-json\/wp\/v2\/product_tag?post=738978"}],"curies":[{"name":"wp","href":"https:\/\/api.w.org\/{rel}","templated":true}]}}