{"id":738972,"date":"2025-08-28T00:00:55","date_gmt":"2025-08-27T21:00:55","guid":{"rendered":"https:\/\/roveyayinevi.com.tr\/index.php\/urun\/ozde-bilim\/"},"modified":"2026-04-16T02:49:20","modified_gmt":"2026-04-15T23:49:20","slug":"ozde-bilim","status":"publish","type":"product","link":"https:\/\/roveyayinevi.com.tr\/index.php\/urun\/ozde-bilim\/","title":{"rendered":"\u00d6zde Bilim"},"content":{"rendered":"<p>Modern teknoloji ve internetin yayg\u0131nla\u015fmas\u0131 insano\u011fluna inan\u0131lmaz b\u00fcy\u00fck bir f\u0131rsat sunmu\u015ftur. Onlarca y\u0131ld\u0131r sadece belli kurumlar\u0131n ve ayr\u0131cal\u0131kl\u0131 ki\u015filerin elinin alt\u0131nda bulunan \u201cbilimsel bilgi\u201d art\u0131k isteyen herkes taraf\u0131ndan ula\u015f\u0131labilir durumdad\u0131r. Bilgiye ula\u015fabilme \u00f6zg\u00fcrl\u00fc\u011f\u00fc a\u00e7\u0131s\u0131ndan ortaya \u00e7\u0131kan bu e\u015fitlik, insanl\u0131k i\u00e7in muazzam bir f\u0131rsat olmas\u0131na ra\u011fmen \u00e7ok b\u00fcy\u00fck bir tehlikeyi de yan\u0131nda getirmi\u015ftir. Zira insanl\u0131\u011f\u0131n ortaya \u00e7\u0131k\u0131\u015f\u0131ndan beri var olmaya devam eden sahtekarl\u0131k ve yalan bilgiler de ayn\u0131 teknolojiyi ve bunun yaratt\u0131\u011f\u0131 \u00f6zg\u00fcrl\u00fc\u011f\u00fc sonuna kadar kullanarak \u00e7ok fazla ki\u015fiye ula\u015fabilmektedir. \u2026   Ellerinizin aras\u0131nda durmakta olan bu kitap bilimi bilenlerin, bilmeyenlere ak\u0131l verdi\u011fi bir kitap de\u011fildir. Haz\u0131r cevap kal\u0131plar\u0131na s\u0131k\u0131\u015fmak yerine sorularla \u00e7\u00f6z\u00fcm arayan ve s\u00f6zde olana kolayca inanmak yerine zaman ve emek harcayarak \u00f6zde olan\u0131 anlamaya \u00e7al\u0131\u015fan insanlarla bulu\u015fmak isteyen bir kitapt\u0131r. Keyifli okumalar\u2026   Yazar Hakk\u0131nda: Orta Do\u011fu Teknik \u00dcniversitesi Biyoloji B\u00f6l\u00fcm\u00fcn\u00fc bitirdikten sonra Biyoloji (ODT\u00dc), Eczac\u0131l\u0131k (Ankara \u00dcniversitesi) ve Farmakoloji (Hacettepe) alanlar\u0131nda 3 adet y\u00fcksek lisans \u00e7al\u0131\u015fmas\u0131n\u0131 tamamlam\u0131\u015ft\u0131r. Hacettepe \u00dcniversitesi&#8217;nde Fizyoloji (t\u0131p) alan\u0131nda doktoras\u0131n\u0131 bitirmi\u015ftir. Halen Hacettepe \u00dcniversitesi T\u0131p Fak\u00fcltesi Fizyoloji Anabilim Dal\u0131nda \u00e7al\u0131\u015fmaya devam etmektedir. Davran\u0131\u015f, beslenme, egzersiz, do\u011fal k\u00f6kenli \u00fcr\u00fcnlerin fizyolojik etkileri ve yaban hayat\u0131 gibi farkl\u0131 konularda \u00e7al\u0131\u015fmalar\u0131 bulunmaktad\u0131r. Ku\u015f Ara\u015ft\u0131rmalar\u0131 Derne\u011finin kurucular\u0131 aras\u0131ndad\u0131r. Evli ve bir \u00e7ocuk babas\u0131d\u0131r.<\/p>\n","protected":false},"excerpt":{"rendered":"<p>Modern teknoloji ve internetin yayg\u0131nla\u015fmas\u0131 insano\u011fluna inan\u0131lmaz b\u00fcy\u00fck bir f\u0131rsat sunmu\u015ftur. Onlarca y\u0131ld\u0131r sadece belli kurumlar\u0131n ve ayr\u0131cal\u0131kl\u0131 ki\u015filerin elinin alt\u0131nda bulunan \u201cbilimsel bilgi\u201d art\u0131k isteyen<span class=\"excerpt-hellip\"> [\u2026]<\/span><\/p>\n","protected":false},"featured_media":0,"template":"","meta":{"_monsterinsights_skip_tracking":false,"_monsterinsights_sitenote_active":false,"_monsterinsights_sitenote_note":"","_monsterinsights_sitenote_category":0},"product_brand":[],"product_cat":[13005,13006],"product_tag":[],"class_list":{"0":"post-738972","1":"product","2":"type-product","3":"status-publish","5":"product_cat-bilim-muhendislik","6":"product_cat-populer-bilim","7":"pa_cilt-ciltsiz","8":"pa_tur-kitap","9":"pa_yayinevi-ortapia","10":"pa_yazar-okan-arihan","12":"first","13":"instock","14":"sale","15":"shipping-taxable","16":"purchasable","17":"product-type-simple"},"_links":{"self":[{"href":"https:\/\/roveyayinevi.com.tr\/index.php\/wp-json\/wp\/v2\/product\/738972","targetHints":{"allow":["GET"]}}],"collection":[{"href":"https:\/\/roveyayinevi.com.tr\/index.php\/wp-json\/wp\/v2\/product"}],"about":[{"href":"https:\/\/roveyayinevi.com.tr\/index.php\/wp-json\/wp\/v2\/types\/product"}],"wp:attachment":[{"href":"https:\/\/roveyayinevi.com.tr\/index.php\/wp-json\/wp\/v2\/media?parent=738972"}],"wp:term":[{"taxonomy":"product_brand","embeddable":true,"href":"https:\/\/roveyayinevi.com.tr\/index.php\/wp-json\/wp\/v2\/product_brand?post=738972"},{"taxonomy":"product_cat","embeddable":true,"href":"https:\/\/roveyayinevi.com.tr\/index.php\/wp-json\/wp\/v2\/product_cat?post=738972"},{"taxonomy":"product_tag","embeddable":true,"href":"https:\/\/roveyayinevi.com.tr\/index.php\/wp-json\/wp\/v2\/product_tag?post=738972"}],"curies":[{"name":"wp","href":"https:\/\/api.w.org\/{rel}","templated":true}]}}