{"id":738968,"date":"2025-08-28T00:00:51","date_gmt":"2025-08-27T21:00:51","guid":{"rendered":"https:\/\/roveyayinevi.com.tr\/index.php\/urun\/kisisel-degerler-ve-cevre-muhasebesi\/"},"modified":"2026-04-16T02:49:20","modified_gmt":"2026-04-15T23:49:20","slug":"kisisel-degerler-ve-cevre-muhasebesi","status":"publish","type":"product","link":"https:\/\/roveyayinevi.com.tr\/index.php\/urun\/kisisel-degerler-ve-cevre-muhasebesi\/","title":{"rendered":"Ki\u015fisel De\u011ferler ve \u00c7evre Muhasebesi"},"content":{"rendered":"<p>\u0130\u00e7indekiler   B\u0130R\u0130NC\u0130 B\u00d6L\u00dcM DE\u011eER KAVRAMI VE K\u0130\u015e\u0130SEL DE\u011eER \u0130K\u0130NC\u0130 B\u00d6L\u00dcM \u00c7EVRE, \u00c7EVRESEL MAL\u0130YETLER VE \u00c7EVRE MUHASEBES\u0130 \u00dc\u00c7\u00dcNC\u00dc B\u00d6L\u00dcM Y\u00d6NET\u0130C\u0130LER\u0130N K\u0130\u015e\u0130SEL DE\u011eERLER\u0130N\u0130N \u00c7EVRE MUHASEBES\u0130 TUTUMLARINA ETK\u0130S\u0130N\u0130N TESP\u0130T\u0130NE Y\u00d6NEL\u0130K ARA\u015eTIRMA  <\/p>\n","protected":false},"excerpt":{"rendered":"<p>\u0130\u00e7indekiler B\u0130R\u0130NC\u0130 B\u00d6L\u00dcM DE\u011eER KAVRAMI VE K\u0130\u015e\u0130SEL DE\u011eER \u0130K\u0130NC\u0130 B\u00d6L\u00dcM \u00c7EVRE, \u00c7EVRESEL MAL\u0130YETLER VE \u00c7EVRE MUHASEBES\u0130 \u00dc\u00c7\u00dcNC\u00dc B\u00d6L\u00dcM Y\u00d6NET\u0130C\u0130LER\u0130N K\u0130\u015e\u0130SEL DE\u011eERLER\u0130N\u0130N \u00c7EVRE MUHASEBES\u0130 TUTUMLARINA ETK\u0130S\u0130N\u0130N TESP\u0130T\u0130NE<span class=\"excerpt-hellip\"> [\u2026]<\/span><\/p>\n","protected":false},"featured_media":0,"template":"","meta":{"_monsterinsights_skip_tracking":false,"_monsterinsights_sitenote_active":false,"_monsterinsights_sitenote_note":"","_monsterinsights_sitenote_category":0},"product_brand":[],"product_cat":[14841,13043],"product_tag":[],"class_list":{"0":"post-738968","1":"product","2":"type-product","3":"status-publish","5":"product_cat-arastirma-inceleme-kuram","6":"product_cat-ekonomi","7":"pa_cilt-ciltsiz","8":"pa_tur-kitap","9":"pa_yayinevi-gazi-kitabevi","10":"pa_yazar-mehmet-guner","12":"first","13":"instock","14":"sale","15":"shipping-taxable","16":"purchasable","17":"product-type-simple"},"_links":{"self":[{"href":"https:\/\/roveyayinevi.com.tr\/index.php\/wp-json\/wp\/v2\/product\/738968","targetHints":{"allow":["GET"]}}],"collection":[{"href":"https:\/\/roveyayinevi.com.tr\/index.php\/wp-json\/wp\/v2\/product"}],"about":[{"href":"https:\/\/roveyayinevi.com.tr\/index.php\/wp-json\/wp\/v2\/types\/product"}],"wp:attachment":[{"href":"https:\/\/roveyayinevi.com.tr\/index.php\/wp-json\/wp\/v2\/media?parent=738968"}],"wp:term":[{"taxonomy":"product_brand","embeddable":true,"href":"https:\/\/roveyayinevi.com.tr\/index.php\/wp-json\/wp\/v2\/product_brand?post=738968"},{"taxonomy":"product_cat","embeddable":true,"href":"https:\/\/roveyayinevi.com.tr\/index.php\/wp-json\/wp\/v2\/product_cat?post=738968"},{"taxonomy":"product_tag","embeddable":true,"href":"https:\/\/roveyayinevi.com.tr\/index.php\/wp-json\/wp\/v2\/product_tag?post=738968"}],"curies":[{"name":"wp","href":"https:\/\/api.w.org\/{rel}","templated":true}]}}