{"id":738966,"date":"2025-08-28T00:00:48","date_gmt":"2025-08-27T21:00:48","guid":{"rendered":"https:\/\/roveyayinevi.com.tr\/index.php\/urun\/felsefeya-perwerdeye\/"},"modified":"2026-04-16T02:49:20","modified_gmt":"2026-04-15T23:49:20","slug":"felsefeya-perwerdeye","status":"publish","type":"product","link":"https:\/\/roveyayinevi.com.tr\/index.php\/urun\/felsefeya-perwerdeye\/","title":{"rendered":"Felsefeya Perwerdeye"},"content":{"rendered":"<p>Felsefe di her heyam\u00ean d\u00eerok\u00ea de bi her away\u00ee bandor\u00ea li ser takekesan \u00fb civakan kiriye. Wiha reng e bandora felsefey\u00ea li ser perwerdey\u00ea j\u00ee heye. Wate \u00fb armanca perwerdey\u00ea bi alikariya felsefey\u00ea t\u00ean diyarkirin. Bernamey\u00ean perwerdey\u00ea li gor\u00ee felsefeya perwerdey\u00ea t\u00ea amadekirin. Di hem\u00fb pergal\u00ean perwerdey\u00ea de \u015fopa felsefey\u00ea heye. Bi gi\u015ft\u00ee ji v\u00ea \u015fop\u00ea re felsefeya perwerdey\u00ea t\u00ea gotin. Di naveroka v\u00ea xebat\u00ea de f\u00eelozof \u00fb zanyar ji h\u00eala felsefeya perwerdey\u00ea ve hatine dah\u00fbrandin. Ev xebat di qada xwe de yekem\u00een e. Di p\u00ea\u015feroj\u00ea de berdewama v\u00ea xebat\u00ea, d\u00ea p\u00eak b\u00ea. Em h\u00eav\u00ee dikin ku ev xebat, ji bo perwerdeya Kurd\u00ee bibe al\u00eekar.<\/p>\n","protected":false},"excerpt":{"rendered":"<p>Felsefe di her heyam\u00ean d\u00eerok\u00ea de bi her away\u00ee bandor\u00ea li ser takekesan \u00fb civakan kiriye. Wiha reng e bandora felsefey\u00ea li ser perwerdey\u00ea j\u00ee heye.<span class=\"excerpt-hellip\"> [\u2026]<\/span><\/p>\n","protected":false},"featured_media":0,"template":"","meta":{"_monsterinsights_skip_tracking":false,"_monsterinsights_sitenote_active":false,"_monsterinsights_sitenote_note":"","_monsterinsights_sitenote_category":0},"product_brand":[],"product_cat":[12291,12711],"product_tag":[],"class_list":{"0":"post-738966","1":"product","2":"type-product","3":"status-publish","5":"product_cat-edebiyat","6":"product_cat-roman-oyku","7":"pa_cilt-ciltsiz","8":"pa_tur-kitap","9":"pa_yayinevi-delal-yayinlari","10":"pa_yazar-ubeydullah-pilatin","12":"first","13":"instock","14":"sale","15":"shipping-taxable","16":"purchasable","17":"product-type-simple"},"_links":{"self":[{"href":"https:\/\/roveyayinevi.com.tr\/index.php\/wp-json\/wp\/v2\/product\/738966","targetHints":{"allow":["GET"]}}],"collection":[{"href":"https:\/\/roveyayinevi.com.tr\/index.php\/wp-json\/wp\/v2\/product"}],"about":[{"href":"https:\/\/roveyayinevi.com.tr\/index.php\/wp-json\/wp\/v2\/types\/product"}],"wp:attachment":[{"href":"https:\/\/roveyayinevi.com.tr\/index.php\/wp-json\/wp\/v2\/media?parent=738966"}],"wp:term":[{"taxonomy":"product_brand","embeddable":true,"href":"https:\/\/roveyayinevi.com.tr\/index.php\/wp-json\/wp\/v2\/product_brand?post=738966"},{"taxonomy":"product_cat","embeddable":true,"href":"https:\/\/roveyayinevi.com.tr\/index.php\/wp-json\/wp\/v2\/product_cat?post=738966"},{"taxonomy":"product_tag","embeddable":true,"href":"https:\/\/roveyayinevi.com.tr\/index.php\/wp-json\/wp\/v2\/product_tag?post=738966"}],"curies":[{"name":"wp","href":"https:\/\/api.w.org\/{rel}","templated":true}]}}