{"id":738958,"date":"2025-08-28T00:00:40","date_gmt":"2025-08-27T21:00:40","guid":{"rendered":"https:\/\/roveyayinevi.com.tr\/index.php\/urun\/kavgam-tam-metin\/"},"modified":"2026-04-16T02:49:19","modified_gmt":"2026-04-15T23:49:19","slug":"kavgam-tam-metin","status":"publish","type":"product","link":"https:\/\/roveyayinevi.com.tr\/index.php\/urun\/kavgam-tam-metin\/","title":{"rendered":"Kavgam (Tam Metin)"},"content":{"rendered":"<p>Hat\u0131rlamak, hayatta kalanlara g\u00fc\u00e7, \u00f6lenlere miras, ailelerine de rahatl\u0131k verir. Ancak bunun da \u00f6tesinde Holokost\u2019un nedenlerini, ilerleyi\u015fini ve sonu\u00e7lar\u0131n\u0131 hat\u0131rlamak, soyk\u0131r\u0131m olgusunu daha iyi kavramam\u0131z\u0131 ve \u0131rksal \u00e7at\u0131\u015fman\u0131n tehlikelerine kar\u015f\u0131 daha duyarl\u0131 bir hale getirir.1920\u2019li y\u0131llar\u0131n ortalar\u0131na de\u011fin Alman ulusal siyasetinde bir lider pozisyonundan ziyade odak noktas\u0131na ald\u0131\u011f\u0131 propaganda \u00fczerine yo\u011funla\u015ft\u0131. Bu andan itibaren hem parti \u00fcyeleri taraf\u0131ndan g\u00f6rd\u00fc\u011f\u00fc destek hem de parti ba\u015fkan\u0131 olarak sahip oldu\u011fu g\u00fc\u00e7 sayesinde daha bask\u0131n olmaya ba\u015flad\u0131. S\u00f6ylemleri bu durumun etkisiyle milliyet\u00e7i gruplar\u0131 bir araya getirmeyi arzulayan bir hale b\u00fcr\u00fcnd\u00fc. Kavgam, Hitler\u2019in zay\u0131f ve sorunlu Almanya\u2019y\u0131 kurtulu\u015fa g\u00f6t\u00fcrecek kahraman\u0131n\u0131n rol\u00fc \u00fczerine bir \u00e7al\u0131\u015fmad\u0131r.Hitler\u2019in bu metni, yaratmak istedi\u011fi toplum idealinin erken bir ifade olarak yorumlanmamal\u0131. Hitler burada kendisini bir ideolog olarak sunar ve \u00e7o\u011fu durumda vizyonunu ger\u00e7ekle\u015ftirmenin gerektirece\u011fi ayr\u0131nt\u0131larla bo\u011fu\u015fmaz. Sendikalar, medyan\u0131n kontrol\u00fc, ittifaklar, ideal Alman e\u011fitim sistemi veya frengi gibi konularda daha somut ve keskin bir dil kullan\u0131r. Yahudilerin Almanya ve d\u00fcnyan\u0131n geri kalan yerleri i\u00e7in olu\u015fturdu\u011fu \u201ctehdit\u201d \u00fczerinde s\u0131k\u00e7a durur ve Yahudi tehdidine kar\u015f\u0131 bir \u201chesapla\u015fma\u201d i\u00e7ine girece\u011finin d\u00f6k\u00fcm\u00fcn\u00fc olu\u015fturur.<\/p>\n","protected":false},"excerpt":{"rendered":"<p>Hat\u0131rlamak, hayatta kalanlara g\u00fc\u00e7, \u00f6lenlere miras, ailelerine de rahatl\u0131k verir. Ancak bunun da \u00f6tesinde Holokost\u2019un nedenlerini, ilerleyi\u015fini ve sonu\u00e7lar\u0131n\u0131 hat\u0131rlamak, soyk\u0131r\u0131m olgusunu daha iyi kavramam\u0131z\u0131 ve<span class=\"excerpt-hellip\"> [\u2026]<\/span><\/p>\n","protected":false},"featured_media":0,"template":"","meta":{"_monsterinsights_skip_tracking":false,"_monsterinsights_sitenote_active":false,"_monsterinsights_sitenote_note":"","_monsterinsights_sitenote_category":0},"product_brand":[],"product_cat":[13059,12337],"product_tag":[],"class_list":{"0":"post-738958","1":"product","2":"type-product","3":"status-publish","5":"product_cat-diger-politika-siyaset","6":"product_cat-politika-siyaset","7":"pa_cilt-ciltsiz","8":"pa_tur-kitap","9":"pa_yayinevi-mirhan-kitap","10":"pa_yazar-adolf-hitler","12":"first","13":"instock","14":"sale","15":"shipping-taxable","16":"purchasable","17":"product-type-simple"},"_links":{"self":[{"href":"https:\/\/roveyayinevi.com.tr\/index.php\/wp-json\/wp\/v2\/product\/738958","targetHints":{"allow":["GET"]}}],"collection":[{"href":"https:\/\/roveyayinevi.com.tr\/index.php\/wp-json\/wp\/v2\/product"}],"about":[{"href":"https:\/\/roveyayinevi.com.tr\/index.php\/wp-json\/wp\/v2\/types\/product"}],"wp:attachment":[{"href":"https:\/\/roveyayinevi.com.tr\/index.php\/wp-json\/wp\/v2\/media?parent=738958"}],"wp:term":[{"taxonomy":"product_brand","embeddable":true,"href":"https:\/\/roveyayinevi.com.tr\/index.php\/wp-json\/wp\/v2\/product_brand?post=738958"},{"taxonomy":"product_cat","embeddable":true,"href":"https:\/\/roveyayinevi.com.tr\/index.php\/wp-json\/wp\/v2\/product_cat?post=738958"},{"taxonomy":"product_tag","embeddable":true,"href":"https:\/\/roveyayinevi.com.tr\/index.php\/wp-json\/wp\/v2\/product_tag?post=738958"}],"curies":[{"name":"wp","href":"https:\/\/api.w.org\/{rel}","templated":true}]}}