{"id":738957,"date":"2025-08-28T00:00:39","date_gmt":"2025-08-27T21:00:39","guid":{"rendered":"https:\/\/roveyayinevi.com.tr\/index.php\/urun\/irade-terbiyesi-6\/"},"modified":"2026-04-16T02:49:19","modified_gmt":"2026-04-15T23:49:19","slug":"irade-terbiyesi-6","status":"publish","type":"product","link":"https:\/\/roveyayinevi.com.tr\/index.php\/urun\/irade-terbiyesi-6\/","title":{"rendered":"\u0130rade Terbiyesi"},"content":{"rendered":"<p>Payot 1859 y\u0131l\u0131nda Chamonix \u015fehrinde do\u011fmu\u015ftur. E\u011fitimi ve akademik kariyeri hakk\u0131nda \u00e7ok az bilgi mevcuttur; bununla birlikle baz\u0131 kaynaklara g\u00f6re laik e\u011fitimin \u00f6nc\u00fc fig\u00fcrlerindendir. 1907 y\u0131l\u0131nda Aix-en-Provence\u2019teki Aix-Marceille \u00dcniversitesi\u2019ne rekt\u00f6r olarak atanm\u0131\u015ft\u0131r. Payot, 1940 y\u0131l\u0131nda vefat etmi\u015ftir. 1909 y\u0131l\u0131nda yay\u0131nlanan, 32\u2019den fazla bask\u0131s\u0131 olan ve sonralar\u0131 bir\u00e7ok dile \u00e7evrilen \u0130rade Terbiyesi, yazar\u0131n en \u00fcnl\u00fc eserleri aras\u0131ndad\u0131r.Jules Payot bu kitab\u0131nda okuyuculara sa\u011flam bir zihnin \u2013tembellikten ar\u0131nm\u0131\u015f bir zihnin- nas\u0131l olu\u015fturulaca\u011f\u0131n\u0131n \u00f6z\u00fcn\u00fc sunar. Payot, bize arzu etti\u011fimiz hayat\u0131 getirecek olan irademizi s\u00fcrekli test ederek \u00e7al\u0131\u015fmada s\u00fcreklili\u011fi vurgular. \u00d6nemsiz meselelerden ve tembel arkada\u015flardan ka\u00e7\u0131nmak, dikkatimizi da\u011f\u0131tmamak ve sebat etmek, bu kitap sa\u00e7mal\u0131klar\u0131 yerle bir ederken, g\u00fcn\u00fcm\u00fcz \u00fcretkenlik bloglar\u0131n\u0131n da \u00e7ok \u00fczerinde kendini g\u00f6steriyor.<\/p>\n","protected":false},"excerpt":{"rendered":"<p>Payot 1859 y\u0131l\u0131nda Chamonix \u015fehrinde do\u011fmu\u015ftur. E\u011fitimi ve akademik kariyeri hakk\u0131nda \u00e7ok az bilgi mevcuttur; bununla birlikle baz\u0131 kaynaklara g\u00f6re laik e\u011fitimin \u00f6nc\u00fc fig\u00fcrlerindendir. 1907 y\u0131l\u0131nda<span class=\"excerpt-hellip\"> [\u2026]<\/span><\/p>\n","protected":false},"featured_media":0,"template":"","meta":{"_monsterinsights_skip_tracking":false,"_monsterinsights_sitenote_active":false,"_monsterinsights_sitenote_note":"","_monsterinsights_sitenote_category":0},"product_brand":[],"product_cat":[12358,12357],"product_tag":[],"class_list":{"0":"post-738957","1":"product","2":"type-product","3":"status-publish","5":"product_cat-genel-psikoloji","6":"product_cat-psikoloji","7":"pa_cilt-ciltsiz","8":"pa_tur-kitap","9":"pa_yayinevi-mirhan-kitap","10":"pa_yazar-jules-payot","12":"first","13":"instock","14":"sale","15":"shipping-taxable","16":"purchasable","17":"product-type-simple"},"_links":{"self":[{"href":"https:\/\/roveyayinevi.com.tr\/index.php\/wp-json\/wp\/v2\/product\/738957","targetHints":{"allow":["GET"]}}],"collection":[{"href":"https:\/\/roveyayinevi.com.tr\/index.php\/wp-json\/wp\/v2\/product"}],"about":[{"href":"https:\/\/roveyayinevi.com.tr\/index.php\/wp-json\/wp\/v2\/types\/product"}],"wp:attachment":[{"href":"https:\/\/roveyayinevi.com.tr\/index.php\/wp-json\/wp\/v2\/media?parent=738957"}],"wp:term":[{"taxonomy":"product_brand","embeddable":true,"href":"https:\/\/roveyayinevi.com.tr\/index.php\/wp-json\/wp\/v2\/product_brand?post=738957"},{"taxonomy":"product_cat","embeddable":true,"href":"https:\/\/roveyayinevi.com.tr\/index.php\/wp-json\/wp\/v2\/product_cat?post=738957"},{"taxonomy":"product_tag","embeddable":true,"href":"https:\/\/roveyayinevi.com.tr\/index.php\/wp-json\/wp\/v2\/product_tag?post=738957"}],"curies":[{"name":"wp","href":"https:\/\/api.w.org\/{rel}","templated":true}]}}