{"id":738956,"date":"2025-08-28T00:00:38","date_gmt":"2025-08-27T21:00:38","guid":{"rendered":"https:\/\/roveyayinevi.com.tr\/index.php\/urun\/kizil-kahkaha-2\/"},"modified":"2026-04-16T02:49:19","modified_gmt":"2026-04-15T23:49:19","slug":"kizil-kahkaha-2","status":"publish","type":"product","link":"https:\/\/roveyayinevi.com.tr\/index.php\/urun\/kizil-kahkaha-2\/","title":{"rendered":"K\u0131z\u0131l Kahkaha"},"content":{"rendered":"<p>K\u0131z\u0131l Kahkaha, Rusya-Japonya sava\u015f\u0131nda Ruslar\u0131n hazin yenilgisini izleyen d\u00f6nemde 1904&#8217;te yaz\u0131lm\u0131\u015ft\u0131r. Bu sava\u015fta 300 bin ki\u015filik \u00c7arl\u0131k ordusu \u00f6l\u00fc, yaral\u0131 ve tutsak olarak 120 bin askerini yitirdi. K\u0131z\u0131l Kahkaha, bir Rus subay\u0131n\u0131n ate\u015fli ve par\u00e7al\u0131 monologudur, insan\u0131n insanl\u0131k d\u0131\u015f\u0131 deh\u015fetinin \u00fcstesinden gelen ve delili\u011fe s\u0131\u011f\u0131nmaya itilen bir monologdur. K\u0131z\u0131l Kahkaha \u0130\u00e7in Andreyev&#8217;in ilk d\u00fc\u015f\u00fcnd\u00fc\u011f\u00fc isim Sava\u015f&#8217;t\u0131r. Sava\u015f\u0131n deh\u015feti, cinneti ve delili\u011fi anlat\u0131r: G\u00f6zler bakmaktan vazge\u00e7mi\u015fti. Andreyev sava\u015f\u0131n tasvirini yapmak yerine insan ruhuna b\u0131rakt\u0131\u011f\u0131 karanl\u0131\u011f\u0131, y\u0131k\u0131m\u0131 ve sonu\u00e7lar\u0131n\u0131 irdeler. K\u0131z\u0131l Kahkaha, anlat\u0131m a\u00e7\u0131c\u0131s\u0131ndan \u00f6nemli bir eseridir. Bu \u00f6nemli eseri sava\u015fa lanet i\u00e7in okurlar\u0131m\u0131za sunuyoruz.(Tan\u0131t\u0131m B\u00fclteninden)<\/p>\n","protected":false},"excerpt":{"rendered":"<p>K\u0131z\u0131l Kahkaha, Rusya-Japonya sava\u015f\u0131nda Ruslar\u0131n hazin yenilgisini izleyen d\u00f6nemde 1904&#8217;te yaz\u0131lm\u0131\u015ft\u0131r. Bu sava\u015fta 300 bin ki\u015filik \u00c7arl\u0131k ordusu \u00f6l\u00fc, yaral\u0131 ve tutsak olarak 120 bin askerini<span class=\"excerpt-hellip\"> [\u2026]<\/span><\/p>\n","protected":false},"featured_media":0,"template":"","meta":{"_monsterinsights_skip_tracking":false,"_monsterinsights_sitenote_active":false,"_monsterinsights_sitenote_note":"","_monsterinsights_sitenote_category":0},"product_brand":[],"product_cat":[12291,12711],"product_tag":[],"class_list":{"0":"post-738956","1":"product","2":"type-product","3":"status-publish","5":"product_cat-edebiyat","6":"product_cat-roman-oyku","7":"pa_cilt-ciltsiz","8":"pa_tur-kitap","9":"pa_yayinevi-mirhan-kitap","10":"pa_yazar-leonid-nikolayevic-andreyev","12":"first","13":"instock","14":"sale","15":"shipping-taxable","16":"purchasable","17":"product-type-simple"},"_links":{"self":[{"href":"https:\/\/roveyayinevi.com.tr\/index.php\/wp-json\/wp\/v2\/product\/738956","targetHints":{"allow":["GET"]}}],"collection":[{"href":"https:\/\/roveyayinevi.com.tr\/index.php\/wp-json\/wp\/v2\/product"}],"about":[{"href":"https:\/\/roveyayinevi.com.tr\/index.php\/wp-json\/wp\/v2\/types\/product"}],"wp:attachment":[{"href":"https:\/\/roveyayinevi.com.tr\/index.php\/wp-json\/wp\/v2\/media?parent=738956"}],"wp:term":[{"taxonomy":"product_brand","embeddable":true,"href":"https:\/\/roveyayinevi.com.tr\/index.php\/wp-json\/wp\/v2\/product_brand?post=738956"},{"taxonomy":"product_cat","embeddable":true,"href":"https:\/\/roveyayinevi.com.tr\/index.php\/wp-json\/wp\/v2\/product_cat?post=738956"},{"taxonomy":"product_tag","embeddable":true,"href":"https:\/\/roveyayinevi.com.tr\/index.php\/wp-json\/wp\/v2\/product_tag?post=738956"}],"curies":[{"name":"wp","href":"https:\/\/api.w.org\/{rel}","templated":true}]}}