{"id":738955,"date":"2025-08-28T00:00:36","date_gmt":"2025-08-27T21:00:36","guid":{"rendered":"https:\/\/roveyayinevi.com.tr\/index.php\/urun\/kadinlar-erkekler-ve-tuhaf-oykuler\/"},"modified":"2026-04-16T02:49:19","modified_gmt":"2026-04-15T23:49:19","slug":"kadinlar-erkekler-ve-tuhaf-oykuler","status":"publish","type":"product","link":"https:\/\/roveyayinevi.com.tr\/index.php\/urun\/kadinlar-erkekler-ve-tuhaf-oykuler\/","title":{"rendered":"Kad\u0131nlar, Erkekler ve Tuhaf \u00d6yk\u00fcler"},"content":{"rendered":"<p>Dut a\u011fac\u0131ndan d\u00fcnyaya bakanlar, bir hayaleti \u00f6penler, kendini dostuyla tamamlayanlar ve malulen emekliler var aram\u0131zda. Sorulmas\u0131 gereken hesaplar, yar\u0131m kalan hayatlar ve s\u00f6ylenmesi gereken \u015fark\u0131lar da var. Meyveyi tad\u0131p hayaleti \u00f6p\u00fcnce, dostumuzu tan\u0131y\u0131p ger\u00e7e\u011fi fark edince tamamlanabiliriz belki. Hesab\u0131 sorup hayat\u0131 ya\u015fad\u0131k\u00e7a ba\u015flayabiliriz kendi \u015fark\u0131m\u0131za. \u00c7\u00fcnk\u00fc bilen bilir, yaln\u0131zca bir keredir d\u00fcnya.Nuri Sevsem G\u00fcrvardar, ikinci kitab\u0131 Kad\u0131nlar, Erkekler ve Tuhaf \u00d6yk\u00fcler ile sadece \u015fa\u015f\u0131rt\u0131c\u0131 hik\u00e2yeler anlatmakla kalmay\u0131p, insana dair yeni bir \u015feyler de s\u00f6yl\u00fcyor. Zekice kurgulanm\u0131\u015f \u00f6yk\u00fcleri, \u00f6zenli dili, tuhaf ama kanl\u0131 canl\u0131 karakterleriyle Kad\u0131nlar, Erkekler ve Tuhaf \u00d6yk\u00fcler uzun zaman zihinlerden silinmeyecek hik\u00e2yeler vadediyor okura.&#8221;Dirseklerini dayad\u0131\u011f\u0131 masan\u0131n zang\u0131r zang\u0131r titremesiyle dald\u0131\u011f\u0131 an\u0131lardan s\u0131yr\u0131l\u0131p kendisini yine izbe lokantada buldu. Sadece masa de\u011fil, hemen yan\u0131ndaki koca cam, bo\u015ftaki sandalyeler ve hatta b\u00fct\u00fcn bina sallan\u0131yordu.\u201cOrmanda uyuklayan kadim k\u00f6t\u00fcl\u00fck uyand\u0131, diye ge\u00e7irdi akl\u0131ndan. Park alan\u0131 olmas\u0131 gereken yere bak\u0131nca, kadim k\u00f6t\u00fcl\u00fc\u011f\u00fcn sisleri yararak lokantan\u0131n \u00f6n\u00fcne yana\u015fmakta oldu\u011funu g\u00f6rd\u00fc. D\u00fcz burunlu, kocaman bir kamyondu bu. Geldi\u011fini haber vermek i\u00e7in olsa gerek, borazan benzeri kornas\u0131n\u0131 ac\u0131 ac\u0131 \u00e7alarak binaya ya\u015fla\u015f\u0131yordu.<\/p>\n","protected":false},"excerpt":{"rendered":"<p>Dut a\u011fac\u0131ndan d\u00fcnyaya bakanlar, bir hayaleti \u00f6penler, kendini dostuyla tamamlayanlar ve malulen emekliler var aram\u0131zda. Sorulmas\u0131 gereken hesaplar, yar\u0131m kalan hayatlar ve s\u00f6ylenmesi gereken \u015fark\u0131lar da<span class=\"excerpt-hellip\"> [\u2026]<\/span><\/p>\n","protected":false},"featured_media":0,"template":"","meta":{"_monsterinsights_skip_tracking":false,"_monsterinsights_sitenote_active":false,"_monsterinsights_sitenote_note":"","_monsterinsights_sitenote_category":0},"product_brand":[],"product_cat":[12291,12711],"product_tag":[],"class_list":{"0":"post-738955","1":"product","2":"type-product","3":"status-publish","5":"product_cat-edebiyat","6":"product_cat-roman-oyku","7":"pa_cilt-ciltsiz","8":"pa_tur-kitap","9":"pa_yayinevi-ithaki-yayinlari","10":"pa_yazar-nuri-sevsem-gurvardar","12":"first","13":"instock","14":"sale","15":"shipping-taxable","16":"purchasable","17":"product-type-simple"},"_links":{"self":[{"href":"https:\/\/roveyayinevi.com.tr\/index.php\/wp-json\/wp\/v2\/product\/738955","targetHints":{"allow":["GET"]}}],"collection":[{"href":"https:\/\/roveyayinevi.com.tr\/index.php\/wp-json\/wp\/v2\/product"}],"about":[{"href":"https:\/\/roveyayinevi.com.tr\/index.php\/wp-json\/wp\/v2\/types\/product"}],"wp:attachment":[{"href":"https:\/\/roveyayinevi.com.tr\/index.php\/wp-json\/wp\/v2\/media?parent=738955"}],"wp:term":[{"taxonomy":"product_brand","embeddable":true,"href":"https:\/\/roveyayinevi.com.tr\/index.php\/wp-json\/wp\/v2\/product_brand?post=738955"},{"taxonomy":"product_cat","embeddable":true,"href":"https:\/\/roveyayinevi.com.tr\/index.php\/wp-json\/wp\/v2\/product_cat?post=738955"},{"taxonomy":"product_tag","embeddable":true,"href":"https:\/\/roveyayinevi.com.tr\/index.php\/wp-json\/wp\/v2\/product_tag?post=738955"}],"curies":[{"name":"wp","href":"https:\/\/api.w.org\/{rel}","templated":true}]}}