{"id":738949,"date":"2025-08-28T00:00:29","date_gmt":"2025-08-27T21:00:29","guid":{"rendered":"https:\/\/roveyayinevi.com.tr\/index.php\/urun\/gorunmez-gemi\/"},"modified":"2026-04-16T02:49:19","modified_gmt":"2026-04-15T23:49:19","slug":"gorunmez-gemi","status":"publish","type":"product","link":"https:\/\/roveyayinevi.com.tr\/index.php\/urun\/gorunmez-gemi\/","title":{"rendered":"G\u00f6r\u00fcnmez Gemi"},"content":{"rendered":"<p>1960\u2019lar T\u00fcrkiye\u2019sinin k\u00fc\u00e7\u00fck, kendi halinde, tipik bir end\u00fcstri kasabas\u0131: Heybetli bacas\u0131yla fabrika, tek katl\u0131 lojmanlar, nefis bir sahil, lokal, tren yolu, kumsal, deniz ve nereye el atsan arkeolojik kal\u0131nt\u0131lar- denizin dibinde, tepelerde, bah\u00e7elerde&#8230; So\u011fuk, karl\u0131 bir k\u0131\u015f\u0131 geride b\u0131rakan kasaba sakinleri, ya\u015fad\u0131klar\u0131 yerin t\u00fcyler \u00fcrpertici s\u0131rr\u0131ndan habersiz, yaz\u0131 d\u00f6rt g\u00f6zle beklemektedirler. J\u00fclide hari\u00e7. J\u00fclide, a\u011fabeyi Tanju taraf\u0131ndan s\u00fcrekli d\u0131\u015flanmaktad\u0131r ve \u00fcstelik hi\u00e7 bir arkada\u015f\u0131 yoktur -hayvanlar\u0131 saymazsak tabii. Bir g\u00fcn ola\u011fan\u00fcst\u00fc bir olaydan sonra kendini m\u00fcthi\u015f bir maceran\u0131n i\u00e7inde bulur. Art\u0131k yeni bir arkada\u015f\u0131 vard\u0131r: Vedat. \u0130kisi birlikte, tarih ile mitolojinin i\u00e7 i\u00e7e ge\u00e7erek s\u0131n\u0131rlar\u0131n\u0131n belirsizle\u015fti\u011fi bir zaman dilimine giderler. Ve ya\u015fad\u0131klar\u0131 yerin inan\u0131lmaz s\u0131r perdesi binlerce y\u0131ll\u0131k bir hik\u00e2ye sarmal\u0131 olarak yava\u015f yava\u015f g\u00f6zlerinin \u00f6n\u00fcnde aralan\u0131r. J\u00fclide ne kadar ileri gittiklerini fark edemez, Vedat\u2019\u0131n hayat\u0131 tehlikeye girer. Onu kurtarmak cesaretini nereden, kimden ald\u0131\u011f\u0131n\u0131 bilemez ama c\u00fcretinin bedelini \u00f6demeye haz\u0131rd\u0131r. Ne yaz\u0131k ki \u00f6l\u00fcms\u00fcz rakibi tahminlerinin \u00fczerinde bir g\u00fcce sahiptir ve \u015fimdi b\u00fct\u00fcn sevdikleri, herkes tehlikededir. Art\u0131k sadece kendi g\u00fcc\u00fcne dayanmak zorundad\u0131r. Her sayfas\u0131 heyecan, gerilim ve ilgin\u00e7 bulu\u015flarla dolu; bir\u00e7ok katman\u0131 olan, \u2018bizden\u2019 diyece\u011fimiz; s\u00fcr\u00fckleyici, yediden yetmi\u015fe herkesin soluk solu\u011fa okuyaca\u011f\u0131 bir kitap.<\/p>\n","protected":false},"excerpt":{"rendered":"<p>1960\u2019lar T\u00fcrkiye\u2019sinin k\u00fc\u00e7\u00fck, kendi halinde, tipik bir end\u00fcstri kasabas\u0131: Heybetli bacas\u0131yla fabrika, tek katl\u0131 lojmanlar, nefis bir sahil, lokal, tren yolu, kumsal, deniz ve nereye el<span class=\"excerpt-hellip\"> [\u2026]<\/span><\/p>\n","protected":false},"featured_media":0,"template":"","meta":{"_monsterinsights_skip_tracking":false,"_monsterinsights_sitenote_active":false,"_monsterinsights_sitenote_note":"","_monsterinsights_sitenote_category":0},"product_brand":[],"product_cat":[12291,12711],"product_tag":[],"class_list":{"0":"post-738949","1":"product","2":"type-product","3":"status-publish","5":"product_cat-edebiyat","6":"product_cat-roman-oyku","7":"pa_cilt-ciltsiz","8":"pa_tur-kitap","9":"pa_yayinevi-herdem-kitap","10":"pa_yazar-necva-g-esen","12":"first","13":"instock","14":"sale","15":"shipping-taxable","16":"purchasable","17":"product-type-simple"},"_links":{"self":[{"href":"https:\/\/roveyayinevi.com.tr\/index.php\/wp-json\/wp\/v2\/product\/738949","targetHints":{"allow":["GET"]}}],"collection":[{"href":"https:\/\/roveyayinevi.com.tr\/index.php\/wp-json\/wp\/v2\/product"}],"about":[{"href":"https:\/\/roveyayinevi.com.tr\/index.php\/wp-json\/wp\/v2\/types\/product"}],"wp:attachment":[{"href":"https:\/\/roveyayinevi.com.tr\/index.php\/wp-json\/wp\/v2\/media?parent=738949"}],"wp:term":[{"taxonomy":"product_brand","embeddable":true,"href":"https:\/\/roveyayinevi.com.tr\/index.php\/wp-json\/wp\/v2\/product_brand?post=738949"},{"taxonomy":"product_cat","embeddable":true,"href":"https:\/\/roveyayinevi.com.tr\/index.php\/wp-json\/wp\/v2\/product_cat?post=738949"},{"taxonomy":"product_tag","embeddable":true,"href":"https:\/\/roveyayinevi.com.tr\/index.php\/wp-json\/wp\/v2\/product_tag?post=738949"}],"curies":[{"name":"wp","href":"https:\/\/api.w.org\/{rel}","templated":true}]}}