{"id":738948,"date":"2025-08-28T00:00:28","date_gmt":"2025-08-27T21:00:28","guid":{"rendered":"https:\/\/roveyayinevi.com.tr\/index.php\/urun\/gogsumun-iki-arasi\/"},"modified":"2026-04-16T02:49:19","modified_gmt":"2026-04-15T23:49:19","slug":"gogsumun-iki-arasi","status":"publish","type":"product","link":"https:\/\/roveyayinevi.com.tr\/index.php\/urun\/gogsumun-iki-arasi\/","title":{"rendered":"G\u00f6\u011fs\u00fcm\u00fcn \u0130ki Aras\u0131"},"content":{"rendered":"<p>\u0130\u00e7imdeki sevdan\u0131n yola d\u00fc\u015fmesi beni senin bulundu\u011fun \u015fehirlere s\u00fcr\u00fckledi. Bilmedi\u011fim \u015fehirlerde senin kokunu arad\u0131m. Y\u00fcre\u011fimin masumiyeti griye boyand\u0131 ama sen gelmedin. Bekledim. Belki de k\u0131\u015f\u0131n pe\u015finden ka\u00e7 yaz ge\u00e7ti de sen benim sana yakla\u015ft\u0131\u011f\u0131m \u015fehirlerden ge\u00e7medin. G\u00fcn\u00fc geldi dedi\u011fim zamanlarda \u00f6l\u00fcm\u00fcn kokusu deldi y\u00fcrek u\u00e7lar\u0131m\u0131. \u00d6l\u00fcm\u00fcn kokusuyla s\u00fcr\u00fcklendi\u011fim u\u00e7urum kenarlar\u0131 ad\u0131na yaz\u0131lm\u0131\u015f birer \u015fiirdi benim i\u00e7in. S\u00fcr\u00fcklendi\u011fim dalgalar\u0131n senin g\u00fcl\u00fc\u015f\u00fcn\u00fc vurmas\u0131 y\u00fcz\u00fcme. Bundan sonras\u0131 olmayan an\u0131lar\u0131m\u0131n pe\u015fine tak\u0131l\u0131p bir \u00e7\u0131\u011fl\u0131\u011f\u0131n i\u00e7inde kaybolmak. Yokoldu\u011fum g\u00fcnlerimin, sessizlikte ba\u011fr\u0131\u015flar\u0131m\u0131n ve griye boyanan \u00f6l\u00fclerin hesab\u0131n\u0131 sorsam sana bir bak\u0131\u015f\u0131n kapat\u0131r m\u0131?<\/p>\n","protected":false},"excerpt":{"rendered":"<p>\u0130\u00e7imdeki sevdan\u0131n yola d\u00fc\u015fmesi beni senin bulundu\u011fun \u015fehirlere s\u00fcr\u00fckledi. Bilmedi\u011fim \u015fehirlerde senin kokunu arad\u0131m. Y\u00fcre\u011fimin masumiyeti griye boyand\u0131 ama sen gelmedin. Bekledim. Belki de k\u0131\u015f\u0131n pe\u015finden<span class=\"excerpt-hellip\"> [\u2026]<\/span><\/p>\n","protected":false},"featured_media":0,"template":"","meta":{"_monsterinsights_skip_tracking":false,"_monsterinsights_sitenote_active":false,"_monsterinsights_sitenote_note":"","_monsterinsights_sitenote_category":0},"product_brand":[],"product_cat":[12291,12711],"product_tag":[],"class_list":{"0":"post-738948","1":"product","2":"type-product","3":"status-publish","5":"product_cat-edebiyat","6":"product_cat-roman-oyku","7":"pa_cilt-ciltsiz","8":"pa_tur-kitap","9":"pa_yayinevi-herdem-kitap","10":"pa_yazar-nurcan-ozgur-gok","12":"first","13":"instock","14":"sale","15":"shipping-taxable","16":"purchasable","17":"product-type-simple"},"_links":{"self":[{"href":"https:\/\/roveyayinevi.com.tr\/index.php\/wp-json\/wp\/v2\/product\/738948","targetHints":{"allow":["GET"]}}],"collection":[{"href":"https:\/\/roveyayinevi.com.tr\/index.php\/wp-json\/wp\/v2\/product"}],"about":[{"href":"https:\/\/roveyayinevi.com.tr\/index.php\/wp-json\/wp\/v2\/types\/product"}],"wp:attachment":[{"href":"https:\/\/roveyayinevi.com.tr\/index.php\/wp-json\/wp\/v2\/media?parent=738948"}],"wp:term":[{"taxonomy":"product_brand","embeddable":true,"href":"https:\/\/roveyayinevi.com.tr\/index.php\/wp-json\/wp\/v2\/product_brand?post=738948"},{"taxonomy":"product_cat","embeddable":true,"href":"https:\/\/roveyayinevi.com.tr\/index.php\/wp-json\/wp\/v2\/product_cat?post=738948"},{"taxonomy":"product_tag","embeddable":true,"href":"https:\/\/roveyayinevi.com.tr\/index.php\/wp-json\/wp\/v2\/product_tag?post=738948"}],"curies":[{"name":"wp","href":"https:\/\/api.w.org\/{rel}","templated":true}]}}