{"id":738946,"date":"2025-08-28T00:00:26","date_gmt":"2025-08-27T21:00:26","guid":{"rendered":"https:\/\/roveyayinevi.com.tr\/index.php\/urun\/ozgun-yasamin-ogeleri\/"},"modified":"2026-04-16T02:49:18","modified_gmt":"2026-04-15T23:49:18","slug":"ozgun-yasamin-ogeleri","status":"publish","type":"product","link":"https:\/\/roveyayinevi.com.tr\/index.php\/urun\/ozgun-yasamin-ogeleri\/","title":{"rendered":"\u00d6zg\u00fcn Ya\u015fam\u0131n \u00d6geleri"},"content":{"rendered":"<p>Ki\u015fi kendi i\u00e7 d\u00fcnyas\u0131n\u0131n, i\u00e7sel bo\u015flu\u011funun fark\u0131nda de\u011filse, oturup okuma, d\u00fc\u015f\u00fcnme ihtiyac\u0131 duymuyorsa, sohbet edece\u011fi dostlar\u0131 yoksa, alt\u0131n kaplama masalarla sedef kakmal\u0131 sehpalar\u0131n s\u00fcsledi\u011fi bir odada oturmas\u0131 neye yarar ? Mutlulu\u011fu elde etmek \u00e7aba ister. Mutluluk yolunda g\u00f6r\u00fcn\u00fcr ve g\u00f6r\u00fcnmez engeller buunabilir. En yak\u0131n\u0131n\u0131zdaki ki\u015fi bile, kendisine \u00fcst\u00fcnl\u00fck sa\u011flayaca\u011f\u0131n\u0131z, e\u015fitli\u011fi bozaca\u011f\u0131n\u0131z kayg\u0131s\u0131 ile veyabencilce davranarak \u00e7abalar\u0131n\u0131z\u0131 sabote edebilir. Br de \u015eu ki\u015fiye bir kaz\u0131k atsam, \u00f6zg\u00fcven ve g\u00fc\u00e7 tazelesem diyen k\u00f6t\u00fc niyetli sadist k\u015fiilikli insanlara her yerde rastlamak m\u00fcmk\u00fcnd\u00fcr.Bu ki\u015filer, ba\u015fkalar\u0131n\u0131n ac\u0131 \u00e7ekmesinden mutlu olur. Baka insan ya da hayvanlara zul\u00fcm yapman\u0131n g\u00f6r\u00fcn\u00fcr veya g\u00f6r\u00fcnmez yollar\u0131n\u0131 ke\u015ffetmek iin kafa yorarlar. O g\u00fcn kime eziyet ettikleri, kumpas kurduklar\u0131 ve kaz\u0131k att\u0131klar\u0131n\u0131n bilan\u00e7osunu yaparlar. Sa\u011flad\u0131klar\u0131 etkinlik ve \u00fcst\u00fcnl\u00fckle, elde ettikleri skorlarla gurur duyarlar. Demek ki mutluluk kavram\u0131 g\u00f6recelidir ; pencereyi ben a\u00e7arsam ortam\u0131 havaland\u0131rm\u0131\u015f olurum ; ba\u015fkas\u0131 a\u00e7arsa i\u00e7eri so\u011fur. Bu ko\u015fullarda yarat\u0131lan mutlulu\u011fun de\u011ferini, onu elde eden ve ya\u015fayan ki\u015fi bilir.Arif Ata<\/p>\n","protected":false},"excerpt":{"rendered":"<p>Ki\u015fi kendi i\u00e7 d\u00fcnyas\u0131n\u0131n, i\u00e7sel bo\u015flu\u011funun fark\u0131nda de\u011filse, oturup okuma, d\u00fc\u015f\u00fcnme ihtiyac\u0131 duymuyorsa, sohbet edece\u011fi dostlar\u0131 yoksa, alt\u0131n kaplama masalarla sedef kakmal\u0131 sehpalar\u0131n s\u00fcsledi\u011fi bir odada<span class=\"excerpt-hellip\"> [\u2026]<\/span><\/p>\n","protected":false},"featured_media":0,"template":"","meta":{"_monsterinsights_skip_tracking":false,"_monsterinsights_sitenote_active":false,"_monsterinsights_sitenote_note":"","_monsterinsights_sitenote_category":0},"product_brand":[],"product_cat":[14787,13488],"product_tag":[],"class_list":{"0":"post-738946","1":"product","2":"type-product","3":"status-publish","5":"product_cat-diger-toplum-ve-insan","6":"product_cat-toplum-ve-insan","7":"pa_cilt-ciltsiz","8":"pa_tur-kitap","9":"pa_yayinevi-herdem-kitap","10":"pa_yazar-arif-ata","12":"first","13":"instock","14":"sale","15":"shipping-taxable","16":"purchasable","17":"product-type-simple"},"_links":{"self":[{"href":"https:\/\/roveyayinevi.com.tr\/index.php\/wp-json\/wp\/v2\/product\/738946","targetHints":{"allow":["GET"]}}],"collection":[{"href":"https:\/\/roveyayinevi.com.tr\/index.php\/wp-json\/wp\/v2\/product"}],"about":[{"href":"https:\/\/roveyayinevi.com.tr\/index.php\/wp-json\/wp\/v2\/types\/product"}],"wp:attachment":[{"href":"https:\/\/roveyayinevi.com.tr\/index.php\/wp-json\/wp\/v2\/media?parent=738946"}],"wp:term":[{"taxonomy":"product_brand","embeddable":true,"href":"https:\/\/roveyayinevi.com.tr\/index.php\/wp-json\/wp\/v2\/product_brand?post=738946"},{"taxonomy":"product_cat","embeddable":true,"href":"https:\/\/roveyayinevi.com.tr\/index.php\/wp-json\/wp\/v2\/product_cat?post=738946"},{"taxonomy":"product_tag","embeddable":true,"href":"https:\/\/roveyayinevi.com.tr\/index.php\/wp-json\/wp\/v2\/product_tag?post=738946"}],"curies":[{"name":"wp","href":"https:\/\/api.w.org\/{rel}","templated":true}]}}