{"id":738945,"date":"2025-08-28T00:00:24","date_gmt":"2025-08-27T21:00:24","guid":{"rendered":"https:\/\/roveyayinevi.com.tr\/index.php\/urun\/kurtaricim-nileyn-2\/"},"modified":"2026-04-16T02:49:18","modified_gmt":"2026-04-15T23:49:18","slug":"kurtaricim-nileyn-2","status":"publish","type":"product","link":"https:\/\/roveyayinevi.com.tr\/index.php\/urun\/kurtaricim-nileyn-2\/","title":{"rendered":"Kurtar\u0131c\u0131m Nileyn 2"},"content":{"rendered":"<p>\u0130ki nehir aras\u0131nda kalm\u0131\u015f k\u00fc\u00e7\u00fck bir k\u0131z. D\u0131\u015f\u0131 nehrin g\u00fczel yan\u0131yken, i\u00e7i nehrin mah\u015fer k\u0131sm\u0131, Nileyn.\u201cGit ve a\u011fla, k\u00fc\u00e7\u00fck k\u0131z.\u201d<\/p>\n","protected":false},"excerpt":{"rendered":"<p>\u0130ki nehir aras\u0131nda kalm\u0131\u015f k\u00fc\u00e7\u00fck bir k\u0131z. D\u0131\u015f\u0131 nehrin g\u00fczel yan\u0131yken, i\u00e7i nehrin mah\u015fer k\u0131sm\u0131, Nileyn.\u201cGit ve a\u011fla, k\u00fc\u00e7\u00fck k\u0131z.\u201d<\/p>\n","protected":false},"featured_media":0,"template":"","meta":{"_monsterinsights_skip_tracking":false,"_monsterinsights_sitenote_active":false,"_monsterinsights_sitenote_note":"","_monsterinsights_sitenote_category":0},"product_brand":[],"product_cat":[12291,12711],"product_tag":[],"class_list":{"0":"post-738945","1":"product","2":"type-product","3":"status-publish","5":"product_cat-edebiyat","6":"product_cat-roman-oyku","7":"pa_cilt-ciltli","8":"pa_tur-kitap","9":"pa_yayinevi-herdem-kitap","10":"pa_yazar-merve-gezici","12":"first","13":"instock","14":"sale","15":"shipping-taxable","16":"purchasable","17":"product-type-simple"},"_links":{"self":[{"href":"https:\/\/roveyayinevi.com.tr\/index.php\/wp-json\/wp\/v2\/product\/738945","targetHints":{"allow":["GET"]}}],"collection":[{"href":"https:\/\/roveyayinevi.com.tr\/index.php\/wp-json\/wp\/v2\/product"}],"about":[{"href":"https:\/\/roveyayinevi.com.tr\/index.php\/wp-json\/wp\/v2\/types\/product"}],"wp:attachment":[{"href":"https:\/\/roveyayinevi.com.tr\/index.php\/wp-json\/wp\/v2\/media?parent=738945"}],"wp:term":[{"taxonomy":"product_brand","embeddable":true,"href":"https:\/\/roveyayinevi.com.tr\/index.php\/wp-json\/wp\/v2\/product_brand?post=738945"},{"taxonomy":"product_cat","embeddable":true,"href":"https:\/\/roveyayinevi.com.tr\/index.php\/wp-json\/wp\/v2\/product_cat?post=738945"},{"taxonomy":"product_tag","embeddable":true,"href":"https:\/\/roveyayinevi.com.tr\/index.php\/wp-json\/wp\/v2\/product_tag?post=738945"}],"curies":[{"name":"wp","href":"https:\/\/api.w.org\/{rel}","templated":true}]}}