{"id":738944,"date":"2025-08-28T00:00:23","date_gmt":"2025-08-27T21:00:23","guid":{"rendered":"https:\/\/roveyayinevi.com.tr\/index.php\/urun\/dedektif-tilda-ve-digerlerinin-olaganustu-maceralari\/"},"modified":"2026-04-08T02:57:21","modified_gmt":"2026-04-07T23:57:21","slug":"dedektif-tilda-ve-digerlerinin-olaganustu-maceralari","status":"publish","type":"product","link":"https:\/\/roveyayinevi.com.tr\/index.php\/urun\/dedektif-tilda-ve-digerlerinin-olaganustu-maceralari\/","title":{"rendered":"Dedektif Tilda ve Di\u011ferlerinin Ola\u011fan\u00fcst\u00fc Maceralar\u0131"},"content":{"rendered":"<p>Dedektif Tilda ve Di\u011ferleri\u2019nin Ola\u011fan\u00fcst\u00fc maceralar\u0131, bir solukta okuyaca\u011f\u0131n\u0131z, keyifli bir polisiye. Bat\u0131\u2019da Crazy Mystery denen t\u00fcr\u00fcn \u00fclkemizdeki en se\u00e7kin, belki de tek \u00f6rne\u011fi. Tu\u011fba Turan, yerelden evrensele geni\u015fleyen bir a\u00e7\u0131l\u0131mla polisiyeyi mizah ve macera ile son derece ba\u015far\u0131l\u0131 bir bi\u00e7imde harmanlam\u0131\u015f. Onun yer yer i\u011fneli, ele\u015ftirel ve ironik dili, insan\u0131 g\u00fcld\u00fcrmekle kalm\u0131yor, ayn\u0131 zamanda d\u00fc\u015f\u00fcnd\u00fcr\u00fcyor da.Gencoy S\u00dcMERT\u00fcrkiye\u2019nin ilk \u00f6zel kad\u0131n dedektifi Tilda ve arkada\u015flar\u0131n\u0131n maceralar\u0131n\u0131 okurken haz\u0131rl\u0131kl\u0131 olmal\u0131s\u0131n\u0131z. \u00dcnk\u00fc her an her \u015fey olabilir. D\u00fcnyan\u0131n bir ucundan di\u011ferine gidebilir, en olmayacak insanlarla en olmayacak yerlerde kar\u015f\u0131la\u015fabilirsiniz. Dur durak bilmeyen, bu ba\u015f d\u00f6nd\u00fcr\u00fcc\u00fc ser\u00fcvende imk\u00e2ns\u0131z olana yer yok. B\u015fata Tilda olmak \u00fczere, yard\u0131mc\u0131s\u0131 Mehmet, maky\u00f6z\u00fc Tijen Han\u0131m ve \u00e7\u0131lg\u0131n kedisi Basti\u2019den olu\u015fan Suadiye Hamiyet Y\u00fcceses Soka\u011f\u0131 sakinlerini eminim siz de \u00e7ok seveceksiniz.Turgut \u015e\u0130\u015eMAN<\/p>\n","protected":false},"excerpt":{"rendered":"<p>Dedektif Tilda ve Di\u011ferleri\u2019nin Ola\u011fan\u00fcst\u00fc maceralar\u0131, bir solukta okuyaca\u011f\u0131n\u0131z, keyifli bir polisiye. Bat\u0131\u2019da Crazy Mystery denen t\u00fcr\u00fcn \u00fclkemizdeki en se\u00e7kin, belki de tek \u00f6rne\u011fi. Tu\u011fba Turan,<span class=\"excerpt-hellip\"> [\u2026]<\/span><\/p>\n","protected":false},"featured_media":0,"template":"","meta":{"_monsterinsights_skip_tracking":false,"_monsterinsights_sitenote_active":false,"_monsterinsights_sitenote_note":"","_monsterinsights_sitenote_category":0},"product_brand":[],"product_cat":[12291,12711],"product_tag":[],"class_list":{"0":"post-738944","1":"product","2":"type-product","3":"status-publish","5":"product_cat-edebiyat","6":"product_cat-roman-oyku","7":"pa_cilt-ciltsiz","8":"pa_tur-kitap","9":"pa_yayinevi-herdem-kitap","10":"pa_yazar-tugba-turan","12":"first","13":"instock","14":"sale","15":"shipping-taxable","16":"purchasable","17":"product-type-simple"},"_links":{"self":[{"href":"https:\/\/roveyayinevi.com.tr\/index.php\/wp-json\/wp\/v2\/product\/738944","targetHints":{"allow":["GET"]}}],"collection":[{"href":"https:\/\/roveyayinevi.com.tr\/index.php\/wp-json\/wp\/v2\/product"}],"about":[{"href":"https:\/\/roveyayinevi.com.tr\/index.php\/wp-json\/wp\/v2\/types\/product"}],"wp:attachment":[{"href":"https:\/\/roveyayinevi.com.tr\/index.php\/wp-json\/wp\/v2\/media?parent=738944"}],"wp:term":[{"taxonomy":"product_brand","embeddable":true,"href":"https:\/\/roveyayinevi.com.tr\/index.php\/wp-json\/wp\/v2\/product_brand?post=738944"},{"taxonomy":"product_cat","embeddable":true,"href":"https:\/\/roveyayinevi.com.tr\/index.php\/wp-json\/wp\/v2\/product_cat?post=738944"},{"taxonomy":"product_tag","embeddable":true,"href":"https:\/\/roveyayinevi.com.tr\/index.php\/wp-json\/wp\/v2\/product_tag?post=738944"}],"curies":[{"name":"wp","href":"https:\/\/api.w.org\/{rel}","templated":true}]}}