{"id":738940,"date":"2025-08-28T00:00:17","date_gmt":"2025-08-27T21:00:17","guid":{"rendered":"https:\/\/roveyayinevi.com.tr\/index.php\/urun\/cocuklardan-yarasaya-mektuplar\/"},"modified":"2026-04-16T02:49:18","modified_gmt":"2026-04-15T23:49:18","slug":"cocuklardan-yarasaya-mektuplar","status":"publish","type":"product","link":"https:\/\/roveyayinevi.com.tr\/index.php\/urun\/cocuklardan-yarasaya-mektuplar\/","title":{"rendered":"\u00c7ocuklardan Yarasaya Mektuplar"},"content":{"rendered":"<p>\u00c7ocuklar! Yarasa Yaramasa\u2019dan size mektup var. D\u00fcnyadaki koronavir\u00fcs salg\u0131n\u0131na yarasalar\u0131n sebep olmad\u0131\u011f\u0131n\u0131 s\u00f6yl\u00fcyor. O masum bir yarasa ve sizle arkada\u015fl\u0131k etmek istiyor.   Yarasa Yaramasa\u2019n\u0131n mektubu elinize ula\u015fsayd\u0131 onu nas\u0131l yan\u0131tlard\u0131n\u0131z? Siz de onunla arkada\u015f olmak ister miydiniz? \u0130\u015fte sizin gibi \u00e7ocuklar Yarasa Yaramasa\u2019n\u0131n mektubunu ald\u0131 ve ona mektuplar g\u00f6nderdi. Siz de bu kitab\u0131 okuyarak Yarasa Yaramasa\u2019yla tan\u0131\u015fabilir ve ona g\u00f6nderilen mektuplar\u0131 okuyabilirsiniz. Hatta, siz de Yarasa\u2019ya bir mektup yazabilirsiniz!    Elinizdeki bu kitap, \u201cHayvanlardan \u00c7ocuklara, \u00c7ocuklardan Hayvanlara Mektuplar Projesi\u201d kapsam\u0131nda haz\u0131rlanm\u0131\u015ft\u0131r. Bu projenin amac\u0131, \u00e7ocuklar\u0131n ileti\u015fim yeteneklerini geli\u015ftirmek, hayvanlarla olan ba\u011flar\u0131m\u0131z\u0131 kuvvetlendirmek ve ya\u015fad\u0131\u011f\u0131m\u0131z d\u00fcnyay\u0131 korumam\u0131z gerekti\u011fini anlatmakt\u0131r.   \u00c7iler \u00c7elikler   18.05.1973\u2019de Bing\u00f6l\u2019de d\u00fcnyaya geldi. \u0130lk, orta ve lise \u00f6\u011frenimini Bursa\u2019da tamamlad\u0131. Anadolu \u00dcniversitesi Beslenme ve Sel\u00e7uk \u00dcniversitesi \u00c7ocuk Geli\u015fimi ve E\u011fitimi mezunudur. \u00c7ocuk kitaplar\u0131 \u00f6yk\u00fc ve \u015fiir yazar\u0131 \u00c7iler \u00c7elikler; edebiyat ile olan u\u011fra\u015f\u0131s\u0131n\u0131, \u00e7ocuk, do\u011fa ve hayvan sevgisiyle birle\u015ftirerek, hayal g\u00fcc\u00fcm\u00fcz\u00fc zorlamaktad\u0131r. Yazar, 2010 y\u0131l\u0131ndan bu yana \u201cHayvanlardan \u00c7ocuklara\/\u00c7ocuklardan Hayvanlara Mektuplar\u201d ad\u0131nda bir proje \u00e7al\u0131\u015fmas\u0131 yapmaktad\u0131r. Bu proje \u00e7al\u0131\u015fmas\u0131nda yazar, kitaplar\u0131n\u0131 okuyan b\u00fct\u00fcn \u00e7ocuklardan hayvanlara mektup yazmalar\u0131n\u0131 istemektedir. Yapt\u0131\u011f\u0131 bu \u00e7al\u0131\u015fma ile 21. y\u00fczy\u0131l \u00e7ocu\u011funun ileti\u015fim yeteneklerini geli\u015ftirmek, ilgi ve isteklerini anlamak ve \u00e7ocuklara \u201cYaln\u0131z de\u011filsiniz! Ya\u015fad\u0131\u011f\u0131m\u0131z d\u00fcnyay\u0131 korumal\u0131y\u0131z!\u201d mesaj\u0131n\u0131 vermeyi ama\u00e7lamaktad\u0131r.   Kendisine \u00e7ocuklar taraf\u0131ndan g\u00f6nderilen mektuplardan bir\u00e7ok \u201c\u00c7ocuklardan Hayvanlara Mektuplar\u201d kitaplar\u0131 olu\u015fturmu\u015ftur. \u00d6yk\u00fcleri ve \u015fiirleri, T\u00fcrk\u00e7e yard\u0131mc\u0131 ders kitaplar\u0131nda ve dergilerde yay\u0131nlanm\u0131\u015ft\u0131r. Baz\u0131 dergilerde e\u011fitim k\u00f6\u015fesi yazarl\u0131\u011f\u0131 yapm\u0131\u015ft\u0131r.   \u00c7iler \u00c7elikler, edebiyat alan\u0131nda \u00e7al\u0131\u015fmalar\u0131na devam etmekte, okul \u00f6ncesi \u00f6\u011fretmeni olarak g\u00f6rev yapmaktad\u0131r. \u0130stanbul\u2019da ya\u015f\u0131yor.   ESERLER\u0130 \u2022 Erik A\u011fac\u0131 Siyah K\u00f6pek ve Bulut &#8211; Yeni \u0130nsan Yay\u0131nevi \u2022 \u00c7ocuklardan Yarasaya Mektuplar &#8211; Yeni \u0130nsan Yay\u0131nevi \u2022 D\u00fc\u015f Zaman\u0131 &#8211; Yeni \u0130nsan Yay\u0131nevi \u2022 Karn\u0131nda Davul \u00c7alan Ay\u0131c\u0131k &#8211; Yeni \u0130nsan Yay\u0131nevi \u2022 Hayvanlardan \u00c7ocuklara Mektuplar-1 Alt\u0131n \u00c7ocuk Kitaplar\u0131 \u2022 Hayvanlardan \u00c7ocuklara Mektuplar-2 Alt\u0131n \u00c7ocuk Kitaplar\u0131 \u2022 \u015eiir\u2019in \u00c7ocuklar\u0131 \u2022 Sebzelerden \u00c7ocuklara Mektup Var \u2022 \u015eiirlerle Belirli G\u00fcnler ve Haftalar \u2022 Birbirine Benzemeyen \u0130kizler \u2022 Yumuk Prenses ve Yedi Devler \u2022 Satran\u00e7 \u00dclkesine Yolculuk \u2022 \u00c7iziyorum, Boyuyorum, Kesiyorum, Satranc\u0131 Seviyorum   <\/p>\n","protected":false},"excerpt":{"rendered":"<p>\u00c7ocuklar! Yarasa Yaramasa\u2019dan size mektup var. D\u00fcnyadaki koronavir\u00fcs salg\u0131n\u0131na yarasalar\u0131n sebep olmad\u0131\u011f\u0131n\u0131 s\u00f6yl\u00fcyor. O masum bir yarasa ve sizle arkada\u015fl\u0131k etmek istiyor. Yarasa Yaramasa\u2019n\u0131n mektubu elinize<span class=\"excerpt-hellip\"> [\u2026]<\/span><\/p>\n","protected":false},"featured_media":0,"template":"","meta":{"_monsterinsights_skip_tracking":false,"_monsterinsights_sitenote_active":false,"_monsterinsights_sitenote_note":"","_monsterinsights_sitenote_category":0},"product_brand":[],"product_cat":[12274,12284],"product_tag":[],"class_list":{"0":"post-738940","1":"product","2":"type-product","3":"status-publish","5":"product_cat-cocuk-ve-genclik-kitaplari","6":"product_cat-hikayeler","7":"pa_cilt-ciltsiz","8":"pa_tur-kitap","9":"pa_yayinevi-yeni-insan-yayinlari","10":"pa_yazar-ciler-celikler","12":"first","13":"instock","14":"sale","15":"shipping-taxable","16":"purchasable","17":"product-type-simple"},"_links":{"self":[{"href":"https:\/\/roveyayinevi.com.tr\/index.php\/wp-json\/wp\/v2\/product\/738940","targetHints":{"allow":["GET"]}}],"collection":[{"href":"https:\/\/roveyayinevi.com.tr\/index.php\/wp-json\/wp\/v2\/product"}],"about":[{"href":"https:\/\/roveyayinevi.com.tr\/index.php\/wp-json\/wp\/v2\/types\/product"}],"wp:attachment":[{"href":"https:\/\/roveyayinevi.com.tr\/index.php\/wp-json\/wp\/v2\/media?parent=738940"}],"wp:term":[{"taxonomy":"product_brand","embeddable":true,"href":"https:\/\/roveyayinevi.com.tr\/index.php\/wp-json\/wp\/v2\/product_brand?post=738940"},{"taxonomy":"product_cat","embeddable":true,"href":"https:\/\/roveyayinevi.com.tr\/index.php\/wp-json\/wp\/v2\/product_cat?post=738940"},{"taxonomy":"product_tag","embeddable":true,"href":"https:\/\/roveyayinevi.com.tr\/index.php\/wp-json\/wp\/v2\/product_tag?post=738940"}],"curies":[{"name":"wp","href":"https:\/\/api.w.org\/{rel}","templated":true}]}}