{"id":738938,"date":"2025-08-28T00:00:14","date_gmt":"2025-08-27T21:00:14","guid":{"rendered":"https:\/\/roveyayinevi.com.tr\/index.php\/urun\/dort-2\/"},"modified":"2026-04-12T02:53:46","modified_gmt":"2026-04-11T23:53:46","slug":"dort-2","status":"publish","type":"product","link":"https:\/\/roveyayinevi.com.tr\/index.php\/urun\/dort-2\/","title":{"rendered":"D\u00f6rt"},"content":{"rendered":"<p>En fazla 4 metreye 4 metre s\u00fcs havuzunun i\u00e7inde, sadece s\u0131rtlar\u0131 ve sa\u00e7lar\u0131 g\u00f6r\u00fclen iki \u00e7ocuk cesedi a\u011f\u0131r a\u011f\u0131r y\u00fcz\u00fcyordu. Havuzun kenar\u0131na \u00e7\u0131kart\u0131lm\u0131\u015f di\u011fer iki cesedin y\u00fczleri d\u00f6n\u00fckt\u00fc. Yakla\u015ft\u0131, bakt\u0131 Halil. Bir ceset g\u00f6rd\u00fc\u011f\u00fcnde \u00f6nce sadece bakard\u0131. E\u011fer sa\u011flamsa y\u00fcz\u00fcne, g\u00f6zlerine, a\u011fz\u0131na bakard\u0131. Dik dik bakard\u0131. Her cesedin, her y\u00fcz\u00fcn, k\u0131p\u0131rt\u0131s\u0131z da olsa her a\u011f\u0131z k\u0131vr\u0131m\u0131n\u0131n anlatacak bir \u015feyleri olurdu \u00e7\u00fcnk\u00fc. G\u00fcr\u00fclt\u00fcde bile b\u00fct\u00fcn sesler kesilir, ceset Halil\u2019e hayat\u0131n\u0131 anlat\u0131rd\u0131 ve mutlaka do\u011fruyu s\u00f6ylerdi. \u0130nsan ya\u015farken ne kadar yalanc\u0131 olursa olsun, ceset kimli\u011fine b\u00fcr\u00fcn\u00fcnce yalan s\u00f6yleyemez olurdu. Soldan ikinci \u00e7ocuktu konu\u015fan. \u00ab Kapanacak bir hesap var \u00bb var der gibi geldi Halil\u2019e. \u0130RK\u0130LD\u0130 HAL\u0130L BUZ KEST\u0130.<\/p>\n","protected":false},"excerpt":{"rendered":"<p>En fazla 4 metreye 4 metre s\u00fcs havuzunun i\u00e7inde, sadece s\u0131rtlar\u0131 ve sa\u00e7lar\u0131 g\u00f6r\u00fclen iki \u00e7ocuk cesedi a\u011f\u0131r a\u011f\u0131r y\u00fcz\u00fcyordu. Havuzun kenar\u0131na \u00e7\u0131kart\u0131lm\u0131\u015f di\u011fer iki cesedin<span class=\"excerpt-hellip\"> [\u2026]<\/span><\/p>\n","protected":false},"featured_media":0,"template":"","meta":{"_monsterinsights_skip_tracking":false,"_monsterinsights_sitenote_active":false,"_monsterinsights_sitenote_note":"","_monsterinsights_sitenote_category":0},"product_brand":[],"product_cat":[12291,12711],"product_tag":[],"class_list":{"0":"post-738938","1":"product","2":"type-product","3":"status-publish","5":"product_cat-edebiyat","6":"product_cat-roman-oyku","7":"pa_cilt-ciltsiz","8":"pa_tur-kitap","9":"pa_yayinevi-herdem-kitap","10":"pa_yazar-sabri-saydam","12":"first","13":"instock","14":"sale","15":"shipping-taxable","16":"purchasable","17":"product-type-simple"},"_links":{"self":[{"href":"https:\/\/roveyayinevi.com.tr\/index.php\/wp-json\/wp\/v2\/product\/738938","targetHints":{"allow":["GET"]}}],"collection":[{"href":"https:\/\/roveyayinevi.com.tr\/index.php\/wp-json\/wp\/v2\/product"}],"about":[{"href":"https:\/\/roveyayinevi.com.tr\/index.php\/wp-json\/wp\/v2\/types\/product"}],"wp:attachment":[{"href":"https:\/\/roveyayinevi.com.tr\/index.php\/wp-json\/wp\/v2\/media?parent=738938"}],"wp:term":[{"taxonomy":"product_brand","embeddable":true,"href":"https:\/\/roveyayinevi.com.tr\/index.php\/wp-json\/wp\/v2\/product_brand?post=738938"},{"taxonomy":"product_cat","embeddable":true,"href":"https:\/\/roveyayinevi.com.tr\/index.php\/wp-json\/wp\/v2\/product_cat?post=738938"},{"taxonomy":"product_tag","embeddable":true,"href":"https:\/\/roveyayinevi.com.tr\/index.php\/wp-json\/wp\/v2\/product_tag?post=738938"}],"curies":[{"name":"wp","href":"https:\/\/api.w.org\/{rel}","templated":true}]}}