{"id":738937,"date":"2025-08-28T00:00:12","date_gmt":"2025-08-27T21:00:12","guid":{"rendered":"https:\/\/roveyayinevi.com.tr\/index.php\/urun\/merakli-kanatlar\/"},"modified":"2026-04-16T02:49:18","modified_gmt":"2026-04-15T23:49:18","slug":"merakli-kanatlar","status":"publish","type":"product","link":"https:\/\/roveyayinevi.com.tr\/index.php\/urun\/merakli-kanatlar\/","title":{"rendered":"Merakl\u0131 Kanatlar"},"content":{"rendered":"<p>Merakl\u0131 Kanatlar, \u00fclkemizde tan\u0131nmayan Edith Annie Howes\u2019\u0131n ya\u015fad\u0131\u011f\u0131 ve tan\u0131kl\u0131k etti\u011fi y\u00fczy\u0131l\u0131n b\u00fcy\u00fck y\u0131k\u0131mlar\u0131 kar\u015f\u0131s\u0131nda, bar\u0131\u015f i\u00e7inde ya\u015fan\u0131labilir bir d\u00fcnya i\u00e7in tek umudun \u00e7ocuklar oldu\u011funu vurgulayan masallardan olu\u015fuyor. Masallar\u0131n i\u00e7eri\u011fini ve dilini Howes\u2019\u0131n ayn\u0131 zamanda \u00f6\u011fretmen ve e\u011fitim uzman\u0131 olmas\u0131 da belirlemi\u015f g\u00f6r\u00fcn\u00fcyor. Howes\u2019\u0131n masallar\u0131 kanatl\u0131 s\u00f6zler bah\u00e7esi, \u00e7ocuklar\u0131n d\u00fc\u015fleri gibi ve ayn\u0131 zamanda ya\u015fad\u0131\u011f\u0131m\u0131z d\u00fcnyan\u0131n ger\u00e7ekleri ile olduk\u00e7a s\u0131k\u0131 f\u0131k\u0131. Hem d\u00fc\u015fsel hem ger\u00e7ek\u00e7i. Okuyan, anlayan yazan okurlar\u0131m\u0131za keyifli okumalar dile\u011fimizle\u2026 (Tan\u0131t\u0131m B\u00fclteninden)<\/p>\n","protected":false},"excerpt":{"rendered":"<p>Merakl\u0131 Kanatlar, \u00fclkemizde tan\u0131nmayan Edith Annie Howes\u2019\u0131n ya\u015fad\u0131\u011f\u0131 ve tan\u0131kl\u0131k etti\u011fi y\u00fczy\u0131l\u0131n b\u00fcy\u00fck y\u0131k\u0131mlar\u0131 kar\u015f\u0131s\u0131nda, bar\u0131\u015f i\u00e7inde ya\u015fan\u0131labilir bir d\u00fcnya i\u00e7in tek umudun \u00e7ocuklar oldu\u011funu vurgulayan<span class=\"excerpt-hellip\"> [\u2026]<\/span><\/p>\n","protected":false},"featured_media":0,"template":"","meta":{"_monsterinsights_skip_tracking":false,"_monsterinsights_sitenote_active":false,"_monsterinsights_sitenote_note":"","_monsterinsights_sitenote_category":0},"product_brand":[],"product_cat":[12291,12711],"product_tag":[],"class_list":{"0":"post-738937","1":"product","2":"type-product","3":"status-publish","5":"product_cat-edebiyat","6":"product_cat-roman-oyku","7":"pa_cilt-ciltsiz","8":"pa_tur-kitap","9":"pa_yayinevi-herdem-kitap","10":"pa_yazar-edith-annie-hawes","12":"first","13":"instock","14":"sale","15":"shipping-taxable","16":"purchasable","17":"product-type-simple"},"_links":{"self":[{"href":"https:\/\/roveyayinevi.com.tr\/index.php\/wp-json\/wp\/v2\/product\/738937","targetHints":{"allow":["GET"]}}],"collection":[{"href":"https:\/\/roveyayinevi.com.tr\/index.php\/wp-json\/wp\/v2\/product"}],"about":[{"href":"https:\/\/roveyayinevi.com.tr\/index.php\/wp-json\/wp\/v2\/types\/product"}],"wp:attachment":[{"href":"https:\/\/roveyayinevi.com.tr\/index.php\/wp-json\/wp\/v2\/media?parent=738937"}],"wp:term":[{"taxonomy":"product_brand","embeddable":true,"href":"https:\/\/roveyayinevi.com.tr\/index.php\/wp-json\/wp\/v2\/product_brand?post=738937"},{"taxonomy":"product_cat","embeddable":true,"href":"https:\/\/roveyayinevi.com.tr\/index.php\/wp-json\/wp\/v2\/product_cat?post=738937"},{"taxonomy":"product_tag","embeddable":true,"href":"https:\/\/roveyayinevi.com.tr\/index.php\/wp-json\/wp\/v2\/product_tag?post=738937"}],"curies":[{"name":"wp","href":"https:\/\/api.w.org\/{rel}","templated":true}]}}