{"id":738936,"date":"2025-08-28T00:00:11","date_gmt":"2025-08-27T21:00:11","guid":{"rendered":"https:\/\/roveyayinevi.com.tr\/index.php\/urun\/bizi-biz-yapan-genler\/"},"modified":"2026-04-16T02:49:18","modified_gmt":"2026-04-15T23:49:18","slug":"bizi-biz-yapan-genler","status":"publish","type":"product","link":"https:\/\/roveyayinevi.com.tr\/index.php\/urun\/bizi-biz-yapan-genler\/","title":{"rendered":"Bizi Biz Yapan Genler"},"content":{"rendered":"<p>Kal\u0131t\u0131m\u0131n temel birimi olan genler hepimizin hayat\u0131nda \u00f6nemli bir rol oynar; d\u0131\u015f g\u00f6r\u00fcn\u00fc\u015f\u00fcm\u00fczden belli hastal\u0131klara yatk\u0131n olup olmamam\u0131za ve hatta mizac\u0131m\u0131za kadar pek \u00e7ok \u00f6zelli\u011fimizde hat\u0131r\u0131 say\u0131l\u0131r bir etkileri vard\u0131r.   Teknolojinin sundu\u011fu imk\u00e2nlar sayesinde, son y\u0131llarda genetik alan\u0131nda \u00e7arp\u0131c\u0131 geli\u015fmeler ya\u015fan\u0131yor. Anne karn\u0131nda yap\u0131lan taramalar bir\u00e7ok genetik bozuklu\u011fun te\u015fhis edilmesini sa\u011fl\u0131yor ve ebeveynlere se\u00e7enekler sunuyor. Ara\u015ft\u0131rmac\u0131lar kanserin ve \u00e7e\u015fitli hastal\u0131klar\u0131n genetik altyap\u0131lar\u0131n\u0131 temel alan tedaviler \u00fczerinde \u00e7al\u0131\u015f\u0131yor. Hastal\u0131k genlerinin kesilip at\u0131lmas\u0131n\u0131 ya da d\u00fczenlenmesini i\u00e7eren yeni y\u00f6ntemler \u2013her ne kadar \u015fu an emekleme d\u00f6neminde ve biraz tart\u0131\u015fmal\u0131 olsa da\u2013 daha sa\u011fl\u0131kl\u0131 bir insanl\u0131\u011fa giden bir yol vadediyor.   T\u0131pta b\u00f6yle bir devrim ya\u015fan\u0131rken, geneti\u011fin temel kavram ve mekanizmalar\u0131n\u0131 anlamak giderek daha fazla \u00f6nem kazan\u0131yor. Gen, genom, kromozom ve DNA nedir? Genetik bozukluk ve hastal\u0131klar nas\u0131l aktar\u0131l\u0131r? Bunlar\u0131 ve ba\u015fka hastal\u0131klar\u0131 \u201cgen tedavisi\u201d arac\u0131l\u0131\u011f\u0131yla iyile\u015ftirmek m\u00fcmk\u00fcn m\u00fc? Genlerine m\u00fcdahale edilerek \u201ctasar\u0131m bebekler\u201d \u00fcretilebilir mi? Bu m\u00fcdahalelerin ahlaki i\u00e7erimleri nelerdir?   Hem t\u0131bbi genetik\u00e7i hem de genetik patolog olan Edwin Kirk, bu kitapta bir yandan genlerin incelikli i\u015fleyi\u015fini a\u00e7\u0131klarken, bir yandan da genetik bozukluk ve hastal\u0131klardan etkilenen insanlar\u0131n dokunakl\u0131 hik\u00e2yelerini aktar\u0131yor. \u201c\u0130nsan geneti\u011finin hik\u00e2yesi insanlar\u0131n hik\u00e2yesidir,\u201d diyen Kirk, bize geneti\u011fin soyut bir ara\u015ft\u0131rma alan\u0131 olman\u0131n \u00f6tesinde, etten kemikten insanlar\u0131n kaderleri a\u00e7\u0131s\u0131ndan belirleyici olabilen son derece insani bir alan oldu\u011funu g\u00f6steriyor.   YAZAR HAKKINDA: 1967 y\u0131l\u0131nda G\u00fcney Afrika\u2019n\u0131n Cape Town \u015fehrinde do\u011fan Edwin Kirk, on bir ya\u015f\u0131ndayken ailesiyle birlikte Avustralya\u2019ya g\u00f6\u00e7 etti. Bat\u0131 Avustralya \u00dcniversitesi\u2019nde t\u0131p e\u011fitimini tamamlad\u0131ktan sonra bir s\u00fcre Avustralya ve \u0130ngiltere\u2019de pratisyen hekim olarak \u00e7al\u0131\u015ft\u0131. Adelaide Kad\u0131n ve \u00c7ocuk Hastanesi\u2019nde ve Westmead \u00c7ocuk Hastanesi\u2019nde t\u0131bbi genetik alan\u0131nda uzmanl\u0131k e\u011fitimi almas\u0131n\u0131n ard\u0131ndan Sidney \u00c7ocuk Hastanesi\u2019ne ge\u00e7ti. Yeni G\u00fcney Galler \u00dcniversitesi\u2019nde do\u011fu\u015ftan gelen kalp hastal\u0131klar\u0131n\u0131n genetik nedenleri \u00fczerine \u00e7al\u0131\u015farak 2008 y\u0131l\u0131nda doktoras\u0131n\u0131 tamamlad\u0131. Daha sonra genetik patoloji alan\u0131nda da uzmanl\u0131k e\u011fitimi alan Kirk, \u015fu anda hem t\u0131bbi genetik uzman\u0131 (Sidney \u00c7ocuk Hastanesi\u2019nde) hem de genetik patolog olarak \u00e7al\u0131\u015fman\u0131n yan\u0131 s\u0131ra, Yeni G\u00fcney Galler \u00dcniversitesi Kad\u0131n ve \u00c7ocuk Sa\u011fl\u0131\u011f\u0131 B\u00f6l\u00fcm\u00fc\u2019nde ara\u015ft\u0131rmalar\u0131n\u0131 s\u00fcrd\u00fcr\u00fcyor.     PLANLANMI\u015e REKLAM \u00c7ALI\u015eMALARI: Kitap eki ilanlar\u0131. <\/p>\n","protected":false},"excerpt":{"rendered":"<p>Kal\u0131t\u0131m\u0131n temel birimi olan genler hepimizin hayat\u0131nda \u00f6nemli bir rol oynar; d\u0131\u015f g\u00f6r\u00fcn\u00fc\u015f\u00fcm\u00fczden belli hastal\u0131klara yatk\u0131n olup olmamam\u0131za ve hatta mizac\u0131m\u0131za kadar pek \u00e7ok \u00f6zelli\u011fimizde hat\u0131r\u0131<span class=\"excerpt-hellip\"> [\u2026]<\/span><\/p>\n","protected":false},"featured_media":0,"template":"","meta":{"_monsterinsights_skip_tracking":false,"_monsterinsights_sitenote_active":false,"_monsterinsights_sitenote_note":"","_monsterinsights_sitenote_category":0},"product_brand":[],"product_cat":[13005,37328],"product_tag":[],"class_list":{"0":"post-738936","1":"product","2":"type-product","3":"status-publish","5":"product_cat-bilim-muhendislik","6":"product_cat-diger-bilim-muhendislik","7":"pa_cilt-ciltsiz","8":"pa_tur-kitap","9":"pa_yayinevi-metis-yayinlari","10":"pa_yazar-edwin-kirk","12":"first","13":"instock","14":"sale","15":"shipping-taxable","16":"purchasable","17":"product-type-simple"},"_links":{"self":[{"href":"https:\/\/roveyayinevi.com.tr\/index.php\/wp-json\/wp\/v2\/product\/738936","targetHints":{"allow":["GET"]}}],"collection":[{"href":"https:\/\/roveyayinevi.com.tr\/index.php\/wp-json\/wp\/v2\/product"}],"about":[{"href":"https:\/\/roveyayinevi.com.tr\/index.php\/wp-json\/wp\/v2\/types\/product"}],"wp:attachment":[{"href":"https:\/\/roveyayinevi.com.tr\/index.php\/wp-json\/wp\/v2\/media?parent=738936"}],"wp:term":[{"taxonomy":"product_brand","embeddable":true,"href":"https:\/\/roveyayinevi.com.tr\/index.php\/wp-json\/wp\/v2\/product_brand?post=738936"},{"taxonomy":"product_cat","embeddable":true,"href":"https:\/\/roveyayinevi.com.tr\/index.php\/wp-json\/wp\/v2\/product_cat?post=738936"},{"taxonomy":"product_tag","embeddable":true,"href":"https:\/\/roveyayinevi.com.tr\/index.php\/wp-json\/wp\/v2\/product_tag?post=738936"}],"curies":[{"name":"wp","href":"https:\/\/api.w.org\/{rel}","templated":true}]}}