{"id":738935,"date":"2025-08-28T00:00:10","date_gmt":"2025-08-27T21:00:10","guid":{"rendered":"https:\/\/roveyayinevi.com.tr\/index.php\/urun\/gercegin-yalani\/"},"modified":"2026-04-16T02:49:18","modified_gmt":"2026-04-15T23:49:18","slug":"gercegin-yalani","status":"publish","type":"product","link":"https:\/\/roveyayinevi.com.tr\/index.php\/urun\/gercegin-yalani\/","title":{"rendered":"Ger\u00e7e\u011fin Yalan\u0131"},"content":{"rendered":"<p>Ger\u00e7ek de\u011fil ger\u00e7ek olan, Ger\u00e7ek de Ger\u00e7ek de\u011fil zaten. G\u00f6z\u00fcn g\u00f6rd\u00fckleri Kula\u011f\u0131n duyduklar\u0131 Hepsi birer yalan. Bir ger\u00e7ek var \u015fu d\u00fcnyada, Onu da Hi\u00e7 anlamam. \u00c7\u00fcnk\u00fc ger\u00e7ekte, O da Bir yalan<\/p>\n","protected":false},"excerpt":{"rendered":"<p>Ger\u00e7ek de\u011fil ger\u00e7ek olan, Ger\u00e7ek de Ger\u00e7ek de\u011fil zaten. G\u00f6z\u00fcn g\u00f6rd\u00fckleri Kula\u011f\u0131n duyduklar\u0131 Hepsi birer yalan. Bir ger\u00e7ek var \u015fu d\u00fcnyada, Onu da Hi\u00e7 anlamam. \u00c7\u00fcnk\u00fc<span class=\"excerpt-hellip\"> [\u2026]<\/span><\/p>\n","protected":false},"featured_media":0,"template":"","meta":{"_monsterinsights_skip_tracking":false,"_monsterinsights_sitenote_active":false,"_monsterinsights_sitenote_note":"","_monsterinsights_sitenote_category":0},"product_brand":[],"product_cat":[12291,12509],"product_tag":[],"class_list":{"0":"post-738935","1":"product","2":"type-product","3":"status-publish","5":"product_cat-edebiyat","6":"product_cat-siir","7":"pa_cilt-ciltsiz","8":"pa_tur-kitap","9":"pa_yayinevi-herdem-kitap","10":"pa_yazar-halis-ozcan","12":"first","13":"instock","14":"sale","15":"shipping-taxable","16":"purchasable","17":"product-type-simple"},"_links":{"self":[{"href":"https:\/\/roveyayinevi.com.tr\/index.php\/wp-json\/wp\/v2\/product\/738935","targetHints":{"allow":["GET"]}}],"collection":[{"href":"https:\/\/roveyayinevi.com.tr\/index.php\/wp-json\/wp\/v2\/product"}],"about":[{"href":"https:\/\/roveyayinevi.com.tr\/index.php\/wp-json\/wp\/v2\/types\/product"}],"wp:attachment":[{"href":"https:\/\/roveyayinevi.com.tr\/index.php\/wp-json\/wp\/v2\/media?parent=738935"}],"wp:term":[{"taxonomy":"product_brand","embeddable":true,"href":"https:\/\/roveyayinevi.com.tr\/index.php\/wp-json\/wp\/v2\/product_brand?post=738935"},{"taxonomy":"product_cat","embeddable":true,"href":"https:\/\/roveyayinevi.com.tr\/index.php\/wp-json\/wp\/v2\/product_cat?post=738935"},{"taxonomy":"product_tag","embeddable":true,"href":"https:\/\/roveyayinevi.com.tr\/index.php\/wp-json\/wp\/v2\/product_tag?post=738935"}],"curies":[{"name":"wp","href":"https:\/\/api.w.org\/{rel}","templated":true}]}}