{"id":738934,"date":"2025-08-28T00:00:08","date_gmt":"2025-08-27T21:00:08","guid":{"rendered":"https:\/\/roveyayinevi.com.tr\/index.php\/urun\/kucuk-kara-balik-21\/"},"modified":"2026-04-16T02:49:18","modified_gmt":"2026-04-15T23:49:18","slug":"kucuk-kara-balik-21","status":"publish","type":"product","link":"https:\/\/roveyayinevi.com.tr\/index.php\/urun\/kucuk-kara-balik-21\/","title":{"rendered":"K\u00fc\u00e7\u00fck Kara Bal\u0131k"},"content":{"rendered":"<p>&#8220;Bir zamanlar bir K\u00fc\u00e7\u00fck Kara Bal\u0131k annesiyle birlikte k\u00fc\u00e7\u00fck bir derede ya\u015famaktaym\u0131\u015f\u2026&#8221;Kitaplar\u0131 d\u00fcnyan\u0131n bir\u00e7ok diline \u00e7evrilen, \u0130ran \u015fahl\u0131k rejiminin muhalif yazar\u0131 Samed Behrengi&#8217;nin en \u00fcnl\u00fc kitab\u0131d\u0131r K\u00fc\u00e7\u00fck Kara Bal\u0131k. K\u00fc\u00e7\u00fck Kara Bal\u0131k, \u00e7ocuklar i\u00e7in yaz\u0131lan bir masal kitab\u0131 olman\u0131n \u00f6tesinde, 7&#8217;den 70&#8217;e herkesin okumas\u0131 gereken adalet, e\u015fitlik ve \u00f6zg\u00fcrl\u00fck \u00fczerine yaz\u0131lm\u0131\u015f bir ba\u015fyap\u0131tt\u0131r. K\u00fc\u00e7\u00fck Kara Bal\u0131k \u00e7evresinin t\u00fcm bask\u0131lar\u0131na kar\u015f\u0131n, ya\u015fad\u0131\u011f\u0131 derenin sonunu, denizi bulmak \u00fczere yola \u00e7\u0131kar. Bu d\u00fcnyada ba\u015fka t\u00fcrl\u00fc ya\u015famak m\u00fcmk\u00fcn m\u00fc, onu bilmek istiyordur\u2026<\/p>\n","protected":false},"excerpt":{"rendered":"<p>&#8220;Bir zamanlar bir K\u00fc\u00e7\u00fck Kara Bal\u0131k annesiyle birlikte k\u00fc\u00e7\u00fck bir derede ya\u015famaktaym\u0131\u015f\u2026&#8221;Kitaplar\u0131 d\u00fcnyan\u0131n bir\u00e7ok diline \u00e7evrilen, \u0130ran \u015fahl\u0131k rejiminin muhalif yazar\u0131 Samed Behrengi&#8217;nin en \u00fcnl\u00fc kitab\u0131d\u0131r<span class=\"excerpt-hellip\"> [\u2026]<\/span><\/p>\n","protected":false},"featured_media":0,"template":"","meta":{"_monsterinsights_skip_tracking":false,"_monsterinsights_sitenote_active":false,"_monsterinsights_sitenote_note":"","_monsterinsights_sitenote_category":0},"product_brand":[],"product_cat":[12291,12711],"product_tag":[],"class_list":{"0":"post-738934","1":"product","2":"type-product","3":"status-publish","5":"product_cat-edebiyat","6":"product_cat-roman-oyku","7":"pa_cilt-ciltsiz","8":"pa_tur-kitap","9":"pa_yayinevi-egiten-kitap","10":"pa_yazar-samed-behrengi","12":"first","13":"instock","14":"sale","15":"shipping-taxable","16":"purchasable","17":"product-type-simple"},"_links":{"self":[{"href":"https:\/\/roveyayinevi.com.tr\/index.php\/wp-json\/wp\/v2\/product\/738934","targetHints":{"allow":["GET"]}}],"collection":[{"href":"https:\/\/roveyayinevi.com.tr\/index.php\/wp-json\/wp\/v2\/product"}],"about":[{"href":"https:\/\/roveyayinevi.com.tr\/index.php\/wp-json\/wp\/v2\/types\/product"}],"wp:attachment":[{"href":"https:\/\/roveyayinevi.com.tr\/index.php\/wp-json\/wp\/v2\/media?parent=738934"}],"wp:term":[{"taxonomy":"product_brand","embeddable":true,"href":"https:\/\/roveyayinevi.com.tr\/index.php\/wp-json\/wp\/v2\/product_brand?post=738934"},{"taxonomy":"product_cat","embeddable":true,"href":"https:\/\/roveyayinevi.com.tr\/index.php\/wp-json\/wp\/v2\/product_cat?post=738934"},{"taxonomy":"product_tag","embeddable":true,"href":"https:\/\/roveyayinevi.com.tr\/index.php\/wp-json\/wp\/v2\/product_tag?post=738934"}],"curies":[{"name":"wp","href":"https:\/\/api.w.org\/{rel}","templated":true}]}}