{"id":738932,"date":"2025-08-28T00:00:06","date_gmt":"2025-08-27T21:00:06","guid":{"rendered":"https:\/\/roveyayinevi.com.tr\/index.php\/urun\/isyerinde-incinme\/"},"modified":"2026-04-16T02:49:18","modified_gmt":"2026-04-15T23:49:18","slug":"isyerinde-incinme","status":"publish","type":"product","link":"https:\/\/roveyayinevi.com.tr\/index.php\/urun\/isyerinde-incinme\/","title":{"rendered":"\u0130\u015fyerinde \u0130ncinme"},"content":{"rendered":"<p>Y\u00f6neticinin haks\u0131z bir eles\u0327tirisi, her f\u0131rsatta daha iyi oldug\u0306unu ispata c\u0327al\u0131s\u0327an rekabetc\u0327i bir is\u0327 arkadas\u0327\u0131 ya da s\u0327irketin ekonomik nedenlerle ku\u0308c\u0327u\u0308lmeye gitme karar\u0131: I\u0307s\u0327 hayat\u0131 o\u0308nu\u0308mu\u0308ze her gu\u0308n c\u0327at\u0131s\u0327maya gebe say\u0131s\u0131z zorluk c\u0327\u0131kart\u0131r ve bunlara c\u0327og\u0306unlukla incinmeyle kars\u0327\u0131l\u0131k veririz. Kurumlar c\u0327al\u0131s\u0327anlardan gitgide daha fazlas\u0131n\u0131 bekler, is\u0327 du\u0308nyas\u0131n\u0131n kos\u0327ullar\u0131 zorlas\u0327\u0131rken yeni du\u0308zene ayak uydurmak ic\u0327in farkl\u0131 beceriler edinmek kac\u0327\u0131n\u0131lmaz bir gereklilik gibi go\u0308ru\u0308nu\u0308yor. C\u0327at\u0131s\u0327ma becerisi nedir, bugu\u0308n neden her zamankinden daha gereklidir? Gu\u0308nlu\u0308k is\u0327 ortam\u0131nda o\u0308fke, hiddet, nefret ve intikam gibi y\u0131k\u0131c\u0131 duygular nas\u0131l kontrol edilir? C\u0327at\u0131s\u0327madan kac\u0327\u0131nmak ve sorunlar\u0131 t\u0131rmanmadan c\u0327o\u0308zmek nas\u0131l mu\u0308mku\u0308ndu\u0308r? Kurban, fail ve kurtar\u0131c\u0131 u\u0308c\u0327geni, c\u0327at\u0131s\u0327malar\u0131 c\u0327o\u0308zu\u0308mlemede nas\u0131l rol oynar? I\u0307s\u0327yerinde yas\u0327anan incinmeler kis\u0327isel bir sorun mudur, yoksa verimlilig\u0306i ve yap\u0131lan is\u0327in kalitesini de etkiler mi? C\u0327at\u0131s\u0327malar\u0131n o\u0308nlenmesinde ve bar\u0131s\u0327c\u0327\u0131l bir c\u0327al\u0131s\u0327ma iklimi olus\u0327turmada yo\u0308neticilerin rolu\u0308 nedir? Her incinme mobbing midir? I\u0307ncinen taraf yo\u0308netici oldug\u0306unda nas\u0131l hareket edilmelidir? Siyasette ve Toplumda Narsisizim Ayartma ve I\u0307ktidar kitab\u0131ndan tan\u0131d\u0131g\u0306\u0131m\u0131z Ba\u0308rbel Wardetzki, bu defa profesyonel hayattaki ilis\u0327ki gu\u0308c\u0327lu\u0308klerine odaklan\u0131yor. Uzman psikolog I\u0307s\u0327yerinde I\u0307ncinme As\u0327ag\u0306\u0131lanma, Dedikodu ve Mobbinge Nas\u0131l Kars\u0327\u0131 Konur?\u2019da her du\u0308zeyden c\u0327al\u0131s\u0327ana incinme yetkinlig\u0306i gelis\u0327tirmeyi o\u0308nerirken, farkl\u0131 go\u0308ru\u0308s\u0327, ihtiyac\u0327 ve c\u0327\u0131karlar\u0131 uzlas\u0327t\u0131rman\u0131n yap\u0131c\u0131 yo\u0308ntemlerini ortaya koyuyor. <\/p>\n","protected":false},"excerpt":{"rendered":"<p>Y\u00f6neticinin haks\u0131z bir eles\u0327tirisi, her f\u0131rsatta daha iyi oldug\u0306unu ispata c\u0327al\u0131s\u0327an rekabetc\u0327i bir is\u0327 arkadas\u0327\u0131 ya da s\u0327irketin ekonomik nedenlerle ku\u0308c\u0327u\u0308lmeye gitme karar\u0131: I\u0307s\u0327 hayat\u0131 o\u0308nu\u0308mu\u0308ze<span class=\"excerpt-hellip\"> [\u2026]<\/span><\/p>\n","protected":false},"featured_media":0,"template":"","meta":{"_monsterinsights_skip_tracking":false,"_monsterinsights_sitenote_active":false,"_monsterinsights_sitenote_note":"","_monsterinsights_sitenote_category":0},"product_brand":[],"product_cat":[12365,12364],"product_tag":[],"class_list":{"0":"post-738932","1":"product","2":"type-product","3":"status-publish","5":"product_cat-diger-genel-konular","6":"product_cat-genel-konular","7":"pa_cilt-ciltsiz","8":"pa_tur-kitap","9":"pa_yayinevi-iletisim-yayinlari","10":"pa_yazar-barbel-wardetzki","12":"first","13":"instock","14":"sale","15":"shipping-taxable","16":"purchasable","17":"product-type-simple"},"_links":{"self":[{"href":"https:\/\/roveyayinevi.com.tr\/index.php\/wp-json\/wp\/v2\/product\/738932","targetHints":{"allow":["GET"]}}],"collection":[{"href":"https:\/\/roveyayinevi.com.tr\/index.php\/wp-json\/wp\/v2\/product"}],"about":[{"href":"https:\/\/roveyayinevi.com.tr\/index.php\/wp-json\/wp\/v2\/types\/product"}],"wp:attachment":[{"href":"https:\/\/roveyayinevi.com.tr\/index.php\/wp-json\/wp\/v2\/media?parent=738932"}],"wp:term":[{"taxonomy":"product_brand","embeddable":true,"href":"https:\/\/roveyayinevi.com.tr\/index.php\/wp-json\/wp\/v2\/product_brand?post=738932"},{"taxonomy":"product_cat","embeddable":true,"href":"https:\/\/roveyayinevi.com.tr\/index.php\/wp-json\/wp\/v2\/product_cat?post=738932"},{"taxonomy":"product_tag","embeddable":true,"href":"https:\/\/roveyayinevi.com.tr\/index.php\/wp-json\/wp\/v2\/product_tag?post=738932"}],"curies":[{"name":"wp","href":"https:\/\/api.w.org\/{rel}","templated":true}]}}