{"id":738930,"date":"2025-08-28T00:00:03","date_gmt":"2025-08-27T21:00:03","guid":{"rendered":"https:\/\/roveyayinevi.com.tr\/index.php\/urun\/gocmen-figuru\/"},"modified":"2026-04-16T02:49:18","modified_gmt":"2026-04-15T23:49:18","slug":"gocmen-figuru","status":"publish","type":"product","link":"https:\/\/roveyayinevi.com.tr\/index.php\/urun\/gocmen-figuru\/","title":{"rendered":"G\u00f6\u00e7men Fig\u00fcr\u00fc"},"content":{"rendered":"<p>\u201cKimileri ic\u0327in yer deg\u0306is\u0327tirmek sadece gec\u0327ici bir ihrac\u0327t\u0131r; yeni f\u0131rsatlar, dinlence ve ka\u0302r elde etmek demektir. Baz\u0131lar\u0131 ic\u0327inse bu hareket tehlikeli ve zorakidir, onlar\u0131n ihrac\u0327lar\u0131 c\u0327ok daha ciddi ve kal\u0131c\u0131d\u0131r. Gu\u0308nu\u0308mu\u0308zde c\u0327og\u0306u insan go\u0308c\u0327 yelpazesinin \u2018elveris\u0327sizlik\u2019 ile \u2018acizlik\u2019 kutuplar\u0131 aras\u0131nda bir noktaya du\u0308s\u0327er. Ancak bu yelpazede yer alan bu\u0308tu\u0308n go\u0308c\u0327menlerin ortak bir noktas\u0131 vard\u0131r: hareketlilik sonucunda her birinin bo\u0308lgesel, siyasi, hukuki ya da iktisadi statu\u0308lerini kaybetmis\u0327 olmalar\u0131.\u201d Go\u0308c\u0327men, dog\u0306as\u0131 gereg\u0306i hareketli olmas\u0131na rag\u0306men, bir tu\u0308r durag\u0306anl\u0131kla tarif edilmeye yatk\u0131nd\u0131r. Hareketlerinden ziyade, s\u0327u an bulunduklar\u0131 nokta u\u0308zerinden tan\u0131mlan\u0131rlar. U\u0308stelik bu tan\u0131ma dahil bile olamazlar c\u0327og\u0306u zaman; o\u0308zne deg\u0306il, nesnelerdir: Birilerinin bak\u0131s\u0327 ac\u0327\u0131s\u0131ndan buradan oraya gitmis\u0327lerdir, dig\u0306erlerinin bak\u0131s\u0327 ac\u0327\u0131s\u0131ndan da oradan buraya gelmis\u0327lerdir. Her ikisine go\u0308re de go\u0308c\u0327men \u201cbas\u0327ar\u0131s\u0131z bir yurttas\u0327\u201dt\u0131r. Thomas Nail ise Go\u0308c\u0327men Figu\u0308ru\u0308 adl\u0131 kitab\u0131nda, bu toplumsal kimlig\u0306i durag\u0306\u0131nl\u0131kla deg\u0306il, devinimle tarif ediyor. Kimsenin go\u0308c\u0327men dog\u0306mad\u0131g\u0306\u0131n\u0131, go\u0308c\u0327men olundug\u0306unu belirterek bir siyasi o\u0308zne olarak go\u0308rdu\u0308g\u0306u\u0308 go\u0308c\u0327menin felsefi tarihini yaz\u0131yor. Ufuk ac\u0327\u0131c\u0131 bir kavramsal c\u0327erc\u0327eve c\u0327izerek cad\u0131 avlar\u0131ndan Zapatistalara, toprak parsellemeleri sonucu yersiz yurtsuz kalanlardan barbarlara ve go\u0308c\u0327men proletaryaya uzanan bir yelpazede go\u0308c\u0327men figu\u0308ru\u0308nu\u0308 bo\u0308lgesel, siyasi, hukuki ve iktisadi ac\u0327\u0131dan irdeliyor. <\/p>\n","protected":false},"excerpt":{"rendered":"<p>\u201cKimileri ic\u0327in yer deg\u0306is\u0327tirmek sadece gec\u0327ici bir ihrac\u0327t\u0131r; yeni f\u0131rsatlar, dinlence ve ka\u0302r elde etmek demektir. Baz\u0131lar\u0131 ic\u0327inse bu hareket tehlikeli ve zorakidir, onlar\u0131n ihrac\u0327lar\u0131 c\u0327ok<span class=\"excerpt-hellip\"> [\u2026]<\/span><\/p>\n","protected":false},"featured_media":0,"template":"","meta":{"_monsterinsights_skip_tracking":false,"_monsterinsights_sitenote_active":false,"_monsterinsights_sitenote_note":"","_monsterinsights_sitenote_category":0},"product_brand":[],"product_cat":[13059,12337],"product_tag":[],"class_list":{"0":"post-738930","1":"product","2":"type-product","3":"status-publish","5":"product_cat-diger-politika-siyaset","6":"product_cat-politika-siyaset","7":"pa_cilt-ciltsiz","8":"pa_tur-kitap","9":"pa_yayinevi-iletisim-yayinlari","10":"pa_yazar-thomas-nail","12":"first","13":"instock","14":"sale","15":"shipping-taxable","16":"purchasable","17":"product-type-simple"},"_links":{"self":[{"href":"https:\/\/roveyayinevi.com.tr\/index.php\/wp-json\/wp\/v2\/product\/738930","targetHints":{"allow":["GET"]}}],"collection":[{"href":"https:\/\/roveyayinevi.com.tr\/index.php\/wp-json\/wp\/v2\/product"}],"about":[{"href":"https:\/\/roveyayinevi.com.tr\/index.php\/wp-json\/wp\/v2\/types\/product"}],"wp:attachment":[{"href":"https:\/\/roveyayinevi.com.tr\/index.php\/wp-json\/wp\/v2\/media?parent=738930"}],"wp:term":[{"taxonomy":"product_brand","embeddable":true,"href":"https:\/\/roveyayinevi.com.tr\/index.php\/wp-json\/wp\/v2\/product_brand?post=738930"},{"taxonomy":"product_cat","embeddable":true,"href":"https:\/\/roveyayinevi.com.tr\/index.php\/wp-json\/wp\/v2\/product_cat?post=738930"},{"taxonomy":"product_tag","embeddable":true,"href":"https:\/\/roveyayinevi.com.tr\/index.php\/wp-json\/wp\/v2\/product_tag?post=738930"}],"curies":[{"name":"wp","href":"https:\/\/api.w.org\/{rel}","templated":true}]}}