{"id":738929,"date":"2025-08-28T00:00:02","date_gmt":"2025-08-27T21:00:02","guid":{"rendered":"https:\/\/roveyayinevi.com.tr\/index.php\/urun\/osmanli-yenilgi-kulturu\/"},"modified":"2026-04-16T02:49:18","modified_gmt":"2026-04-15T23:49:18","slug":"osmanli-yenilgi-kulturu","status":"publish","type":"product","link":"https:\/\/roveyayinevi.com.tr\/index.php\/urun\/osmanli-yenilgi-kulturu\/","title":{"rendered":"Osmanl\u0131 Yenilgi K\u00fclt\u00fcr\u00fc"},"content":{"rendered":"<p>Savas\u0327lar, sonuc\u0327lar\u0131ndan bag\u0306\u0131ms\u0131z olarak toplumsal yas\u0327am\u0131 derinden etkiler. Fakat belki de ironik olarak ac\u0131n\u0131n, kederin ve kay\u0131plar\u0131n yan\u0131nda mug\u0306lak da olsa yeni toplumsal tasar\u0131lara ve icraatlara da zemin haz\u0131rlar. Eyal Ginio Osmanl\u0131 Yenilgi Ku\u0308ltu\u0308ru\u0308 kitab\u0131nda, savas\u0327 kaybeden bir toplumun u\u0308rettig\u0306i ku\u0308ltu\u0308rle mes\u0327gul oluyor, bir \u201cyenilgi ku\u0308ltu\u0308ru\u0308\u201d tahliline giris\u0327iyor. Osmanl\u0131\u2019n\u0131n Balkan Savas\u0327lar\u0131 deneyimi u\u0308zerinden toplumsal hayat\u0131n c\u0327ok c\u0327es\u0327itli yo\u0308nlerini, savas\u0327taki bir imparatorlug\u0306un u\u0308rettig\u0306i yan\u0131tlar\u0131 (intikam, dirilis\u0327, yenilenme c\u0327ag\u0306r\u0131lar\u0131, iktisadi gelis\u0327me, gelecek nesillerden beklentiler) ve bunlar\u0131n politik c\u0327\u0131kt\u0131lar\u0131n\u0131 inceliyor. Osmanl\u0131\u2019n\u0131n yenilgi literatu\u0308ru\u0308nu\u0308, cemiyetlerin icraatlar\u0131n\u0131, I\u0307ttihat ve Terakki politikalar\u0131n\u0131 savas\u0327 atmosferi ic\u0327erisinde konumland\u0131r\u0131yor. Osmanl\u0131 Yenilgi Ku\u0308ltu\u0308ru\u0308, Balkan Savas\u0327lar\u0131\u2019na odaklan\u0131p savas\u0327 atmosferinde bir toplumun deneyimlerine ve yaratt\u0131g\u0306\u0131 ku\u0308ltu\u0308re derinlemesine bir bak\u0131s\u0327 vaat ediyor. \u201cBalkan Savas\u0327lar\u0131\u2019ndaki dramatik mag\u0306lubiyet deneyimi, Osmanl\u0131 subay, yazar, s\u0327airleri ile erkeg\u0306i kad\u0131n\u0131 sivil insanlar\u0131n yaln\u0131zca askeri\u0302 yenilgi konusunu deg\u0306il, intikam\u0131 ve dirilis\u0327i gerc\u0327ekles\u0327tirmenin farkl\u0131 yollar\u0131n\u0131 nas\u0131l tahayyu\u0308l ettig\u0306ini es\u0327siz bic\u0327imde sunar. Onlar\u0131n hem askeri\u0302 bozgun hem de muhtemel gelecek tasvirleri \u2018Osmanl\u0131 yenilgi ku\u0308ltu\u0308ru\u0308\u2019 diye ifade ettig\u0306im s\u0327eyin kamusal alana ha\u0302kim olabildig\u0306ine ve savas\u0327 sonras\u0131 kamusal tart\u0131s\u0327may\u0131 etkileyebildig\u0306ine dair sag\u0306lam kan\u0131tlar sunar.\u201d EYAL GINIO <\/p>\n","protected":false},"excerpt":{"rendered":"<p>Savas\u0327lar, sonuc\u0327lar\u0131ndan bag\u0306\u0131ms\u0131z olarak toplumsal yas\u0327am\u0131 derinden etkiler. Fakat belki de ironik olarak ac\u0131n\u0131n, kederin ve kay\u0131plar\u0131n yan\u0131nda mug\u0306lak da olsa yeni toplumsal tasar\u0131lara ve icraatlara<span class=\"excerpt-hellip\"> [\u2026]<\/span><\/p>\n","protected":false},"featured_media":0,"template":"","meta":{"_monsterinsights_skip_tracking":false,"_monsterinsights_sitenote_active":false,"_monsterinsights_sitenote_note":"","_monsterinsights_sitenote_category":0},"product_brand":[],"product_cat":[13517,12304],"product_tag":[],"class_list":{"0":"post-738929","1":"product","2":"type-product","3":"status-publish","5":"product_cat-osmanli-tarihi","6":"product_cat-tarih","7":"pa_cilt-ciltsiz","8":"pa_tur-kitap","9":"pa_yayinevi-iletisim-yayinlari","10":"pa_yazar-eyal-ginio","12":"first","13":"instock","14":"sale","15":"shipping-taxable","16":"purchasable","17":"product-type-simple"},"_links":{"self":[{"href":"https:\/\/roveyayinevi.com.tr\/index.php\/wp-json\/wp\/v2\/product\/738929","targetHints":{"allow":["GET"]}}],"collection":[{"href":"https:\/\/roveyayinevi.com.tr\/index.php\/wp-json\/wp\/v2\/product"}],"about":[{"href":"https:\/\/roveyayinevi.com.tr\/index.php\/wp-json\/wp\/v2\/types\/product"}],"wp:attachment":[{"href":"https:\/\/roveyayinevi.com.tr\/index.php\/wp-json\/wp\/v2\/media?parent=738929"}],"wp:term":[{"taxonomy":"product_brand","embeddable":true,"href":"https:\/\/roveyayinevi.com.tr\/index.php\/wp-json\/wp\/v2\/product_brand?post=738929"},{"taxonomy":"product_cat","embeddable":true,"href":"https:\/\/roveyayinevi.com.tr\/index.php\/wp-json\/wp\/v2\/product_cat?post=738929"},{"taxonomy":"product_tag","embeddable":true,"href":"https:\/\/roveyayinevi.com.tr\/index.php\/wp-json\/wp\/v2\/product_tag?post=738929"}],"curies":[{"name":"wp","href":"https:\/\/api.w.org\/{rel}","templated":true}]}}