{"id":738927,"date":"2025-08-27T23:59:59","date_gmt":"2025-08-27T20:59:59","guid":{"rendered":"https:\/\/roveyayinevi.com.tr\/index.php\/urun\/kriptonun-sifresi\/"},"modified":"2026-04-16T02:49:17","modified_gmt":"2026-04-15T23:49:17","slug":"kriptonun-sifresi","status":"publish","type":"product","link":"https:\/\/roveyayinevi.com.tr\/index.php\/urun\/kriptonun-sifresi\/","title":{"rendered":"Kripto&#8217;nun \u015eifresi"},"content":{"rendered":"<p>Devendeki yular, belinde ki kemer olsayd\u0131mAma senden ayr\u0131lmasayd\u0131m\u2026Seni g\u00f6rmeyen g\u00f6z\u00fc neyleyim demi\u015f \u015fairBen senin hasretinle yok olsayd\u0131m\u2026Bast\u0131\u011f\u0131n toprak olsayd\u0131m da da\u011f\u0131lsayd\u0131mPar\u00e7alasayd\u0131 beni de yolunda bir vah\u015fi\u2026Ama g\u00f6reydim seni bir an\u2026Musab\u2019\u0131n gibi sana benzeseydim\u2026T\u00fcm mal\u0131m\u0131 sana ve davana verseydim<\/p>\n","protected":false},"excerpt":{"rendered":"<p>Devendeki yular, belinde ki kemer olsayd\u0131mAma senden ayr\u0131lmasayd\u0131m\u2026Seni g\u00f6rmeyen g\u00f6z\u00fc neyleyim demi\u015f \u015fairBen senin hasretinle yok olsayd\u0131m\u2026Bast\u0131\u011f\u0131n toprak olsayd\u0131m da da\u011f\u0131lsayd\u0131mPar\u00e7alasayd\u0131 beni de yolunda bir vah\u015fi\u2026Ama<span class=\"excerpt-hellip\"> [\u2026]<\/span><\/p>\n","protected":false},"featured_media":0,"template":"","meta":{"_monsterinsights_skip_tracking":false,"_monsterinsights_sitenote_active":false,"_monsterinsights_sitenote_note":"","_monsterinsights_sitenote_category":0},"product_brand":[],"product_cat":[12291,12509],"product_tag":[],"class_list":{"0":"post-738927","1":"product","2":"type-product","3":"status-publish","5":"product_cat-edebiyat","6":"product_cat-siir","7":"pa_cilt-ciltsiz","8":"pa_tur-kitap","9":"pa_yayinevi-herdem-kitap","10":"pa_yazar-firat-aksoy","12":"first","13":"instock","14":"sale","15":"shipping-taxable","16":"purchasable","17":"product-type-simple"},"_links":{"self":[{"href":"https:\/\/roveyayinevi.com.tr\/index.php\/wp-json\/wp\/v2\/product\/738927","targetHints":{"allow":["GET"]}}],"collection":[{"href":"https:\/\/roveyayinevi.com.tr\/index.php\/wp-json\/wp\/v2\/product"}],"about":[{"href":"https:\/\/roveyayinevi.com.tr\/index.php\/wp-json\/wp\/v2\/types\/product"}],"wp:attachment":[{"href":"https:\/\/roveyayinevi.com.tr\/index.php\/wp-json\/wp\/v2\/media?parent=738927"}],"wp:term":[{"taxonomy":"product_brand","embeddable":true,"href":"https:\/\/roveyayinevi.com.tr\/index.php\/wp-json\/wp\/v2\/product_brand?post=738927"},{"taxonomy":"product_cat","embeddable":true,"href":"https:\/\/roveyayinevi.com.tr\/index.php\/wp-json\/wp\/v2\/product_cat?post=738927"},{"taxonomy":"product_tag","embeddable":true,"href":"https:\/\/roveyayinevi.com.tr\/index.php\/wp-json\/wp\/v2\/product_tag?post=738927"}],"curies":[{"name":"wp","href":"https:\/\/api.w.org\/{rel}","templated":true}]}}