{"id":738926,"date":"2025-08-27T23:59:57","date_gmt":"2025-08-27T20:59:57","guid":{"rendered":"https:\/\/roveyayinevi.com.tr\/index.php\/urun\/derin-suphe\/"},"modified":"2026-04-08T02:57:21","modified_gmt":"2026-04-07T23:57:21","slug":"derin-suphe","status":"publish","type":"product","link":"https:\/\/roveyayinevi.com.tr\/index.php\/urun\/derin-suphe\/","title":{"rendered":"Derin \u015e\u00fcphe"},"content":{"rendered":"<p>Kurban\u0131n \u00fczerinde bulunan spiral sembol\u00fcn anlam\u0131 neydi ?Pe\u015fpe\u015fe i\u015flenen cinayetlerin ard\u0131nda kim vard\u0131 ?Sonun ba\u015flang\u0131c\u0131 bug\u00fcn m\u00fcyd\u00fc ?Ge\u00e7mi\u015fteki b\u00fcy\u00fck gizem nas\u0131l \u00e7\u00f6z\u00fclecekti ?Pagan inan\u0131\u015f\u0131na dayanan s\u0131rlarla dolu bir cinayet\u2026Polislere meydan okuyan bir katil\u2026Dipsiz Kuyu roman\u0131ndan tan\u0131d\u0131\u011f\u0131m\u0131z Ba\u015fkomiser Cengiz\u2019ingerilim ve s\u00fcrprizlerle dolu soluksuz maceras\u0131\u2026Or\u00e7un Yenilmez\u2019in ikinci roman\u0131 Derin \u015e\u00fcphe, ba\u015f\u0131ndan sonuna kadariyi kurgulanm\u0131\u015f, s\u0131k\u0131 bir gerilim polisiyesi. Karakterlerinin yan\u0131 s\u0131ra \u015fa\u015f\u0131rt\u0131c\u0131 finali deiyi bir \u00f6zg\u00fcy\u00fc hak ediyor. Her sayfas\u0131n\u0131 heyecanla okuyaca\u011f\u0131n\u0131zdan hi\u00e7 ku\u015fkum yok.-Gencoy S\u00fcmer-<\/p>\n","protected":false},"excerpt":{"rendered":"<p>Kurban\u0131n \u00fczerinde bulunan spiral sembol\u00fcn anlam\u0131 neydi ?Pe\u015fpe\u015fe i\u015flenen cinayetlerin ard\u0131nda kim vard\u0131 ?Sonun ba\u015flang\u0131c\u0131 bug\u00fcn m\u00fcyd\u00fc ?Ge\u00e7mi\u015fteki b\u00fcy\u00fck gizem nas\u0131l \u00e7\u00f6z\u00fclecekti ?Pagan inan\u0131\u015f\u0131na dayanan s\u0131rlarla<span class=\"excerpt-hellip\"> [\u2026]<\/span><\/p>\n","protected":false},"featured_media":0,"template":"","meta":{"_monsterinsights_skip_tracking":false,"_monsterinsights_sitenote_active":false,"_monsterinsights_sitenote_note":"","_monsterinsights_sitenote_category":0},"product_brand":[],"product_cat":[12291,12711],"product_tag":[],"class_list":{"0":"post-738926","1":"product","2":"type-product","3":"status-publish","5":"product_cat-edebiyat","6":"product_cat-roman-oyku","7":"pa_cilt-ciltsiz","8":"pa_tur-kitap","9":"pa_yayinevi-herdem-kitap","10":"pa_yazar-orcun-yenilmez","12":"first","13":"instock","14":"sale","15":"shipping-taxable","16":"purchasable","17":"product-type-simple"},"_links":{"self":[{"href":"https:\/\/roveyayinevi.com.tr\/index.php\/wp-json\/wp\/v2\/product\/738926","targetHints":{"allow":["GET"]}}],"collection":[{"href":"https:\/\/roveyayinevi.com.tr\/index.php\/wp-json\/wp\/v2\/product"}],"about":[{"href":"https:\/\/roveyayinevi.com.tr\/index.php\/wp-json\/wp\/v2\/types\/product"}],"wp:attachment":[{"href":"https:\/\/roveyayinevi.com.tr\/index.php\/wp-json\/wp\/v2\/media?parent=738926"}],"wp:term":[{"taxonomy":"product_brand","embeddable":true,"href":"https:\/\/roveyayinevi.com.tr\/index.php\/wp-json\/wp\/v2\/product_brand?post=738926"},{"taxonomy":"product_cat","embeddable":true,"href":"https:\/\/roveyayinevi.com.tr\/index.php\/wp-json\/wp\/v2\/product_cat?post=738926"},{"taxonomy":"product_tag","embeddable":true,"href":"https:\/\/roveyayinevi.com.tr\/index.php\/wp-json\/wp\/v2\/product_tag?post=738926"}],"curies":[{"name":"wp","href":"https:\/\/api.w.org\/{rel}","templated":true}]}}