{"id":738925,"date":"2025-08-27T23:59:56","date_gmt":"2025-08-27T20:59:56","guid":{"rendered":"https:\/\/roveyayinevi.com.tr\/index.php\/urun\/birakmak\/"},"modified":"2026-04-16T02:49:17","modified_gmt":"2026-04-15T23:49:17","slug":"birakmak","status":"publish","type":"product","link":"https:\/\/roveyayinevi.com.tr\/index.php\/urun\/birakmak\/","title":{"rendered":"B\u0131rakmak"},"content":{"rendered":"<p>D\u00fcnyaca \u00fcnl\u00fc psikiyatrist, bilin\u00e7 ara\u015ft\u0131rmac\u0131s\u0131 ve yazar David R. Hawkins\u2019in uluslararas\u0131 \u00e7ok satan kitab\u0131 B\u0131rakmak: Teslimiyete Giden Yol art\u0131k T\u00fcrk\u00e7ede               D\u00fcnyan\u0131n en \u00fcnl\u00fc geli\u015fmi\u015f fark\u0131ndal\u0131k ve ayd\u0131nlanma uzman\u0131 olan Psikiyatrist Dr. David R. Hawkins\u2019in B\u0131rakmak: Teslimiyete Giden Yol kitab\u0131 bize duygular\u0131m\u0131z\u0131n esiri olmaktan, hayat\u0131m\u0131z\u0131 y\u00f6nlendiren arzu ve beklentilerle sava\u015fmaktan, hayat\u0131m\u0131z\u0131 zorla\u015ft\u0131ran stres ve hastal\u0131klardan B\u0131rakma Tekni\u011fi (Letting Go) ile nas\u0131l kurtulabilece\u011fimizi anlatan e\u015fsiz bir rehber.               Yazar\u0131n onlarca y\u0131l devam ettirdi\u011fi klinik psikiyatri \u00e7al\u0131\u015fmalar\u0131n\u0131n ana amac\u0131, insan \u0131st\u0131rab\u0131n\u0131 t\u00fcm bi\u00e7imleriyle dindirmenin en etkili yollar\u0131n\u0131 aramak olmu\u015ftur. Bu konuda buldu\u011fu ger\u00e7ekleri kitaplar\u0131 yoluyla payla\u015fan Dr. Hawkins\u2019in bu \u0131st\u0131rab\u0131 dindirmenin ve blokajlar\u0131 kald\u0131rman\u0131n en etkili yolu olan b\u0131rakma mekanizmas\u0131n\u0131 anlatt\u0131\u011f\u0131 kitab\u0131 B\u0131rakmak: Teslimiyete Giden Yol 2012 y\u0131l\u0131nda \u00f6l\u00fcm\u00fcnden k\u0131sa s\u00fcre \u00f6nce tamamlad\u0131\u011f\u0131, onlarca kitab\u0131 aras\u0131nda ulusal ve uluslararas\u0131 \u00e7apta en \u00e7ok satan kitab\u0131d\u0131r.               Dr. Hawkins, b\u0131rakma tekni\u011fini ve teslimiyet mekanizmas\u0131n\u0131 anlatt\u0131\u011f\u0131 bu kitab\u0131nda bize as\u0131l arad\u0131\u011f\u0131m\u0131z\u0131n her zaman g\u00f6z\u00fcm\u00fcz\u00fcn \u00f6n\u00fcnde oldu\u011funu s\u00f6yl\u00fcyor. Hayat\u0131 mutlulukla ya\u015fayabilmek i\u00e7in \u00e7areyi uzak diyarlarda ya da \u00f6\u011fretilerde aramam\u0131z gerekmiyor. \u00d6zg\u00fcrle\u015fmenin ve mutlu bir hayat s\u00fcrmenin anahtar\u0131 zaten elimizde. Yapmam\u0131z gereken tek \u015fey b\u0131rakman\u0131n ne kadar kolay ve \u00f6zg\u00fcrle\u015ftirici oldu\u011funu g\u00f6rebilmek. Bunu yapmak i\u00e7inse \u00f6n\u00fcm\u00fczde hi\u00e7bir engel yok, kendimizden ba\u015fka\u2026 B\u0131rakmak: Teslimiyete Giden Yol; ruh sa\u011fl\u0131\u011f\u0131, psikoloji, t\u0131p, kendi kendine yard\u0131m, ba\u011f\u0131ml\u0131l\u0131ktan kurtulma ve ruhsal geli\u015fim alanlar\u0131nda \u00e7al\u0131\u015fan herkes i\u00e7in paha bi\u00e7ilmez bir kaynak.   *** Sizlere Dr. Hawkins\u2019in mutlaka k\u00fct\u00fcphanenize eklemeyi d\u00fc\u015f\u00fcnmeniz gereken bir kitab\u0131n\u0131 \u00f6nermek istiyorum: B\u0131rakmak\u2026 B\u0131rakmak, daha bilin\u00e7li bir hayat ya\u015famaktan bizi al\u0131koyan engelleri fark etmek ve onlar\u0131 ortadan kald\u0131rmak i\u00e7in harika bir rehber\u2026 Ger\u00e7ekten hayat\u0131n\u0131z\u0131 de\u011fi\u015ftirecek bir kitap. &#8211; Louise Hay, Amazon Review   Teslimiyet ne demektir? Herhangi bir anda olumsuz duygulardan ar\u0131nm\u0131\u015f olma durumu ve b\u00f6ylece yarat\u0131c\u0131l\u0131\u011f\u0131n ve do\u011fall\u0131\u011f\u0131n herhangi bir engelle ya da i\u00e7sel \u00e7at\u0131\u015fmayla kar\u015f\u0131la\u015fmadan tezah\u00fcr edebilmesidir. \u0130\u00e7sel \u00e7at\u0131\u015fmalardan ve beklentilerden uzak olmak, hayat\u0131m\u0131zdakilere de en b\u00fcy\u00fck \u00f6zg\u00fcrl\u00fck f\u0131rsat\u0131n\u0131 vermek demektir. &#8211; Dr. David R. Hawkins   Psikiyatrist Dr. David R. Hawkins (1927-2012, ABD)               Bilin\u00e7 alan\u0131nda \u00f6nc\u00fc bir ara\u015ft\u0131rmac\u0131 olmas\u0131n\u0131n yan\u0131 s\u0131ra yazar, \u00f6\u011fretim g\u00f6revlisi, klinisyen, hekim ve bilim adam\u0131 olarak \u00fcnlenen Dr. Hawkins 1927-2012 y\u0131llar\u0131 aras\u0131nda ya\u015fam\u0131\u015ft\u0131r. \u0130nsan ac\u0131s\u0131n\u0131 ve s\u0131k\u0131nt\u0131s\u0131n\u0131 hafifletmek i\u00e7in girdi\u011fi t\u0131p alan\u0131nda bir doktor olarak yapt\u0131\u011f\u0131 \u00e7al\u0131\u015fmalarla \u00f6nc\u00fc kabul edilmektedir. Sa\u011fl\u0131k, \u015fifa, iyile\u015fme, modern ya\u015famda maneviyat, bilin\u00e7 ara\u015ft\u0131rmalar\u0131 ve meditasyon alanlar\u0131ndaki \u00e7al\u0131\u015fmalar\u0131yla belgesel filmlerde, dergilerde ve radyo r\u00f6portajlar\u0131nda yer alm\u0131\u015f ve klinik bulu\u015flar\u0131 Amerika\u2019da bir\u00e7ok TV program\u0131na konu olmu\u015ftur. 1970\u2019lerde \u015eizofreni Dergisi Yay\u0131n Kurulu ve New York\u2019ta yer alan Tutumsal \u015eifa Merkezi d\u00e2hil olmak \u00fczere bir\u00e7ok psikiyatrik kurulu\u015fun ortak kuruculu\u011funu \u00fcstlenmi\u015ftir. 1973&#8217;te Nobel \u00d6d\u00fcll\u00fc kimyager Linus Pauling ile birlikte psikiyatride \u00e7\u0131\u011f\u0131r a\u00e7an Ortomolek\u00fcler Psikiyatri\u2019nin ortak yazarl\u0131\u011f\u0131n\u0131 yapm\u0131\u015ft\u0131r. Spirit\u00fcel Ara\u015ft\u0131rmalar Enstit\u00fcs\u00fc\u2019n\u00fcn kurucu direkt\u00f6r\u00fc (1983) olan Hawkins, North Nassau Ak\u0131l Sa\u011fl\u0131\u011f\u0131 Merkezi\u2019nde T\u0131bbi Direkt\u00f6r (1956\u20131980) ve Long Island\u2019daki Brunswick Hastanesi\u2019nde (1968\u20131979) Ara\u015ft\u0131rma Direkt\u00f6r\u00fc olarak g\u00f6rev alm\u0131\u015ft\u0131r. Kore\u2019de ald\u0131\u011f\u0131 \u201cRae Ryeong Seon Kak Tosa\u201d unvan\u0131 (Ayd\u0131nlanmaya Giden Yolun En B\u00fcy\u00fck \u00d6\u011fretmeni), \u201c\u0130nsan Ac\u0131lar\u0131n\u0131n Hafifletilmesine Paha Bi\u00e7ilmez Katk\u0131\u201d i\u00e7in Huxley \u00d6d\u00fcl\u00fc, Amerikan Tabipler Birli\u011fi taraf\u0131ndan \u201cDoktorlar Takdir\u201d \u00d6d\u00fcl\u00fc, Amerikan Psikiyatri Birli\u011fi taraf\u0131ndan \u201c50 Y\u0131ll\u0131k Se\u00e7kin Ya\u015fam \u00dcyesi\u201d unvan\u0131 Dr. Hawkins\u2019in ald\u0131\u011f\u0131 \u00f6d\u00fcl ve unvanlardan yaln\u0131zca baz\u0131lar\u0131d\u0131r. <\/p>\n","protected":false},"excerpt":{"rendered":"<p>D\u00fcnyaca \u00fcnl\u00fc psikiyatrist, bilin\u00e7 ara\u015ft\u0131rmac\u0131s\u0131 ve yazar David R. Hawkins\u2019in uluslararas\u0131 \u00e7ok satan kitab\u0131 B\u0131rakmak: Teslimiyete Giden Yol art\u0131k T\u00fcrk\u00e7ede D\u00fcnyan\u0131n en \u00fcnl\u00fc geli\u015fmi\u015f fark\u0131ndal\u0131k ve<span class=\"excerpt-hellip\"> [\u2026]<\/span><\/p>\n","protected":false},"featured_media":0,"template":"","meta":{"_monsterinsights_skip_tracking":false,"_monsterinsights_sitenote_active":false,"_monsterinsights_sitenote_note":"","_monsterinsights_sitenote_category":0},"product_brand":[],"product_cat":[12358,12357],"product_tag":[],"class_list":{"0":"post-738925","1":"product","2":"type-product","3":"status-publish","5":"product_cat-genel-psikoloji","6":"product_cat-psikoloji","7":"pa_cilt-ciltsiz","8":"pa_tur-kitap","9":"pa_yayinevi-gunce-yayinlari","10":"pa_yazar-david-r-hawkins","12":"first","13":"instock","14":"sale","15":"shipping-taxable","16":"purchasable","17":"product-type-simple"},"_links":{"self":[{"href":"https:\/\/roveyayinevi.com.tr\/index.php\/wp-json\/wp\/v2\/product\/738925","targetHints":{"allow":["GET"]}}],"collection":[{"href":"https:\/\/roveyayinevi.com.tr\/index.php\/wp-json\/wp\/v2\/product"}],"about":[{"href":"https:\/\/roveyayinevi.com.tr\/index.php\/wp-json\/wp\/v2\/types\/product"}],"wp:attachment":[{"href":"https:\/\/roveyayinevi.com.tr\/index.php\/wp-json\/wp\/v2\/media?parent=738925"}],"wp:term":[{"taxonomy":"product_brand","embeddable":true,"href":"https:\/\/roveyayinevi.com.tr\/index.php\/wp-json\/wp\/v2\/product_brand?post=738925"},{"taxonomy":"product_cat","embeddable":true,"href":"https:\/\/roveyayinevi.com.tr\/index.php\/wp-json\/wp\/v2\/product_cat?post=738925"},{"taxonomy":"product_tag","embeddable":true,"href":"https:\/\/roveyayinevi.com.tr\/index.php\/wp-json\/wp\/v2\/product_tag?post=738925"}],"curies":[{"name":"wp","href":"https:\/\/api.w.org\/{rel}","templated":true}]}}