{"id":738924,"date":"2025-08-27T23:59:56","date_gmt":"2025-08-27T20:59:56","guid":{"rendered":"https:\/\/roveyayinevi.com.tr\/index.php\/urun\/diyarbakir-ya-da-sodomun-5-nolu-zindandaki-bin-gunu\/"},"modified":"2026-04-16T02:49:17","modified_gmt":"2026-04-15T23:49:17","slug":"diyarbakir-ya-da-sodomun-5-nolu-zindandaki-bin-gunu","status":"publish","type":"product","link":"https:\/\/roveyayinevi.com.tr\/index.php\/urun\/diyarbakir-ya-da-sodomun-5-nolu-zindandaki-bin-gunu\/","title":{"rendered":"Diyarbak\u0131r ya da Sodom\u2019un  5 No\u2019lu Zindandaki Bin G\u00fcn\u00fc"},"content":{"rendered":"<p>Bir film izledim\u2026 ve filmde olup bitenlerin, yani \u201ckurgulanan\u201dlar\u0131n \u201cya\u015fanan\u201dlara bu kadar \u00e7ok benziyor olu\u015fu kar\u015f\u0131s\u0131nda iliklerime kadar \u00fcrperdim. Marquie de Sade\u2019\u0131n 1904 y\u0131l\u0131nda yay\u0131nland\u0131\u011f\u0131nda b\u00fcy\u00fck sansasyon yaratm\u0131\u015f Sodom&#8217;un 120 G\u00fcn\u00fc veya Sefahat Okulu isimli kitab\u0131na dayanan, Pierre Pasolini\u2019nin y\u00f6netti\u011fi, 1975 yap\u0131m\u0131 bu film, 1943-1945 y\u0131llar\u0131 aras\u0131nda Kuzey \u0130talya\u2019da Nazi i\u015fgal kuvvetleri taraf\u0131ndan kurulmu\u015f olan fa\u015fist Salo Cumhuriyeti\u2019nde (\u0130talyan Sosyal Cumhuriyeti) ge\u00e7mekte. Filmde anlat\u0131lanlar, 1981-83 y\u0131llar\u0131nda Diyarbak\u0131r 5 No\u2019lu Askeri Cezaevi\u2019nde ya\u015fayanlar\u0131n \u201cvah\u015fet d\u00f6nemi\u201d diye niteledikleri, yakla\u015f\u0131k bin g\u00fcn s\u00fcren bir d\u00f6nemde ya\u015fand\u0131\u2026 Yani Esat Oktay Y\u0131ld\u0131ran Cumhuriyeti\u2019nde\u2026 Acaba Diyarbak\u0131r 5 No&#8217;lu Cezaevi&#8217;ni siyasal-sosyal bir deney merkezi olarak tasarlayanlar bu filmi izlemi\u015f miydi? \u0130zlememi\u015flerse bu, fa\u015fizmin insan ki\u015fili\u011fini a\u015fa\u011f\u0131lamaktaki evrensel anlay\u0131\u015f\u0131n\u0131 anlamak bak\u0131m\u0131ndan deh\u015fetli bir \u00f6rnek olmal\u0131. Diyarbak\u0131r 5 No\u2019lu Askeri Cezaevi, cezaevinden \u00f6te, tutsaklar\u0131n siyasal, etnik ve cinsel kimliklerini yok ederek, a\u015fa\u011f\u0131layarak teslim al\u0131nmas\u0131n\u0131 ama\u00e7layan \u00f6zel bir \u201c\u015fiddet laboratuvar\u0131\u201dyd\u0131. Burada ya\u015fat\u0131lanlar insan\u0131n hayal g\u00fcc\u00fcn\u00fc hayli zorlayacak t\u00fcrdendi\u2026 Elinizdeki kitapta bu ya\u015fan\u0131lanlar\u0131n k\u00fc\u00e7\u00fck bir k\u0131sm\u0131 yaz\u0131ld\u0131; ya\u015fayanlar\u0131n bedenlerinden ve haf\u0131zalar\u0131ndan\u2026 <\/p>\n","protected":false},"excerpt":{"rendered":"<p>Bir film izledim\u2026 ve filmde olup bitenlerin, yani \u201ckurgulanan\u201dlar\u0131n \u201cya\u015fanan\u201dlara bu kadar \u00e7ok benziyor olu\u015fu kar\u015f\u0131s\u0131nda iliklerime kadar \u00fcrperdim. Marquie de Sade\u2019\u0131n 1904 y\u0131l\u0131nda yay\u0131nland\u0131\u011f\u0131nda b\u00fcy\u00fck<span class=\"excerpt-hellip\"> [\u2026]<\/span><\/p>\n","protected":false},"featured_media":0,"template":"","meta":{"_monsterinsights_skip_tracking":false,"_monsterinsights_sitenote_active":false,"_monsterinsights_sitenote_note":"","_monsterinsights_sitenote_category":0},"product_brand":[],"product_cat":[13590,12337],"product_tag":[],"class_list":{"0":"post-738924","1":"product","2":"type-product","3":"status-publish","5":"product_cat-arastirma-inceleme-politika-siyaset","6":"product_cat-politika-siyaset","7":"pa_cilt-ciltsiz","8":"pa_tur-kitap","9":"pa_yayinevi-dipnot-yayinlari","10":"pa_yazar-recep-marasli","12":"first","13":"instock","14":"sale","15":"shipping-taxable","16":"purchasable","17":"product-type-simple"},"_links":{"self":[{"href":"https:\/\/roveyayinevi.com.tr\/index.php\/wp-json\/wp\/v2\/product\/738924","targetHints":{"allow":["GET"]}}],"collection":[{"href":"https:\/\/roveyayinevi.com.tr\/index.php\/wp-json\/wp\/v2\/product"}],"about":[{"href":"https:\/\/roveyayinevi.com.tr\/index.php\/wp-json\/wp\/v2\/types\/product"}],"wp:attachment":[{"href":"https:\/\/roveyayinevi.com.tr\/index.php\/wp-json\/wp\/v2\/media?parent=738924"}],"wp:term":[{"taxonomy":"product_brand","embeddable":true,"href":"https:\/\/roveyayinevi.com.tr\/index.php\/wp-json\/wp\/v2\/product_brand?post=738924"},{"taxonomy":"product_cat","embeddable":true,"href":"https:\/\/roveyayinevi.com.tr\/index.php\/wp-json\/wp\/v2\/product_cat?post=738924"},{"taxonomy":"product_tag","embeddable":true,"href":"https:\/\/roveyayinevi.com.tr\/index.php\/wp-json\/wp\/v2\/product_tag?post=738924"}],"curies":[{"name":"wp","href":"https:\/\/api.w.org\/{rel}","templated":true}]}}