{"id":738923,"date":"2025-08-27T23:59:54","date_gmt":"2025-08-27T20:59:54","guid":{"rendered":"https:\/\/roveyayinevi.com.tr\/index.php\/urun\/korona-gunlerinde-cinayet\/"},"modified":"2026-04-16T02:49:17","modified_gmt":"2026-04-15T23:49:17","slug":"korona-gunlerinde-cinayet","status":"publish","type":"product","link":"https:\/\/roveyayinevi.com.tr\/index.php\/urun\/korona-gunlerinde-cinayet\/","title":{"rendered":"Korona G\u00fcnlerinde Cinayet"},"content":{"rendered":"<p>\u201cHer insan\u0131n d\u0131\u015f\u0131ndaki kabu\u011fun alt\u0131nda saklanan bir \u00f6z\u00fc vard\u0131r. \u00d6z\u00fcm\u00fcz bizim en gizli hazinemizdir. Herkes g\u00f6rs\u00fcn, herkes bilsin istemeyece\u011fimiz bir hazine. \u00c7\u00fcnk\u00fc o hazinenin i\u00e7inde parlayan bilgeli\u011fimizin yan\u0131 s\u0131ra ba\u015fkalar\u0131n\u0131n g\u00f6rmelerinden korkaca\u011f\u0131m\u0131z canavarlar\u0131m\u0131z da vard\u0131r. En \u00e7ok da o canavarlar\u0131 saklamak i\u00e7in d\u0131\u015f kabu\u011fumuzu cilalar\u0131z. \u0130yi insan maskelerimizi tak\u0131n\u0131r\u0131z. Maskelerimizle, d\u0131\u015f g\u00f6r\u00fcn\u00fc\u015f\u00fcm\u00fczle s\u00fcsledi\u011fimizi ba\u015fkalar\u0131na satmaya \u00e7abalar\u0131z. Oysa bizi ger\u00e7ekten sevenler canavarlar\u0131m\u0131z\u0131 g\u00f6r\u00fcp de ka\u00e7mayanlard\u0131r.\u201dFunda Menek\u015fe, \u00e7o\u011funlu\u011fu Dedektif adl\u0131 dijital polisiye dergisinde yay\u0131nlanan \u00f6yk\u00fclerinde olaylar\u0131 kimi zaman katillerin, kimi zaman maktullerin g\u00f6z\u00fcnden okuyucuya sunuyor. \u00c7o\u011funlu\u011funda su\u00e7 kavram\u0131n\u0131n irdelendi\u011fi \u00f6yk\u00fcleri \u00f6yle ak\u0131c\u0131 bir \u00fcslupla kaleme al\u0131yor ki, okur kendini olay\u0131n bir par\u00e7as\u0131 gibi hissedebiliyor.<\/p>\n","protected":false},"excerpt":{"rendered":"<p>\u201cHer insan\u0131n d\u0131\u015f\u0131ndaki kabu\u011fun alt\u0131nda saklanan bir \u00f6z\u00fc vard\u0131r. \u00d6z\u00fcm\u00fcz bizim en gizli hazinemizdir. Herkes g\u00f6rs\u00fcn, herkes bilsin istemeyece\u011fimiz bir hazine. \u00c7\u00fcnk\u00fc o hazinenin i\u00e7inde parlayan<span class=\"excerpt-hellip\"> [\u2026]<\/span><\/p>\n","protected":false},"featured_media":0,"template":"","meta":{"_monsterinsights_skip_tracking":false,"_monsterinsights_sitenote_active":false,"_monsterinsights_sitenote_note":"","_monsterinsights_sitenote_category":0},"product_brand":[],"product_cat":[12291,12711],"product_tag":[],"class_list":{"0":"post-738923","1":"product","2":"type-product","3":"status-publish","5":"product_cat-edebiyat","6":"product_cat-roman-oyku","7":"pa_cilt-ciltsiz","8":"pa_tur-kitap","9":"pa_yayinevi-herdem-kitap","10":"pa_yazar-funda-menekse","12":"first","13":"instock","14":"sale","15":"shipping-taxable","16":"purchasable","17":"product-type-simple"},"_links":{"self":[{"href":"https:\/\/roveyayinevi.com.tr\/index.php\/wp-json\/wp\/v2\/product\/738923","targetHints":{"allow":["GET"]}}],"collection":[{"href":"https:\/\/roveyayinevi.com.tr\/index.php\/wp-json\/wp\/v2\/product"}],"about":[{"href":"https:\/\/roveyayinevi.com.tr\/index.php\/wp-json\/wp\/v2\/types\/product"}],"wp:attachment":[{"href":"https:\/\/roveyayinevi.com.tr\/index.php\/wp-json\/wp\/v2\/media?parent=738923"}],"wp:term":[{"taxonomy":"product_brand","embeddable":true,"href":"https:\/\/roveyayinevi.com.tr\/index.php\/wp-json\/wp\/v2\/product_brand?post=738923"},{"taxonomy":"product_cat","embeddable":true,"href":"https:\/\/roveyayinevi.com.tr\/index.php\/wp-json\/wp\/v2\/product_cat?post=738923"},{"taxonomy":"product_tag","embeddable":true,"href":"https:\/\/roveyayinevi.com.tr\/index.php\/wp-json\/wp\/v2\/product_tag?post=738923"}],"curies":[{"name":"wp","href":"https:\/\/api.w.org\/{rel}","templated":true}]}}