{"id":738922,"date":"2025-08-27T23:59:53","date_gmt":"2025-08-27T20:59:53","guid":{"rendered":"https:\/\/roveyayinevi.com.tr\/index.php\/urun\/ozgurluk-ve-uyum\/"},"modified":"2026-04-16T02:49:17","modified_gmt":"2026-04-15T23:49:17","slug":"ozgurluk-ve-uyum","status":"publish","type":"product","link":"https:\/\/roveyayinevi.com.tr\/index.php\/urun\/ozgurluk-ve-uyum\/","title":{"rendered":"\u00d6zg\u00fcrl\u00fck ve Uyum"},"content":{"rendered":"<p>Hayat de\u011fi\u015fimdir; bir nehrin sular\u0131 hep akar, ancak ayn\u0131 molek\u00fcllerden olu\u015fmaz, insan fizyolojisinde bir saniyede milyonluk de\u011fi\u015fim olur; ba\u015fta bir ovum ve spermdir, bunlar birle\u015fip cenini olu\u015ftururlar. Ayn\u0131 molek\u00fcl ve tohumu i\u00e7erirler. Bir meyve ile a\u011fa\u00e7 birdir; tavuk yumurtadan, yumurta tavuktan olu\u015fur. Canl\u0131 ve cans\u0131z varl\u0131klar s\u00fcbjektiftir; canl\u0131 cans\u0131za d\u00f6n\u00fc\u015f\u00fcr, cans\u0131z da canl\u0131ya.&#8221; &#8220;Sorgulamak, d\u00fc\u015f\u00fcnmek, de\u011ferlendirmek kendili\u011fi de\u011fi\u015ftirir. De\u011fi\u015fim ya\u015fam\u0131n de\u011fi\u015fmeyen yasas\u0131d\u0131r. De\u011fi\u015fime kar\u015f\u0131 durmak; isteksizlik, at\u0131lacak ad\u0131mlara kar\u015f\u0131 ku\u015fkulu ve kayg\u0131l\u0131 olmakt\u0131r, de\u011fi\u015fime a\u00e7\u0131k olmak ise kendisi ad\u0131na karar verilmesine tepki g\u00f6stermektir. Bilinmeyen ormanda, cang\u0131llar aras\u0131nda yol almak gibi alg\u0131lanabilir bu. Mevcut rahatl\u0131\u011f\u0131 yok edebilir, kayadan a\u015fa\u011f\u0131 yuvarlayabilir. Bedel \u00f6demek gerekir korkusu ba\u015far\u0131y\u0131 da engeller. Ba\u015far\u0131y\u0131 istiyorsak, bedel \u00f6demeye haz\u0131r olmal\u0131y\u0131z.&#8221; &#8220;De\u011fi\u015fimci, fark yaratan, enerjik, antren\u00f6r, \u00e7aresizlik ko\u015fullanmalar\u0131ndan kurtulmu\u015f, s\u00fcr\u00fcc\u00fc biriysek ba\u015fkalar\u0131n\u0131 beraberimizde g\u00f6t\u00fcrebiliriz, i\u00e7imizde yer alan sakin ya da stresli; kuklac\u0131 ya da kukla, avc\u0131 ya da av, taz\u0131 ya da tav\u015fan\u0131 simgeleyen nesnelerden hangisini g\u00fc\u00e7lendirirsek o zafere ula\u015f\u0131r. Hayat\u0131m\u0131z boyunca i\u00e7imizde komisyonlar olu\u015fmakta, farkl\u0131 yetenekler ve se\u00e7enekleri tart\u0131\u015fmakta, bir karara varmakta ya da kaos olu\u015fturmaktad\u0131r. Bunlar\u0131 denetleyebilir, de\u011fi\u015fik alternatifler belirleyebilir, farkl\u0131 kararlar verilmesini sa\u011flayabiliriz. Bu durum ruh hali, i\u00e7 temsil ve deneyimleri anlamland\u0131rmak, g\u00fcc\u00fcm\u00fcz\u00fcn fark\u0131na varmak, kararlar\u0131m\u0131z\u0131 azimle takip etmekle ilgilidir.&#8221; Arif Ata&#8217;n\u0131n yeni kitab\u0131, de\u011fi\u015fim ve de\u011fi\u015fimin getiri ve g\u00f6t\u00fcr\u00fclerini tekrardan ele almam\u0131z\u0131 sa\u011flayacak fikirleri sunuyor bize. Bu fikirleri besleyen, arka planda duran ama asl\u0131nda bir arada olan \u00e7o\u011fu ko\u015fulu tekrardan g\u00f6zden ge\u00e7irmemize olanak sunuyor. De\u011fi\u015fim ve geli\u015fim, mevcut kal\u0131plar\u0131 y\u0131kmak ve yeni bir varolu\u015f tarz\u0131 olu\u015fturmak i\u00e7in at\u0131lmas\u0131 \u015fart olan ad\u0131mlard\u0131r. Sorgulamak ve \u015f\u00fcpheye d\u00fc\u015fmekle bunun ilk tohumlar\u0131 at\u0131l\u0131r. Bu tohumlar\u0131 b\u00fcy\u00fctmek i\u00e7in bu kitab\u0131 can suyu olarak g\u00f6rebilirsiniz. Hayat\u0131n\u0131z\u0131 g\u00fczel bir \u00e7i\u00e7e\u011fe d\u00f6n\u00fc\u015ft\u00fcrebilirsiniz.<\/p>\n","protected":false},"excerpt":{"rendered":"<p>Hayat de\u011fi\u015fimdir; bir nehrin sular\u0131 hep akar, ancak ayn\u0131 molek\u00fcllerden olu\u015fmaz, insan fizyolojisinde bir saniyede milyonluk de\u011fi\u015fim olur; ba\u015fta bir ovum ve spermdir, bunlar birle\u015fip cenini<span class=\"excerpt-hellip\"> [\u2026]<\/span><\/p>\n","protected":false},"featured_media":0,"template":"","meta":{"_monsterinsights_skip_tracking":false,"_monsterinsights_sitenote_active":false,"_monsterinsights_sitenote_note":"","_monsterinsights_sitenote_category":0},"product_brand":[],"product_cat":[14787,13488],"product_tag":[],"class_list":{"0":"post-738922","1":"product","2":"type-product","3":"status-publish","5":"product_cat-diger-toplum-ve-insan","6":"product_cat-toplum-ve-insan","7":"pa_cilt-ciltsiz","8":"pa_tur-kitap","9":"pa_yayinevi-herdem-kitap","10":"pa_yazar-arif-ata","12":"first","13":"instock","14":"sale","15":"shipping-taxable","16":"purchasable","17":"product-type-simple"},"_links":{"self":[{"href":"https:\/\/roveyayinevi.com.tr\/index.php\/wp-json\/wp\/v2\/product\/738922","targetHints":{"allow":["GET"]}}],"collection":[{"href":"https:\/\/roveyayinevi.com.tr\/index.php\/wp-json\/wp\/v2\/product"}],"about":[{"href":"https:\/\/roveyayinevi.com.tr\/index.php\/wp-json\/wp\/v2\/types\/product"}],"wp:attachment":[{"href":"https:\/\/roveyayinevi.com.tr\/index.php\/wp-json\/wp\/v2\/media?parent=738922"}],"wp:term":[{"taxonomy":"product_brand","embeddable":true,"href":"https:\/\/roveyayinevi.com.tr\/index.php\/wp-json\/wp\/v2\/product_brand?post=738922"},{"taxonomy":"product_cat","embeddable":true,"href":"https:\/\/roveyayinevi.com.tr\/index.php\/wp-json\/wp\/v2\/product_cat?post=738922"},{"taxonomy":"product_tag","embeddable":true,"href":"https:\/\/roveyayinevi.com.tr\/index.php\/wp-json\/wp\/v2\/product_tag?post=738922"}],"curies":[{"name":"wp","href":"https:\/\/api.w.org\/{rel}","templated":true}]}}